{"id":80702,"date":"2025-04-23T17:16:28","date_gmt":"2025-04-23T17:16:28","guid":{"rendered":"https:\/\/brandss.com.py\/index\/?post_type=product&#038;p=80702"},"modified":"2025-08-23T18:39:50","modified_gmt":"2025-08-23T18:39:50","slug":"perfume-femenino-brand-collection-dream-n-330-prive-gold-edp-25ml","status":"publish","type":"product","link":"https:\/\/brandss.com.py\/index\/producto\/perfume-femenino-brand-collection-dream-n-330-prive-gold-edp-25ml\/","title":{"rendered":"PERFUME FEMENINO BRAND COLLECTION DREAM N\u00b0 330 PRIVE GOLD EDP 25ML"},"content":{"rendered":"<p><img loading=\"lazy\" decoding=\"async\" class=\"\" src=\"https:\/\/brandcollectionperfume.com\/cdn\/shop\/files\/Untitled_design_1.png?v=1687781756&amp;width=500\" alt=\"Terms of Service \u2013 YouSmellSoGood\" width=\"116\" height=\"65\" \/><\/p>\n<h1>DREAM N\u00b0 330 PRIVE GOLD<\/h1>\n<p><span>Es una verdadera obra maestra de la perfumer\u00eda, dise\u00f1ada para quienes buscan algo excepcional en una fragancia. Este perfume irradia lujo y elegancia, con una composici\u00f3n olfativa que mezcla lo cl\u00e1sico con lo contempor\u00e1neo, creando una experiencia sensorial \u00fanica. Cada nota est\u00e1 dise\u00f1ada para encantar, atraer y dejar una impresi\u00f3n duradera, haciendo de este perfume una elecci\u00f3n impecable para las mujeres que quieren destacarse con refinamiento.<\/span><\/p>\n<p><span>La apertura <\/span><span>es una explosi\u00f3n de sofisticaci\u00f3n, con\u00a0<\/span>notas de rosas<span>\u00a0que exudan una intensa suavidad floral. La rosa, reconocida como la flor de la feminidad, es la protagonista de esta fragancia, ofreciendo un aroma delicado y atractivo, a la vez que transmite un aire de nobleza y elegancia. Estas notas de rosa no s\u00f3lo encantan, sino que tambi\u00e9n crean una base acogedora para la complejidad de las notas siguientes.<\/span><\/p>\n<p><span>En el coraz\u00f3n <\/span><span>emerge\u00a0<\/span>el pachul\u00ed<span>, aportando profundidad y misterio a la fragancia. El pachul\u00ed, con su aroma terroso y ex\u00f3tico, le da al perfume una capa de riqueza y sofisticaci\u00f3n. Forma un puente perfecto entre las notas florales de la rosa y las notas de fondo m\u00e1s intensas, aportando equilibrio y armon\u00eda a la composici\u00f3n olfativa. Esta combinaci\u00f3n de rosa y pachul\u00ed da como resultado una fragancia cautivadora que se despliega de forma envolvente a medida que el perfume se desarrolla sobre la piel.<\/span><\/p>\n<p><span>La base <\/span><span>es realmente fascinante, con\u00a0<\/span>incienso\u00a0y\u00a0resina de incienso<span>, que a\u00f1aden una dimensi\u00f3n oriental y misteriosa a la fragancia. Estas notas de fondo le dan al perfume un car\u00e1cter profundo y espiritual, creando una experiencia olfativa rica y compleja que permanece en la piel durante horas. El incienso, con su calidad ahumada y m\u00edstica, combina perfectamente con la resina de incienso, un ingrediente tradicionalmente asociado con la meditaci\u00f3n y el misticismo, creando una base que es a la vez acogedora e intrigante.<\/span><\/p>\n<p><span>El frasco<\/span><span>\u00a0es un fiel reflejo del lujo de la fragancia que contiene. Con sus l\u00edneas elegantes y dise\u00f1o exclusivo, destaca como un objeto de deseo. El l\u00edquido dorado brilla como oro l\u00edquido, enfatizando la preciosidad de la fragancia. La est\u00e9tica del frasco es sofisticada y minimalista, convirti\u00e9ndolo no s\u00f3lo en un perfume, sino tambi\u00e9n en un elemento decorativo que derrocha opulencia y buen gusto.<\/span><\/p>\n<p>330 Prive Gold<span>\u00a0es la elecci\u00f3n perfecta para ocasiones especiales, donde el refinamiento y la elegancia son esenciales. Ya sea para un evento de gala, una cena rom\u00e1ntica o incluso como regalo, esta fragancia es capaz de elevar cualquier momento. Es la m\u00e1xima expresi\u00f3n del lujo y la sofisticaci\u00f3n, ofreciendo a la mujer que lo lleva un aura de distinci\u00f3n y clase.<\/span><\/p>\n<h3>Notas Olfativas<\/h3>\n<p>330 Prive Gold<span> es una fragancia que encarna el lujo y la elegancia en cada nota. Su perfecto equilibrio entre floralidad, terrosidad y profundidad lo convierte en una opci\u00f3n ideal para mujeres que buscan destacar con estilo y sofisticaci\u00f3n. Al elegir<\/span> 330 Prive Gold<span>, no s\u00f3lo adquieres un perfume, sino tambi\u00e9n una experiencia sensorial inolvidable, una verdadera obra de arte de la perfumer\u00eda.<\/span><\/p>\n<p>&nbsp;<\/p>\n<p data-pm-slice=\"0 0 []\"><strong><span>Notas de salida:<\/span><\/strong><span> Notas de rosa.<\/span><\/p>\n<p><strong><span>Notas de coraz\u00f3n:<\/span><\/strong><span> Pachul\u00ed.<\/span><\/p>\n<p><strong><span>Notas de fondo:<\/span><\/strong><span>\u00a0Incienso y resina de incienso.<\/span><\/p>\n","protected":false},"excerpt":{"rendered":"<p>DREAM N\u00b0 330 PRIVE GOLD Es una verdadera obra maestra de la perfumer\u00eda, dise\u00f1ada para quienes buscan algo excepcional en<\/p>\n","protected":false},"featured_media":80703,"comment_status":"open","ping_status":"closed","template":"","meta":{"nf_dc_page":""},"product_brand":[],"product_cat":[84],"product_tag":[],"class_list":{"0":"post-80702","1":"product","2":"type-product","3":"status-publish","4":"has-post-thumbnail","6":"product_cat-perfumeria","8":"first","9":"instock","10":"shipping-taxable","11":"purchasable","12":"product-type-simple"},"_links":{"self":[{"href":"https:\/\/brandss.com.py\/index\/wp-json\/wp\/v2\/product\/80702","targetHints":{"allow":["GET"]}}],"collection":[{"href":"https:\/\/brandss.com.py\/index\/wp-json\/wp\/v2\/product"}],"about":[{"href":"https:\/\/brandss.com.py\/index\/wp-json\/wp\/v2\/types\/product"}],"replies":[{"embeddable":true,"href":"https:\/\/brandss.com.py\/index\/wp-json\/wp\/v2\/comments?post=80702"}],"version-history":[{"count":1,"href":"https:\/\/brandss.com.py\/index\/wp-json\/wp\/v2\/product\/80702\/revisions"}],"predecessor-version":[{"id":80705,"href":"https:\/\/brandss.com.py\/index\/wp-json\/wp\/v2\/product\/80702\/revisions\/80705"}],"wp:featuredmedia":[{"embeddable":true,"href":"https:\/\/brandss.com.py\/index\/wp-json\/wp\/v2\/media\/80703"}],"wp:attachment":[{"href":"https:\/\/brandss.com.py\/index\/wp-json\/wp\/v2\/media?parent=80702"}],"wp:term":[{"taxonomy":"product_brand","embeddable":true,"href":"https:\/\/brandss.com.py\/index\/wp-json\/wp\/v2\/product_brand?post=80702"},{"taxonomy":"product_cat","embeddable":true,"href":"https:\/\/brandss.com.py\/index\/wp-json\/wp\/v2\/product_cat?post=80702"},{"taxonomy":"product_tag","embeddable":true,"href":"https:\/\/brandss.com.py\/index\/wp-json\/wp\/v2\/product_tag?post=80702"}],"curies":[{"name":"wp","href":"https:\/\/api.w.org\/{rel}","templated":true}]}}