{"id":80719,"date":"2025-04-24T11:10:28","date_gmt":"2025-04-24T11:10:28","guid":{"rendered":"https:\/\/brandss.com.py\/index\/?post_type=product&#038;p=80719"},"modified":"2025-04-24T11:12:07","modified_gmt":"2025-04-24T11:12:07","slug":"bolso-de-mano-femenino-michael-kors-charlotte-grande-de-piel-saffiano-con-cierre-superior","status":"publish","type":"product","link":"https:\/\/brandss.com.py\/index\/producto\/bolso-de-mano-femenino-michael-kors-charlotte-grande-de-piel-saffiano-con-cierre-superior\/","title":{"rendered":"BOLSO DE MANO FEMENINO MICHAEL KORS CHARLOTTE GRANDE DE PIEL SAFFIANO CON CIERRE SUPERIOR"},"content":{"rendered":"<p><img loading=\"lazy\" decoding=\"async\" class=\"\" src=\"https:\/\/www.thewatchlab.co.uk\/wp-content\/uploads\/sites\/15\/2023\/02\/michael-kors-1.png\" alt=\"Michael kors symbol outlet\" width=\"94\" height=\"94\" \/><\/p>\n<h1>CHARLOTTE<\/h1>\n<div class=\"product-details-tabs__item\">\n<p><span>Nuestro bolso tote Charlotte de piel Saffiano es una adici\u00f3n atemporal a tu armario. Cuenta con dos bolsillos laterales para acceder r\u00e1pidamente a tu tel\u00e9fono y llaves, y su cierre de cremallera superior da paso a un espacioso interior dise\u00f1ado para guardar tus imprescindibles para un d\u00eda en la oficina, adem\u00e1s de una muda de ropa para el gimnasio. Un colgante desmontable le da el toque final a este bolso de mano con un atractivo atractivo.<\/span><\/p>\n<\/div>\n<div class=\"product-details-tabs__item\">\n<ul>\n<li><span>Bolso de mano.<\/span><\/li>\n<li>Piel Saffiano.<\/li>\n<li>100 % piel de curtidur\u00edas que cumplen con los m\u00e1s altos est\u00e1ndares de rendimiento medioambiental.<\/li>\n<li>Herrajes dorados.<\/li>\n<li>15\u201d de ancho x 10\u201d de alto x 4,75\u201d de profundidad.<\/li>\n<li>Ca\u00edda del asa: 10\u201d.<\/li>\n<li>Detalles exteriores: 2 bolsillos laterales.<\/li>\n<li>Detalles interiores: bolsillo trasero con cremallera.<\/li>\n<li>Forro: 100 % poli\u00e9ster.<\/li>\n<li>Cierre de cremallera.<\/li>\n<li>Bolsa guardapolvo no incluida.<\/li>\n<li>Importado.<\/li>\n<li>Color: Negro.<\/li>\n<li>Modelo: 35T0GCFT7L.<\/li>\n<\/ul>\n<\/div>\n","protected":false},"excerpt":{"rendered":"<p>CHARLOTTE Nuestro bolso tote Charlotte de piel Saffiano es una adici\u00f3n atemporal a tu armario. Cuenta con dos bolsillos laterales<\/p>\n","protected":false},"featured_media":80720,"comment_status":"open","ping_status":"closed","template":"","meta":{"nf_dc_page":""},"product_brand":[],"product_cat":[74],"product_tag":[],"class_list":{"0":"post-80719","1":"product","2":"type-product","3":"status-publish","4":"has-post-thumbnail","6":"product_cat-accesorios-fem","8":"first","9":"instock","10":"shipping-taxable","11":"purchasable","12":"product-type-simple"},"_links":{"self":[{"href":"https:\/\/brandss.com.py\/index\/wp-json\/wp\/v2\/product\/80719","targetHints":{"allow":["GET"]}}],"collection":[{"href":"https:\/\/brandss.com.py\/index\/wp-json\/wp\/v2\/product"}],"about":[{"href":"https:\/\/brandss.com.py\/index\/wp-json\/wp\/v2\/types\/product"}],"replies":[{"embeddable":true,"href":"https:\/\/brandss.com.py\/index\/wp-json\/wp\/v2\/comments?post=80719"}],"version-history":[{"count":1,"href":"https:\/\/brandss.com.py\/index\/wp-json\/wp\/v2\/product\/80719\/revisions"}],"predecessor-version":[{"id":80726,"href":"https:\/\/brandss.com.py\/index\/wp-json\/wp\/v2\/product\/80719\/revisions\/80726"}],"wp:featuredmedia":[{"embeddable":true,"href":"https:\/\/brandss.com.py\/index\/wp-json\/wp\/v2\/media\/80720"}],"wp:attachment":[{"href":"https:\/\/brandss.com.py\/index\/wp-json\/wp\/v2\/media?parent=80719"}],"wp:term":[{"taxonomy":"product_brand","embeddable":true,"href":"https:\/\/brandss.com.py\/index\/wp-json\/wp\/v2\/product_brand?post=80719"},{"taxonomy":"product_cat","embeddable":true,"href":"https:\/\/brandss.com.py\/index\/wp-json\/wp\/v2\/product_cat?post=80719"},{"taxonomy":"product_tag","embeddable":true,"href":"https:\/\/brandss.com.py\/index\/wp-json\/wp\/v2\/product_tag?post=80719"}],"curies":[{"name":"wp","href":"https:\/\/api.w.org\/{rel}","templated":true}]}}