{"id":80727,"date":"2025-04-24T12:43:42","date_gmt":"2025-04-24T12:43:42","guid":{"rendered":"https:\/\/brandss.com.py\/index\/?post_type=product&#038;p=80727"},"modified":"2025-04-24T12:47:46","modified_gmt":"2025-04-24T12:47:46","slug":"bolso-de-mano-femenino-michael-kors-charlotte-grande-de-piel-saffiano-con-cierre-superior-2","status":"publish","type":"product","link":"https:\/\/brandss.com.py\/index\/producto\/bolso-de-mano-femenino-michael-kors-charlotte-grande-de-piel-saffiano-con-cierre-superior-2\/","title":{"rendered":"BOLSO DE MANO FEMENINO MICHAEL KORS CHARLOTTE GRANDE DE PIEL SAFFIANO CON CIERRE SUPERIOR"},"content":{"rendered":"<div class=\"product-details-tabs__item\">\n<p><img loading=\"lazy\" decoding=\"async\" class=\"\" src=\"https:\/\/www.thewatchlab.co.uk\/wp-content\/uploads\/sites\/15\/2023\/02\/michael-kors-1.png\" alt=\"Michael kors symbol outlet\" width=\"112\" height=\"112\" \/><\/p>\n<h1>CHARLOTTE<\/h1>\n<p><span>Nuestro bolso tote Charlotte de lona y piel con estampado exclusivo es una incorporaci\u00f3n atemporal a tu armario. Cuenta con dos bolsillos laterales para acceder r\u00e1pidamente a tu tel\u00e9fono y llaves, y su cierre de cremallera superior da paso a un amplio interior dise\u00f1ado para guardar lo esencial para un d\u00eda en la oficina, adem\u00e1s de una muda de ropa para el gimnasio. Un colgante desmontable le da el toque final a este bolso de mano con un atractivo atractivo.<\/span><\/p>\n<\/div>\n<div class=\"product-details-tabs__item\">\n<ul>\n<li><span>Bolso de mano.<\/span><\/li>\n<li><span>Lona con estampado de logotipo.<\/span><\/li>\n<li><span>89,4 % lona revestida\/9,6 % poli\u00e9ster\/1 % poliuretano.<\/span><\/li>\n<li><span>Adorno: 100 % cuero.<\/span><\/li>\n<li><span>Herrajes dorados.<\/span><\/li>\n<li><span>38 cm de ancho x 25 cm de alto x 12 cm de profundidad.<\/span><\/li>\n<li><span>Longitud del asa: 25 cm.<\/span><\/li>\n<li><span>Detalles exteriores: 2 bolsillos laterales.<\/span><\/li>\n<li><span>Detalles interiores: bolsillo trasero con cremallera.<\/span><\/li>\n<li><span>Forro: 100 % poli\u00e9ster.<\/span><\/li>\n<li><span>Cierre con cremallera.<\/span><\/li>\n<li><span>Bolsa guardapolvo no incluida.<\/span><\/li>\n<li><span>Importado.<\/span><\/li>\n<li>Color: Vainilla.<\/li>\n<li>Modelo: 35T0GCFT3B.<\/li>\n<\/ul>\n<\/div>\n","protected":false},"excerpt":{"rendered":"<p>CHARLOTTE Nuestro bolso tote Charlotte de lona y piel con estampado exclusivo es una incorporaci\u00f3n atemporal a tu armario. Cuenta<\/p>\n","protected":false},"featured_media":80728,"comment_status":"open","ping_status":"closed","template":"","meta":{"nf_dc_page":""},"product_brand":[],"product_cat":[74],"product_tag":[],"class_list":{"0":"post-80727","1":"product","2":"type-product","3":"status-publish","4":"has-post-thumbnail","6":"product_cat-accesorios-fem","8":"first","9":"instock","10":"shipping-taxable","11":"purchasable","12":"product-type-simple"},"_links":{"self":[{"href":"https:\/\/brandss.com.py\/index\/wp-json\/wp\/v2\/product\/80727","targetHints":{"allow":["GET"]}}],"collection":[{"href":"https:\/\/brandss.com.py\/index\/wp-json\/wp\/v2\/product"}],"about":[{"href":"https:\/\/brandss.com.py\/index\/wp-json\/wp\/v2\/types\/product"}],"replies":[{"embeddable":true,"href":"https:\/\/brandss.com.py\/index\/wp-json\/wp\/v2\/comments?post=80727"}],"version-history":[{"count":1,"href":"https:\/\/brandss.com.py\/index\/wp-json\/wp\/v2\/product\/80727\/revisions"}],"predecessor-version":[{"id":80733,"href":"https:\/\/brandss.com.py\/index\/wp-json\/wp\/v2\/product\/80727\/revisions\/80733"}],"wp:featuredmedia":[{"embeddable":true,"href":"https:\/\/brandss.com.py\/index\/wp-json\/wp\/v2\/media\/80728"}],"wp:attachment":[{"href":"https:\/\/brandss.com.py\/index\/wp-json\/wp\/v2\/media?parent=80727"}],"wp:term":[{"taxonomy":"product_brand","embeddable":true,"href":"https:\/\/brandss.com.py\/index\/wp-json\/wp\/v2\/product_brand?post=80727"},{"taxonomy":"product_cat","embeddable":true,"href":"https:\/\/brandss.com.py\/index\/wp-json\/wp\/v2\/product_cat?post=80727"},{"taxonomy":"product_tag","embeddable":true,"href":"https:\/\/brandss.com.py\/index\/wp-json\/wp\/v2\/product_tag?post=80727"}],"curies":[{"name":"wp","href":"https:\/\/api.w.org\/{rel}","templated":true}]}}