{"id":80742,"date":"2025-04-24T14:32:05","date_gmt":"2025-04-24T14:32:05","guid":{"rendered":"https:\/\/brandss.com.py\/index\/?post_type=product&#038;p=80742"},"modified":"2026-02-11T10:16:56","modified_gmt":"2026-02-11T10:16:56","slug":"bolso-bandolera-femenino-michael-kors-mirella-pequena-con-logotipo-exclusivo","status":"publish","type":"product","link":"https:\/\/brandss.com.py\/index\/producto\/bolso-bandolera-femenino-michael-kors-mirella-pequena-con-logotipo-exclusivo\/","title":{"rendered":"BOLSO BANDOLERA FEMENINO MICHAEL KORS MIRELLA PEQUE\u00d1A CON LOGOTIPO EXCLUSIVO"},"content":{"rendered":"<p><img loading=\"lazy\" decoding=\"async\" class=\"\" src=\"https:\/\/www.thewatchlab.co.uk\/wp-content\/uploads\/sites\/15\/2023\/02\/michael-kors-1.png\" alt=\"Michael kors symbol outlet\" width=\"112\" height=\"112\" \/><\/p>\n<h1>MIRELLA<\/h1>\n<div class=\"product-details-tabs__item\">\n<p>As\u00ed te dirijas a un evento durante el d\u00eda o solo est\u00e9s haciendo recados, el bolso Mirella se adaptar\u00e1 a la ocasi\u00f3n. Coloca todos tus art\u00edculos esenciales en este encantador bolso tote peque\u00f1o, que puedes llevar por las asas superiores o usarlo como bandolera, gracias a la tira tejida para el hombro. Confeccionado a partir de nuestra lona con estampado de logotipo exclusivo y nuestras emblem\u00e1ticas letras y dije, este bolso es una manera confiable de realzar cualquier atuendo.<\/p>\n<\/div>\n<div class=\"product-details-tabs__item\">\n<ul>\n<li>Bandolera.<\/li>\n<li>Lona con estampado de logotipo.<\/li>\n<li>89.4% lona revestida\/9.6% poli\u00e9ster\/1% poliuretano.<\/li>\n<li>Ribete 1: 60% poliuretano\/20% algod\u00f3n\/20% poli\u00e9ster.<\/li>\n<li>Ribete 2: 85% acr\u00edlico\/15% poli\u00e9ster.<\/li>\n<li>Apliques en tono plateado.<\/li>\n<li>9.25\u201d de ancho X 7.75\u201d de alto X 3.75\u201d de profundidad.<\/li>\n<li>Longitud del asa: 3.25\u201d.<\/li>\n<li>Tira ajustable: 20.25\u201d-23.75\u201d.<\/li>\n<li>Detalles interiores: bolsillo trasero.<\/li>\n<li>Forro: 100% poli\u00e9ster.<\/li>\n<li>Cierre con cremallera.<\/li>\n<li>Funda protectora no incluida.<\/li>\n<li>Producto importado.<\/li>\n<li>Color: Azul.<\/li>\n<li>Modelo: 35R5S7ZT1B1587.<\/li>\n<\/ul>\n<\/div>\n","protected":false},"excerpt":{"rendered":"<p>MIRELLA As\u00ed te dirijas a un evento durante el d\u00eda o solo est\u00e9s haciendo recados, el bolso Mirella se adaptar\u00e1<\/p>\n","protected":false},"featured_media":80743,"comment_status":"open","ping_status":"closed","template":"","meta":{"nf_dc_page":""},"product_brand":[],"product_cat":[74],"product_tag":[],"class_list":{"0":"post-80742","1":"product","2":"type-product","3":"status-publish","4":"has-post-thumbnail","6":"product_cat-accesorios-fem","8":"first","9":"instock","10":"shipping-taxable","11":"purchasable","12":"product-type-simple"},"_links":{"self":[{"href":"https:\/\/brandss.com.py\/index\/wp-json\/wp\/v2\/product\/80742","targetHints":{"allow":["GET"]}}],"collection":[{"href":"https:\/\/brandss.com.py\/index\/wp-json\/wp\/v2\/product"}],"about":[{"href":"https:\/\/brandss.com.py\/index\/wp-json\/wp\/v2\/types\/product"}],"replies":[{"embeddable":true,"href":"https:\/\/brandss.com.py\/index\/wp-json\/wp\/v2\/comments?post=80742"}],"version-history":[{"count":1,"href":"https:\/\/brandss.com.py\/index\/wp-json\/wp\/v2\/product\/80742\/revisions"}],"predecessor-version":[{"id":80750,"href":"https:\/\/brandss.com.py\/index\/wp-json\/wp\/v2\/product\/80742\/revisions\/80750"}],"wp:featuredmedia":[{"embeddable":true,"href":"https:\/\/brandss.com.py\/index\/wp-json\/wp\/v2\/media\/80743"}],"wp:attachment":[{"href":"https:\/\/brandss.com.py\/index\/wp-json\/wp\/v2\/media?parent=80742"}],"wp:term":[{"taxonomy":"product_brand","embeddable":true,"href":"https:\/\/brandss.com.py\/index\/wp-json\/wp\/v2\/product_brand?post=80742"},{"taxonomy":"product_cat","embeddable":true,"href":"https:\/\/brandss.com.py\/index\/wp-json\/wp\/v2\/product_cat?post=80742"},{"taxonomy":"product_tag","embeddable":true,"href":"https:\/\/brandss.com.py\/index\/wp-json\/wp\/v2\/product_tag?post=80742"}],"curies":[{"name":"wp","href":"https:\/\/api.w.org\/{rel}","templated":true}]}}