{"id":80765,"date":"2025-04-24T18:48:56","date_gmt":"2025-04-24T18:48:56","guid":{"rendered":"https:\/\/brandss.com.py\/index\/?post_type=product&#038;p=80765"},"modified":"2025-06-16T18:48:21","modified_gmt":"2025-06-16T18:48:21","slug":"bolso-bandolera-femenino-michael-kors-jet-set-travel-mediano-tipo-cupula-con-logotipo-2","status":"publish","type":"product","link":"https:\/\/brandss.com.py\/index\/producto\/bolso-bandolera-femenino-michael-kors-jet-set-travel-mediano-tipo-cupula-con-logotipo-2\/","title":{"rendered":"BOLSO BANDOLERA FEMENINO MICHAEL KORS JET SET TRAVEL MEDIANO TIPO C\u00daPULA CON LOGOTIPO"},"content":{"rendered":"<p><img loading=\"lazy\" decoding=\"async\" class=\"\" src=\"https:\/\/www.thewatchlab.co.uk\/wp-content\/uploads\/sites\/15\/2023\/02\/michael-kors-1.png\" alt=\"Michael kors symbol outlet\" width=\"138\" height=\"138\" \/><\/p>\n<h1>JET SET TRAVEL<\/h1>\n<div class=\"product-details-tabs__item\">\n<p>Esta bandolera te permite lucir un estilo exclusivo gracias a su dise\u00f1o en lona con estampado de logotipos y sus costuras decorativas superiores. La silueta estructurada tipo c\u00fapula se completa con una tira ajustable con ribete de cadena y un pr\u00e1ctico bolsillo trasero.<\/p>\n<\/div>\n<div class=\"product-details-tabs__item\">\n<ul>\n<li>Bandolera.<\/li>\n<li>Lona con estampado de logotipos.<\/li>\n<li>89.4% lona revestida\/9.6% poli\u00e9ster\/1% poliuretano.<\/li>\n<li>Apliques en tono dorado.<\/li>\n<li>8.5\u201d (anch.) x 6.75\u201d (alt.) x 3.5\u201d (prof.).<\/li>\n<li>Detalles exteriores: bolsillo trasero.<\/li>\n<li>Detalles interiores: bolsillo trasero con cremallera, bolsillo delantero.<\/li>\n<li>Forro: 100% poli\u00e9ster.<\/li>\n<li>Cierre con cremallera.<\/li>\n<li>Funda protectora no incluida.<\/li>\n<li>\u00a0Producto importado<\/li>\n<li>Color: Vainilla.<\/li>\n<li>Modelo: 35F1GTVC6BV<\/li>\n<\/ul>\n<\/div>\n","protected":false},"excerpt":{"rendered":"<p>JET SET TRAVEL Esta bandolera te permite lucir un estilo exclusivo gracias a su dise\u00f1o en lona con estampado de<\/p>\n","protected":false},"featured_media":80766,"comment_status":"open","ping_status":"closed","template":"","meta":{"nf_dc_page":""},"product_brand":[],"product_cat":[74],"product_tag":[],"class_list":{"0":"post-80765","1":"product","2":"type-product","3":"status-publish","4":"has-post-thumbnail","6":"product_cat-accesorios-fem","8":"first","9":"instock","10":"shipping-taxable","11":"purchasable","12":"product-type-simple"},"_links":{"self":[{"href":"https:\/\/brandss.com.py\/index\/wp-json\/wp\/v2\/product\/80765","targetHints":{"allow":["GET"]}}],"collection":[{"href":"https:\/\/brandss.com.py\/index\/wp-json\/wp\/v2\/product"}],"about":[{"href":"https:\/\/brandss.com.py\/index\/wp-json\/wp\/v2\/types\/product"}],"replies":[{"embeddable":true,"href":"https:\/\/brandss.com.py\/index\/wp-json\/wp\/v2\/comments?post=80765"}],"version-history":[{"count":1,"href":"https:\/\/brandss.com.py\/index\/wp-json\/wp\/v2\/product\/80765\/revisions"}],"predecessor-version":[{"id":80772,"href":"https:\/\/brandss.com.py\/index\/wp-json\/wp\/v2\/product\/80765\/revisions\/80772"}],"wp:featuredmedia":[{"embeddable":true,"href":"https:\/\/brandss.com.py\/index\/wp-json\/wp\/v2\/media\/80766"}],"wp:attachment":[{"href":"https:\/\/brandss.com.py\/index\/wp-json\/wp\/v2\/media?parent=80765"}],"wp:term":[{"taxonomy":"product_brand","embeddable":true,"href":"https:\/\/brandss.com.py\/index\/wp-json\/wp\/v2\/product_brand?post=80765"},{"taxonomy":"product_cat","embeddable":true,"href":"https:\/\/brandss.com.py\/index\/wp-json\/wp\/v2\/product_cat?post=80765"},{"taxonomy":"product_tag","embeddable":true,"href":"https:\/\/brandss.com.py\/index\/wp-json\/wp\/v2\/product_tag?post=80765"}],"curies":[{"name":"wp","href":"https:\/\/api.w.org\/{rel}","templated":true}]}}