{"id":80802,"date":"2025-04-25T17:35:50","date_gmt":"2025-04-25T17:35:50","guid":{"rendered":"https:\/\/brandss.com.py\/index\/?post_type=product&#038;p=80802"},"modified":"2025-08-16T19:18:58","modified_gmt":"2025-08-16T19:18:58","slug":"bolso-de-mano-femenino-guess-bordizzo-cream","status":"publish","type":"product","link":"https:\/\/brandss.com.py\/index\/producto\/bolso-de-mano-femenino-guess-bordizzo-cream\/","title":{"rendered":"BOLSO DE MANO FEMENINO GUESS BORDIZZO CREAM"},"content":{"rendered":"<p><img loading=\"lazy\" decoding=\"async\" class=\"\" src=\"https:\/\/logowik.com\/content\/uploads\/images\/guess-with-register-sign2174.logowik.com.webp\" alt=\"Guess with Register Sign Logo PNG vector in SVG, PDF, AI, CDR format\" width=\"88\" height=\"66\" \/><\/p>\n<h1>BORDIZZO<\/h1>\n<ul data-start=\"398\" data-end=\"610\">\n<li class=\"\" data-start=\"398\" data-end=\"486\">\n<p class=\"\" data-start=\"400\" data-end=\"486\">Parte frontal con entramado de tiras anchas tejidas, dando un look moderno y artesanal<\/p>\n<\/li>\n<li class=\"\" data-start=\"487\" data-end=\"571\">\n<p class=\"\" data-start=\"489\" data-end=\"571\">Logo met\u00e1lico de <strong data-start=\"506\" data-end=\"527\">GUESS Los Angeles<\/strong> en tono dorado en la parte baja delantera<\/p>\n<\/li>\n<li class=\"\" data-start=\"572\" data-end=\"610\">\n<p class=\"\" data-start=\"574\" data-end=\"610\">Costuras finas y detalles cuidados<\/p>\n<\/li>\n<\/ul>\n<p class=\"\" data-start=\"612\" data-end=\"635\"><strong data-start=\"615\" data-end=\"632\">Asas y correa<\/strong>:<\/p>\n<ul data-start=\"636\" data-end=\"837\">\n<li class=\"\" data-start=\"636\" data-end=\"674\">\n<p class=\"\" data-start=\"638\" data-end=\"674\">Dos asas cortas para llevar a mano<\/p>\n<\/li>\n<li class=\"\" data-start=\"675\" data-end=\"750\">\n<p class=\"\" data-start=\"677\" data-end=\"750\">Correa larga ajustable y desmontable para usar como bandolera o cruzado<\/p>\n<\/li>\n<li class=\"\" data-start=\"751\" data-end=\"837\">\n<p class=\"\" data-start=\"753\" data-end=\"837\">Detalles en color marr\u00f3n oscuro en los bordes de la correa para contraste elegante<\/p>\n<\/li>\n<\/ul>\n<p class=\"\" data-start=\"839\" data-end=\"911\"><strong data-start=\"842\" data-end=\"864\">Herrajes met\u00e1licos<\/strong>: Dorados, que refuerzan el toque sofisticado<\/p>\n<p class=\"\" data-start=\"913\" data-end=\"929\"><strong data-start=\"916\" data-end=\"926\">Estilo<\/strong>:<\/p>\n<ul data-start=\"930\" data-end=\"1044\">\n<li class=\"\" data-start=\"930\" data-end=\"966\">\n<p class=\"\" data-start=\"932\" data-end=\"966\">Minimalista, refinado y femenino<\/p>\n<\/li>\n<li class=\"\" data-start=\"967\" data-end=\"1044\">\n<p class=\"\" data-start=\"969\" data-end=\"1044\">Ideal para looks casuales elegantes, de oficina o incluso eventos diurnos<\/p>\n<\/li>\n<\/ul>\n<h3 class=\"\" data-start=\"1051\" data-end=\"1075\">\u00bfC\u00f3mo combinarlo?<\/h3>\n<p class=\"\" data-start=\"1077\" data-end=\"1155\">Este color es s\u00faper vers\u00e1til y combina con casi todo, pero aqu\u00ed algunas ideas:<\/p>\n<ul data-start=\"1157\" data-end=\"1464\">\n<li class=\"\" data-start=\"1157\" data-end=\"1255\">\n<p class=\"\" data-start=\"1159\" data-end=\"1255\"><strong data-start=\"1159\" data-end=\"1175\">Look oficina<\/strong>: Blusa blanca, blazer camel, jeans rectos o pantal\u00f3n de vestir, mocasines nude.<\/p>\n<\/li>\n<li class=\"\" data-start=\"1256\" data-end=\"1358\">\n<p class=\"\" data-start=\"1258\" data-end=\"1358\"><strong data-start=\"1258\" data-end=\"1276\">Look rom\u00e1ntico<\/strong>: Vestido floral o en tonos pastel, sandalias de tac\u00f3n medio y accesorios dorados.<\/p>\n<\/li>\n<li class=\"\" data-start=\"1359\" data-end=\"1464\">\n<p class=\"\" data-start=\"1361\" data-end=\"1464\"><strong data-start=\"1361\" data-end=\"1381\">Look casual chic<\/strong>: Camiseta b\u00e1sica blanca, falda plisada beige o rosa empolvado, calzados blancos.<\/p>\n<\/li>\n<\/ul>\n","protected":false},"excerpt":{"rendered":"<p>BORDIZZO Parte frontal con entramado de tiras anchas tejidas, dando un look moderno y artesanal Logo met\u00e1lico de GUESS Los<\/p>\n","protected":false},"featured_media":80806,"comment_status":"open","ping_status":"closed","template":"","meta":{"nf_dc_page":""},"product_brand":[],"product_cat":[74],"product_tag":[],"class_list":{"0":"post-80802","1":"product","2":"type-product","3":"status-publish","4":"has-post-thumbnail","6":"product_cat-accesorios-fem","8":"first","9":"instock","10":"shipping-taxable","11":"purchasable","12":"product-type-simple"},"_links":{"self":[{"href":"https:\/\/brandss.com.py\/index\/wp-json\/wp\/v2\/product\/80802","targetHints":{"allow":["GET"]}}],"collection":[{"href":"https:\/\/brandss.com.py\/index\/wp-json\/wp\/v2\/product"}],"about":[{"href":"https:\/\/brandss.com.py\/index\/wp-json\/wp\/v2\/types\/product"}],"replies":[{"embeddable":true,"href":"https:\/\/brandss.com.py\/index\/wp-json\/wp\/v2\/comments?post=80802"}],"version-history":[{"count":1,"href":"https:\/\/brandss.com.py\/index\/wp-json\/wp\/v2\/product\/80802\/revisions"}],"predecessor-version":[{"id":80810,"href":"https:\/\/brandss.com.py\/index\/wp-json\/wp\/v2\/product\/80802\/revisions\/80810"}],"wp:featuredmedia":[{"embeddable":true,"href":"https:\/\/brandss.com.py\/index\/wp-json\/wp\/v2\/media\/80806"}],"wp:attachment":[{"href":"https:\/\/brandss.com.py\/index\/wp-json\/wp\/v2\/media?parent=80802"}],"wp:term":[{"taxonomy":"product_brand","embeddable":true,"href":"https:\/\/brandss.com.py\/index\/wp-json\/wp\/v2\/product_brand?post=80802"},{"taxonomy":"product_cat","embeddable":true,"href":"https:\/\/brandss.com.py\/index\/wp-json\/wp\/v2\/product_cat?post=80802"},{"taxonomy":"product_tag","embeddable":true,"href":"https:\/\/brandss.com.py\/index\/wp-json\/wp\/v2\/product_tag?post=80802"}],"curies":[{"name":"wp","href":"https:\/\/api.w.org\/{rel}","templated":true}]}}