{"id":80851,"date":"2025-04-25T18:40:48","date_gmt":"2025-04-25T18:40:48","guid":{"rendered":"https:\/\/brandss.com.py\/index\/?post_type=product&#038;p=80851"},"modified":"2025-08-23T12:54:11","modified_gmt":"2025-08-23T12:54:11","slug":"perfume-femenino-brand-collection-na-017-nina-25ml-edp","status":"publish","type":"product","link":"https:\/\/brandss.com.py\/index\/producto\/perfume-femenino-brand-collection-na-017-nina-25ml-edp\/","title":{"rendered":"PERFUME FEMENINO BRAND COLLECTION N\u00b0 017 NINA 25ML EDP"},"content":{"rendered":"<p><img loading=\"lazy\" decoding=\"async\" class=\"\" src=\"https:\/\/th.bing.com\/th\/id\/R.758f39212f6dd82b54262737a43128b4?rik=NPnWCOasRFu8Sg&amp;riu=http%3a%2f%2fbrandcollectionperfume.com%2fcdn%2fshop%2ffiles%2fUntitled_design_1.png%3fheight%3d628%26pad_color%3dffffff%26v%3d1687781756%26width%3d1200&amp;ehk=kS%2fn21O7V2AWrbq4OjG0iXkQF4DoYfCRb92QBbEFLx8%3d&amp;risl=&amp;pid=ImgRaw&amp;r=0\" alt=\"YouSmellSoGood\" width=\"346\" height=\"181\" \/><\/p>\n<h1>N\u00aa 017 NINA<\/h1>\n<p>Es una fragancia encantadora y sofisticada que despierta un sentimiento de romance y feminidad. Con una fusi\u00f3n \u00fanica de notas frutales y florales, este perfume ofrece una experiencia olfativa inmersiva y memorable.<br \/>\nCaracteriza por una explosi\u00f3n de frutas jugosas, como la manzana verde y el lim\u00f3n siciliano. Estas notas frescas y vibrantes aportan una energ\u00eda vigorizante a la fragancia, despertando los sentidos con su delicioso aroma.<br \/>\nDestaca la encantadora presencia de la peon\u00eda rosa y del jazm\u00edn blanco. Estas preciosas flores a\u00f1aden un toque rom\u00e1ntico y elegante a la fragancia, proporcionando una sensaci\u00f3n de feminidad y suavidad, sutiles notas amaderadas se mezclan con la dulzura del caramelo, creando una combinaci\u00f3n irresistible. Esta fusi\u00f3n de ingredientes le da una nota de sensualidad y profundidad a la fragancia, haci\u00e9ndola a\u00fan m\u00e1s cautivadora.<br \/>\nD\u00e9jate transportar a un mundo de romance y elegancia. Utilice este perfume en ocasiones especiales o en su vida diaria para sentirse seguro y atractivo.<br \/>\nsiempre estar\u00e1s lista para ganar corazones.<\/p>\n<p>Pir\u00e1mide olfativa<br \/>\nNotas de salida: lim\u00f3n de Amalfi y lima;<br \/>\nNotas de coraz\u00f3n: manzana Granny Smith, pralin\u00e9, peon\u00eda y datura;<br \/>\nNotas de fondo: manzano, almizcle y cedro de Virginia.<\/p>\n","protected":false},"excerpt":{"rendered":"<p>N\u00aa 017 NINA Es una fragancia encantadora y sofisticada que despierta un sentimiento de romance y feminidad. Con una fusi\u00f3n<\/p>\n","protected":false},"featured_media":80853,"comment_status":"open","ping_status":"closed","template":"","meta":{"nf_dc_page":""},"product_brand":[],"product_cat":[84],"product_tag":[],"class_list":{"0":"post-80851","1":"product","2":"type-product","3":"status-publish","4":"has-post-thumbnail","6":"product_cat-perfumeria","8":"first","9":"outofstock","10":"shipping-taxable","11":"purchasable","12":"product-type-simple"},"_links":{"self":[{"href":"https:\/\/brandss.com.py\/index\/wp-json\/wp\/v2\/product\/80851","targetHints":{"allow":["GET"]}}],"collection":[{"href":"https:\/\/brandss.com.py\/index\/wp-json\/wp\/v2\/product"}],"about":[{"href":"https:\/\/brandss.com.py\/index\/wp-json\/wp\/v2\/types\/product"}],"replies":[{"embeddable":true,"href":"https:\/\/brandss.com.py\/index\/wp-json\/wp\/v2\/comments?post=80851"}],"version-history":[{"count":2,"href":"https:\/\/brandss.com.py\/index\/wp-json\/wp\/v2\/product\/80851\/revisions"}],"predecessor-version":[{"id":88807,"href":"https:\/\/brandss.com.py\/index\/wp-json\/wp\/v2\/product\/80851\/revisions\/88807"}],"wp:featuredmedia":[{"embeddable":true,"href":"https:\/\/brandss.com.py\/index\/wp-json\/wp\/v2\/media\/80853"}],"wp:attachment":[{"href":"https:\/\/brandss.com.py\/index\/wp-json\/wp\/v2\/media?parent=80851"}],"wp:term":[{"taxonomy":"product_brand","embeddable":true,"href":"https:\/\/brandss.com.py\/index\/wp-json\/wp\/v2\/product_brand?post=80851"},{"taxonomy":"product_cat","embeddable":true,"href":"https:\/\/brandss.com.py\/index\/wp-json\/wp\/v2\/product_cat?post=80851"},{"taxonomy":"product_tag","embeddable":true,"href":"https:\/\/brandss.com.py\/index\/wp-json\/wp\/v2\/product_tag?post=80851"}],"curies":[{"name":"wp","href":"https:\/\/api.w.org\/{rel}","templated":true}]}}