{"id":80871,"date":"2025-04-26T11:15:16","date_gmt":"2025-04-26T11:15:16","guid":{"rendered":"https:\/\/brandss.com.py\/index\/?post_type=product&#038;p=80871"},"modified":"2026-02-13T11:00:10","modified_gmt":"2026-02-13T11:00:10","slug":"bolso-bandolera-femenino-guess-warlington-black","status":"publish","type":"product","link":"https:\/\/brandss.com.py\/index\/producto\/bolso-bandolera-femenino-guess-warlington-black\/","title":{"rendered":"BOLSO BANDOLERA FEMENINO GUESS WARLINGTON BLACK"},"content":{"rendered":"<p><img loading=\"lazy\" decoding=\"async\" class=\"\" src=\"https:\/\/logowik.com\/content\/uploads\/images\/guess-with-register-sign2174.logowik.com.webp\" alt=\"Guess with Register Sign Logo PNG vector in SVG, PDF, AI, CDR format\" width=\"129\" height=\"97\" \/><\/p>\n<h1>WARLINGTON<\/h1>\n<p>El bolso peque\u00f1o con logotipo de Guess es la elecci\u00f3n perfecta para la mujer moderna que busca un accesorio elegante y funcional. Con un dise\u00f1o sofisticado y un acabado en material sint\u00e9tico, este bolso combina estilo y durabilidad, ideal para cualquier ocasi\u00f3n, desde una salida casual hasta un evento m\u00e1s formal.<\/p>\n<p>Su interior forrado en tela cuenta con un bolsillo interno con cierre, proporcionando un espacio seguro para tus pertenencias esenciales. Las asas en color negro a\u00f1aden un toque de elegancia, mientras que el logo de la marca resalta su autenticidad y prestigio. Este bolso es una declaraci\u00f3n de moda que complementa cualquier atuendo.<\/p>\n<p>Dise\u00f1ado para la mujer que aprecia la calidad y el estilo, es un accesorio que no puede faltar en tu colecci\u00f3n. Su cierre asegura que tus objetos est\u00e9n protegidos, permiti\u00e9ndote disfrutar de tu d\u00eda con total tranquilidad. Con este bolso, cada detalle cuenta, haciendo que cada salida sea una experiencia \u00fanica.<\/p>\n<p><label class=\"description-and-detail__title mb-3\"><span>Detalles<\/span><\/label><\/p>\n<div class=\"description-and-detail__content\">\n<div class=\"details\">\n<div id=\"details-1\" class=\"js-content\">\n<ul class=\"pl-3\">\n<li><span>Bolso de piel sint\u00e9tica.<\/span><\/li>\n<li><span>Textura del grano.<\/span><\/li>\n<li><span>Herrajes en tono dorado p\u00e1lido con placa con el logotipo en la parte delantera.<\/span><\/li>\n<li><span>Bolsillo frontal exterior.<\/span><\/li>\n<li><span>Interior organizado con forro.<\/span><\/li>\n<li><span>Cierres de doble cremallera.<\/span><\/li>\n<li><span>Asa superior. <\/span><\/li>\n<li><span>Correa cruzada ajustable y extra\u00edble con cierre de seguridad.<\/span><\/li>\n<li><span>7,75&#8243; de ancho x 6&#8243; de alto x 3,5&#8243; de profundidad<\/span><\/li>\n<li>Color: Negro.<\/li>\n<li>Modelo: EG943512.<\/li>\n<\/ul>\n<\/div>\n<\/div>\n<\/div>\n","protected":false},"excerpt":{"rendered":"<p>WARLINGTON El bolso peque\u00f1o con logotipo de Guess es la elecci\u00f3n perfecta para la mujer moderna que busca un accesorio<\/p>\n","protected":false},"featured_media":80872,"comment_status":"open","ping_status":"closed","template":"","meta":{"nf_dc_page":""},"product_brand":[],"product_cat":[74],"product_tag":[],"class_list":{"0":"post-80871","1":"product","2":"type-product","3":"status-publish","4":"has-post-thumbnail","6":"product_cat-accesorios-fem","8":"first","9":"instock","10":"shipping-taxable","11":"purchasable","12":"product-type-simple"},"_links":{"self":[{"href":"https:\/\/brandss.com.py\/index\/wp-json\/wp\/v2\/product\/80871","targetHints":{"allow":["GET"]}}],"collection":[{"href":"https:\/\/brandss.com.py\/index\/wp-json\/wp\/v2\/product"}],"about":[{"href":"https:\/\/brandss.com.py\/index\/wp-json\/wp\/v2\/types\/product"}],"replies":[{"embeddable":true,"href":"https:\/\/brandss.com.py\/index\/wp-json\/wp\/v2\/comments?post=80871"}],"version-history":[{"count":1,"href":"https:\/\/brandss.com.py\/index\/wp-json\/wp\/v2\/product\/80871\/revisions"}],"predecessor-version":[{"id":80876,"href":"https:\/\/brandss.com.py\/index\/wp-json\/wp\/v2\/product\/80871\/revisions\/80876"}],"wp:featuredmedia":[{"embeddable":true,"href":"https:\/\/brandss.com.py\/index\/wp-json\/wp\/v2\/media\/80872"}],"wp:attachment":[{"href":"https:\/\/brandss.com.py\/index\/wp-json\/wp\/v2\/media?parent=80871"}],"wp:term":[{"taxonomy":"product_brand","embeddable":true,"href":"https:\/\/brandss.com.py\/index\/wp-json\/wp\/v2\/product_brand?post=80871"},{"taxonomy":"product_cat","embeddable":true,"href":"https:\/\/brandss.com.py\/index\/wp-json\/wp\/v2\/product_cat?post=80871"},{"taxonomy":"product_tag","embeddable":true,"href":"https:\/\/brandss.com.py\/index\/wp-json\/wp\/v2\/product_tag?post=80871"}],"curies":[{"name":"wp","href":"https:\/\/api.w.org\/{rel}","templated":true}]}}