{"id":80904,"date":"2025-04-26T14:49:18","date_gmt":"2025-04-26T14:49:18","guid":{"rendered":"https:\/\/brandss.com.py\/index\/?post_type=product&#038;p=80904"},"modified":"2025-08-23T13:54:23","modified_gmt":"2025-08-23T13:54:23","slug":"perfume-masculino-brand-collection-na-054-creed-aventus-25ml-edp","status":"publish","type":"product","link":"https:\/\/brandss.com.py\/index\/producto\/perfume-masculino-brand-collection-na-054-creed-aventus-25ml-edp\/","title":{"rendered":"PERFUME MASCULINO BRAND COLLECTION N\u00b0 054 CREED AVENTUS 25ML EDP"},"content":{"rendered":"<div class=\"box-title blue\"><\/div>\n<div><img loading=\"lazy\" decoding=\"async\" class=\"\" src=\"https:\/\/th.bing.com\/th\/id\/R.758f39212f6dd82b54262737a43128b4?rik=NPnWCOasRFu8Sg&amp;riu=http%3a%2f%2fbrandcollectionperfume.com%2fcdn%2fshop%2ffiles%2fUntitled_design_1.png%3fheight%3d628%26pad_color%3dffffff%26v%3d1687781756%26width%3d1200&amp;ehk=kS%2fn21O7V2AWrbq4OjG0iXkQF4DoYfCRb92QBbEFLx8%3d&amp;risl=&amp;pid=ImgRaw&amp;r=0\" alt=\"YouSmellSoGood\" width=\"415\" height=\"217\" \/><\/div>\n<h1>CREED AVENTUS<\/h1>\n<div class=\"block-paragraph\">Es una fragancia din\u00e1mica que captura la esencia del esp\u00edritu aventurero y la exploraci\u00f3n ilimitada. Con una estimulante combinaci\u00f3n de notas c\u00edtricas, verdes y amaderadas, esta fragancia es perfecta para hombres que quieren transmitir un aura de energ\u00eda y la apertura est\u00e1 marcada por refrescantes notas c\u00edtricas de bergamota y lim\u00f3n, que a\u00f1aden un toque de frescura y vivacidad a la fragancia. Luego, el coraz\u00f3n de la fragancia revela notas verdes de g\u00e1lbano y violeta, aportando una sensaci\u00f3n de libertad y conexi\u00f3n con la naturaleza.<\/p>\n<p>En el coraz\u00f3n destaca la llamativa presencia del vetiver y el cedro, que confieren a la fragancia una profundidad y sofisticaci\u00f3n notables. Estas notas se complementan con un suave toque de musgo de roble, creando una sensaci\u00f3n de aventura y exploraci\u00f3n.<br \/>\nEst\u00e1 compuesto por notas amaderadas de s\u00e1ndalo y \u00e1mbar, que aportan una durabilidad y masculinidad impresionantes a la fragancia. El toque final de musgo de roble a\u00f1ade una sensaci\u00f3n de misterio y salvajismo, dejando una impresi\u00f3n duradera.<\/p>\n<p>Experimenta la sensaci\u00f3n din\u00e1mica y emprende un viaje de aventura y libertad. Utiliza esta fragancia para expresar tu esp\u00edritu aventurero y transmitir tu energ\u00eda al mundo, te conviertes en la encarnaci\u00f3n de la energ\u00eda y la libertad.<\/p>\n<p>Notas de salida: Bergamota, manzana, pi\u00f1a y hojas de grosella negra.<\/p>\n<p>Notas de coraz\u00f3n: Enebro, pachul\u00ed y jazm\u00edn.<\/p>\n<p>Notas de fondo: Almizcle, \u00e1mbar, musgo de roble y vainilla.<\/p><\/div>\n","protected":false},"excerpt":{"rendered":"<p>CREED AVENTUS Es una fragancia din\u00e1mica que captura la esencia del esp\u00edritu aventurero y la exploraci\u00f3n ilimitada. Con una estimulante<\/p>\n","protected":false},"featured_media":80905,"comment_status":"open","ping_status":"closed","template":"","meta":{"nf_dc_page":""},"product_brand":[],"product_cat":[84],"product_tag":[],"class_list":{"0":"post-80904","1":"product","2":"type-product","3":"status-publish","4":"has-post-thumbnail","6":"product_cat-perfumeria","8":"first","9":"outofstock","10":"shipping-taxable","11":"purchasable","12":"product-type-simple"},"_links":{"self":[{"href":"https:\/\/brandss.com.py\/index\/wp-json\/wp\/v2\/product\/80904","targetHints":{"allow":["GET"]}}],"collection":[{"href":"https:\/\/brandss.com.py\/index\/wp-json\/wp\/v2\/product"}],"about":[{"href":"https:\/\/brandss.com.py\/index\/wp-json\/wp\/v2\/types\/product"}],"replies":[{"embeddable":true,"href":"https:\/\/brandss.com.py\/index\/wp-json\/wp\/v2\/comments?post=80904"}],"version-history":[{"count":2,"href":"https:\/\/brandss.com.py\/index\/wp-json\/wp\/v2\/product\/80904\/revisions"}],"predecessor-version":[{"id":88830,"href":"https:\/\/brandss.com.py\/index\/wp-json\/wp\/v2\/product\/80904\/revisions\/88830"}],"wp:featuredmedia":[{"embeddable":true,"href":"https:\/\/brandss.com.py\/index\/wp-json\/wp\/v2\/media\/80905"}],"wp:attachment":[{"href":"https:\/\/brandss.com.py\/index\/wp-json\/wp\/v2\/media?parent=80904"}],"wp:term":[{"taxonomy":"product_brand","embeddable":true,"href":"https:\/\/brandss.com.py\/index\/wp-json\/wp\/v2\/product_brand?post=80904"},{"taxonomy":"product_cat","embeddable":true,"href":"https:\/\/brandss.com.py\/index\/wp-json\/wp\/v2\/product_cat?post=80904"},{"taxonomy":"product_tag","embeddable":true,"href":"https:\/\/brandss.com.py\/index\/wp-json\/wp\/v2\/product_tag?post=80904"}],"curies":[{"name":"wp","href":"https:\/\/api.w.org\/{rel}","templated":true}]}}