{"id":80924,"date":"2025-04-28T12:30:08","date_gmt":"2025-04-28T12:30:08","guid":{"rendered":"https:\/\/brandss.com.py\/index\/?post_type=product&#038;p=80924"},"modified":"2026-03-19T16:25:49","modified_gmt":"2026-03-19T16:25:49","slug":"perfume-femenino-brand-collection-na-053-chloe-25ml-edp","status":"publish","type":"product","link":"https:\/\/brandss.com.py\/index\/producto\/perfume-femenino-brand-collection-na-053-chloe-25ml-edp\/","title":{"rendered":"PERFUME FEMENINO BRAND COLLECTION N\u00b0 053 CHLOE 25ML EDP"},"content":{"rendered":"<p><img loading=\"lazy\" decoding=\"async\" class=\"\" src=\"https:\/\/th.bing.com\/th\/id\/R.758f39212f6dd82b54262737a43128b4?rik=NPnWCOasRFu8Sg&amp;riu=http%3a%2f%2fbrandcollectionperfume.com%2fcdn%2fshop%2ffiles%2fUntitled_design_1.png%3fheight%3d628%26pad_color%3dffffff%26v%3d1687781756%26width%3d1200&amp;ehk=kS%2fn21O7V2AWrbq4OjG0iXkQF4DoYfCRb92QBbEFLx8%3d&amp;risl=&amp;pid=ImgRaw&amp;r=0\" alt=\"YouSmellSoGood\" width=\"604\" height=\"316\" \/><\/p>\n<h1>CHLOE<\/h1>\n<p>Es una delicada y encantadora reinterpretaci\u00f3n de la ic\u00f3nica fragancia de la casa Chlo\u00e9, dise\u00f1ada para resaltar la feminidad moderna con un toque de elegancia atemporal. Esta fragancia es una oda al esp\u00edritu libre, sofisticado y rom\u00e1ntico de la mujer contempor\u00e1nea.<\/p>\n<p>Desde el primer instante, envuelve los sentidos con una salida fresca y chispeante, donde se entrelazan suaves notas frutales que despiertan la curiosidad y preparan el escenario para el coraz\u00f3n floral que define su esencia. En el centro de esta creaci\u00f3n, la rosa \u2014eterna protagonista\u2014 se despliega en su m\u00e1xima expresi\u00f3n, acompa\u00f1ada de matices florales que evocan jardines en plena floraci\u00f3n. La composici\u00f3n se equilibra con un fondo c\u00e1lido y ligeramente empolvado que aporta profundidad, sensualidad y una estela envolvente que perdura con el paso de las horas.<\/p>\n<p>Perfecto para usar tanto de d\u00eda como de noche, este perfume se adapta a cada momento con naturalidad y encanto, no es solo una fragancia, sino una experiencia sensorial que habla de elegancia, sensibilidad y confianza.<\/p>\n<p>Ideal para mujeres que aprecian la belleza en los detalles, el romanticismo moderno y la frescura floral con un car\u00e1cter sofisticado, se convierte en el complemento ideal para destacar tu esencia \u00fanica.<\/p>\n<p>&nbsp;<\/p>\n","protected":false},"excerpt":{"rendered":"<p>CHLOE Es una delicada y encantadora reinterpretaci\u00f3n de la ic\u00f3nica fragancia de la casa Chlo\u00e9, dise\u00f1ada para resaltar la feminidad<\/p>\n","protected":false},"featured_media":80925,"comment_status":"open","ping_status":"closed","template":"","meta":{"nf_dc_page":""},"product_brand":[],"product_cat":[84],"product_tag":[],"class_list":{"0":"post-80924","1":"product","2":"type-product","3":"status-publish","4":"has-post-thumbnail","6":"product_cat-perfumeria","8":"first","9":"outofstock","10":"shipping-taxable","11":"purchasable","12":"product-type-simple"},"_links":{"self":[{"href":"https:\/\/brandss.com.py\/index\/wp-json\/wp\/v2\/product\/80924","targetHints":{"allow":["GET"]}}],"collection":[{"href":"https:\/\/brandss.com.py\/index\/wp-json\/wp\/v2\/product"}],"about":[{"href":"https:\/\/brandss.com.py\/index\/wp-json\/wp\/v2\/types\/product"}],"replies":[{"embeddable":true,"href":"https:\/\/brandss.com.py\/index\/wp-json\/wp\/v2\/comments?post=80924"}],"version-history":[{"count":2,"href":"https:\/\/brandss.com.py\/index\/wp-json\/wp\/v2\/product\/80924\/revisions"}],"predecessor-version":[{"id":88829,"href":"https:\/\/brandss.com.py\/index\/wp-json\/wp\/v2\/product\/80924\/revisions\/88829"}],"wp:featuredmedia":[{"embeddable":true,"href":"https:\/\/brandss.com.py\/index\/wp-json\/wp\/v2\/media\/80925"}],"wp:attachment":[{"href":"https:\/\/brandss.com.py\/index\/wp-json\/wp\/v2\/media?parent=80924"}],"wp:term":[{"taxonomy":"product_brand","embeddable":true,"href":"https:\/\/brandss.com.py\/index\/wp-json\/wp\/v2\/product_brand?post=80924"},{"taxonomy":"product_cat","embeddable":true,"href":"https:\/\/brandss.com.py\/index\/wp-json\/wp\/v2\/product_cat?post=80924"},{"taxonomy":"product_tag","embeddable":true,"href":"https:\/\/brandss.com.py\/index\/wp-json\/wp\/v2\/product_tag?post=80924"}],"curies":[{"name":"wp","href":"https:\/\/api.w.org\/{rel}","templated":true}]}}