{"id":80936,"date":"2025-04-28T12:36:46","date_gmt":"2025-04-28T12:36:46","guid":{"rendered":"https:\/\/brandss.com.py\/index\/?post_type=product&#038;p=80936"},"modified":"2025-08-23T13:56:02","modified_gmt":"2025-08-23T13:56:02","slug":"perfume-femenino-brand-collection-na-055-black-opium-25ml-edp","status":"publish","type":"product","link":"https:\/\/brandss.com.py\/index\/producto\/perfume-femenino-brand-collection-na-055-black-opium-25ml-edp\/","title":{"rendered":"PERFUME FEMENINO BRAND COLLECTION N\u00b0 055 BLACK OPIUM 25ML EDP"},"content":{"rendered":"<p><img loading=\"lazy\" decoding=\"async\" class=\"\" src=\"https:\/\/th.bing.com\/th\/id\/R.758f39212f6dd82b54262737a43128b4?rik=NPnWCOasRFu8Sg&amp;riu=http%3a%2f%2fbrandcollectionperfume.com%2fcdn%2fshop%2ffiles%2fUntitled_design_1.png%3fheight%3d628%26pad_color%3dffffff%26v%3d1687781756%26width%3d1200&amp;ehk=kS%2fn21O7V2AWrbq4OjG0iXkQF4DoYfCRb92QBbEFLx8%3d&amp;risl=&amp;pid=ImgRaw&amp;r=0\" alt=\"YouSmellSoGood\" width=\"461\" height=\"241\" \/><\/p>\n<h1>BLACK OPIUM<\/h1>\n<p>Es una fragancia audaz que captura la esencia de la adicci\u00f3n y la fascinaci\u00f3n. Con una combinaci\u00f3n embriagadora de notas orientales y gourmand, esta fragancia es perfecta para mujeres que desean transmitir un aura de audacia.<\/p>\n<p>La apertura est\u00e1 marcada por notas vibrantes de caf\u00e9, que a\u00f1aden un toque de energ\u00eda y vivacidad a la fragancia. Luego se revelan notas dulces y gourmand de vainilla, que aportan una feminidad audaz y un gran encanto a la composici\u00f3n.<\/p>\n<p>En el coraz\u00f3n, destaca la llamativa presencia del jazm\u00edn sambac, aportando profundidad floral y elegancia a la fragancia. Estas notas se complementan con acordes de pimienta rosa, que crean una sensaci\u00f3n de misterio y audacia, est\u00e1 compuesta por notas amaderadas de cedro, que aportan una fascinante durabilidad y profundidad a la fragancia. El toque final de pachul\u00ed a\u00f1ade una sensaci\u00f3n de lujo, dejando una impresi\u00f3n duradera, es audaz y moderna, con sus l\u00edneas suaves y acabado brillante que reflejan la audacia que celebra esta fragancia. El color negro del l\u00edquido transmite la intensidad de la fragancia.<\/p>\n<p>Experimenta la audaz sensaci\u00f3n y emprende un viaje de adicci\u00f3n y fascinaci\u00f3n. Usa esta fragancia para expresar tu audacia y transmitir tu esp\u00edritu al mundo, te conviertes en la encarnaci\u00f3n de la audacia.<\/p>\n<p>Notas de salida: Caf\u00e9, vainilla;<\/p>\n<p>Notas de coraz\u00f3n: jazm\u00edn sambac, pimienta rosa;<\/p>\n<p>Notas de fondo: cedro, pachul\u00ed.<\/p>\n","protected":false},"excerpt":{"rendered":"<p>BLACK OPIUM Es una fragancia audaz que captura la esencia de la adicci\u00f3n y la fascinaci\u00f3n. Con una combinaci\u00f3n embriagadora<\/p>\n","protected":false},"featured_media":80937,"comment_status":"open","ping_status":"closed","template":"","meta":{"nf_dc_page":""},"product_brand":[],"product_cat":[84],"product_tag":[],"class_list":{"0":"post-80936","1":"product","2":"type-product","3":"status-publish","4":"has-post-thumbnail","6":"product_cat-perfumeria","8":"first","9":"instock","10":"shipping-taxable","11":"purchasable","12":"product-type-simple"},"_links":{"self":[{"href":"https:\/\/brandss.com.py\/index\/wp-json\/wp\/v2\/product\/80936","targetHints":{"allow":["GET"]}}],"collection":[{"href":"https:\/\/brandss.com.py\/index\/wp-json\/wp\/v2\/product"}],"about":[{"href":"https:\/\/brandss.com.py\/index\/wp-json\/wp\/v2\/types\/product"}],"replies":[{"embeddable":true,"href":"https:\/\/brandss.com.py\/index\/wp-json\/wp\/v2\/comments?post=80936"}],"version-history":[{"count":2,"href":"https:\/\/brandss.com.py\/index\/wp-json\/wp\/v2\/product\/80936\/revisions"}],"predecessor-version":[{"id":88831,"href":"https:\/\/brandss.com.py\/index\/wp-json\/wp\/v2\/product\/80936\/revisions\/88831"}],"wp:featuredmedia":[{"embeddable":true,"href":"https:\/\/brandss.com.py\/index\/wp-json\/wp\/v2\/media\/80937"}],"wp:attachment":[{"href":"https:\/\/brandss.com.py\/index\/wp-json\/wp\/v2\/media?parent=80936"}],"wp:term":[{"taxonomy":"product_brand","embeddable":true,"href":"https:\/\/brandss.com.py\/index\/wp-json\/wp\/v2\/product_brand?post=80936"},{"taxonomy":"product_cat","embeddable":true,"href":"https:\/\/brandss.com.py\/index\/wp-json\/wp\/v2\/product_cat?post=80936"},{"taxonomy":"product_tag","embeddable":true,"href":"https:\/\/brandss.com.py\/index\/wp-json\/wp\/v2\/product_tag?post=80936"}],"curies":[{"name":"wp","href":"https:\/\/api.w.org\/{rel}","templated":true}]}}