{"id":80946,"date":"2025-04-28T13:04:48","date_gmt":"2025-04-28T13:04:48","guid":{"rendered":"https:\/\/brandss.com.py\/index\/?post_type=product&#038;p=80946"},"modified":"2025-08-23T14:01:59","modified_gmt":"2025-08-23T14:01:59","slug":"perfume-femenino-brand-collection-na-057-valentina-valentino-25ml-edp","status":"publish","type":"product","link":"https:\/\/brandss.com.py\/index\/producto\/perfume-femenino-brand-collection-na-057-valentina-valentino-25ml-edp\/","title":{"rendered":"PERFUME FEMENINO BRAND COLLECTION N\u00b0 057 VALENTINA VALENTINO EDP 25ML"},"content":{"rendered":"<p><img loading=\"lazy\" decoding=\"async\" class=\"\" src=\"https:\/\/th.bing.com\/th\/id\/R.758f39212f6dd82b54262737a43128b4?rik=NPnWCOasRFu8Sg&amp;riu=http%3a%2f%2fbrandcollectionperfume.com%2fcdn%2fshop%2ffiles%2fUntitled_design_1.png%3fheight%3d628%26pad_color%3dffffff%26v%3d1687781756%26width%3d1200&amp;ehk=kS%2fn21O7V2AWrbq4OjG0iXkQF4DoYfCRb92QBbEFLx8%3d&amp;risl=&amp;pid=ImgRaw&amp;r=0\" alt=\"YouSmellSoGood\" width=\"581\" height=\"304\" \/><\/p>\n<h1>VALENTINA VALENTINO<\/h1>\n<p>Es una verdadera obra maestra que celebra a la mujer moderna en toda su complejidad. Creada por los reconocidos perfumistas Olivier Cresp y Alberto Morillas, Valentina Valentino destaca por ser m\u00e1s que un perfume, siendo una intensa expresi\u00f3n de elegancia y audacia, fusionando elementos inusuales de una manera \u00fanica. Con su composici\u00f3n de notas orientales y florales, encanta desde el primer encuentro con sus matices frescos y sofisticados.<\/p>\n<p>El perfume se abre con una explosi\u00f3n de frescura, procedente de la bergamota de Calabria, que aporta una energ\u00eda vibrante y radiante a la fragancia. Este toque c\u00edtrico y luminoso se fusiona con la trufa blanca de Alba, una nota atrevida y sorprendente que aporta una sutil sofisticaci\u00f3n al perfume. Esta combinaci\u00f3n de frescura y elegancia comienza a formar el car\u00e1cter de Valentina Valentino, mientras prepara la nariz para el desarrollo m\u00e1s profundo y floral que sigue.<br \/>\nNo es s\u00f3lo una fragancia, sino una verdadera expresi\u00f3n de la mujer contempor\u00e1nea, que lleva en su esencia una mezcla de fuerza y \u200b\u200bsuavidad, audacia y delicadeza. Valentina Valentino es una invitaci\u00f3n a que la mujer viva y se entregue a sus propios contrastes, dejando que su personalidad \u00fanica se refleje en cada spray. Es la fragancia ideal para las mujeres que no tienen miedo de mostrar qui\u00e9nes son realmente, que buscan algo que vaya m\u00e1s all\u00e1 de lo com\u00fan y que quieren destacar con elegancia y actitud.<\/p>\n<p>Pir\u00e1mide olfativa<\/p>\n<p>Notas de salida: Bergamota de Calabria y Trufas Blancas de Alba;<\/p>\n<p>Notas de Coraz\u00f3n: Jazm\u00edn, Flor del Naranjo Africano, Nardos y Fresa Silvestre;<\/p>\n<p>Notas de fondo: cedro de Virginia, \u00e1mbar y vainilla.<\/p>\n","protected":false},"excerpt":{"rendered":"<p>VALENTINA VALENTINO Es una verdadera obra maestra que celebra a la mujer moderna en toda su complejidad. Creada por los<\/p>\n","protected":false},"featured_media":80956,"comment_status":"open","ping_status":"closed","template":"","meta":{"nf_dc_page":""},"product_brand":[],"product_cat":[84],"product_tag":[],"class_list":{"0":"post-80946","1":"product","2":"type-product","3":"status-publish","4":"has-post-thumbnail","6":"product_cat-perfumeria","8":"first","9":"instock","10":"shipping-taxable","11":"purchasable","12":"product-type-simple"},"_links":{"self":[{"href":"https:\/\/brandss.com.py\/index\/wp-json\/wp\/v2\/product\/80946","targetHints":{"allow":["GET"]}}],"collection":[{"href":"https:\/\/brandss.com.py\/index\/wp-json\/wp\/v2\/product"}],"about":[{"href":"https:\/\/brandss.com.py\/index\/wp-json\/wp\/v2\/types\/product"}],"replies":[{"embeddable":true,"href":"https:\/\/brandss.com.py\/index\/wp-json\/wp\/v2\/comments?post=80946"}],"version-history":[{"count":4,"href":"https:\/\/brandss.com.py\/index\/wp-json\/wp\/v2\/product\/80946\/revisions"}],"predecessor-version":[{"id":88835,"href":"https:\/\/brandss.com.py\/index\/wp-json\/wp\/v2\/product\/80946\/revisions\/88835"}],"wp:featuredmedia":[{"embeddable":true,"href":"https:\/\/brandss.com.py\/index\/wp-json\/wp\/v2\/media\/80956"}],"wp:attachment":[{"href":"https:\/\/brandss.com.py\/index\/wp-json\/wp\/v2\/media?parent=80946"}],"wp:term":[{"taxonomy":"product_brand","embeddable":true,"href":"https:\/\/brandss.com.py\/index\/wp-json\/wp\/v2\/product_brand?post=80946"},{"taxonomy":"product_cat","embeddable":true,"href":"https:\/\/brandss.com.py\/index\/wp-json\/wp\/v2\/product_cat?post=80946"},{"taxonomy":"product_tag","embeddable":true,"href":"https:\/\/brandss.com.py\/index\/wp-json\/wp\/v2\/product_tag?post=80946"}],"curies":[{"name":"wp","href":"https:\/\/api.w.org\/{rel}","templated":true}]}}