{"id":80961,"date":"2025-04-28T13:11:23","date_gmt":"2025-04-28T13:11:23","guid":{"rendered":"https:\/\/brandss.com.py\/index\/?post_type=product&#038;p=80961"},"modified":"2026-03-14T11:26:01","modified_gmt":"2026-03-14T11:26:01","slug":"perfume-femenino-brand-collection-na-061-addict-to-pink-25ml-edp","status":"publish","type":"product","link":"https:\/\/brandss.com.py\/index\/producto\/perfume-femenino-brand-collection-na-061-addict-to-pink-25ml-edp\/","title":{"rendered":"PERFUME FEMENINO BRAND COLLECTION N\u00b0 061 ADDICT TO PINK EDP 25ML"},"content":{"rendered":"<p><img loading=\"lazy\" decoding=\"async\" class=\"\" src=\"https:\/\/th.bing.com\/th\/id\/R.758f39212f6dd82b54262737a43128b4?rik=NPnWCOasRFu8Sg&amp;riu=http%3a%2f%2fbrandcollectionperfume.com%2fcdn%2fshop%2ffiles%2fUntitled_design_1.png%3fheight%3d628%26pad_color%3dffffff%26v%3d1687781756%26width%3d1200&amp;ehk=kS%2fn21O7V2AWrbq4OjG0iXkQF4DoYfCRb92QBbEFLx8%3d&amp;risl=&amp;pid=ImgRaw&amp;r=0\" alt=\"YouSmellSoGood\" width=\"474\" height=\"248\" \/><\/p>\n<h1>ADDICT TO PINK<\/h1>\n<div class=\"box-title blue\">Es una fragancia radiante y refrescante que captura la esencia de la juventud y la libertad. Con una viva combinaci\u00f3n de notas frutales y florales, esta fragancia es ideal para mujeres que desean expresar un aura de energ\u00eda y espontaneidad.<\/p>\n<p>Las notas de apertura est\u00e1n marcadas por notas frutales vibrantes, como naranja y pomelo, que a\u00f1aden un toque de frescura y vivacidad a la fragancia. Luego se revelan delicadas notas florales de fresia y lirio de los valles, aportando una ligereza radiante y una feminidad encantadora a la composici\u00f3n.<\/p>\n<p>En el coraz\u00f3n, destaca la sorprendente presencia de la flor de loto, que envuelve los sentidos y a\u00f1ade un toque de serenidad y pureza a la fragancia. Esta nota se complementa con acordes de pi\u00f1a, creando una sensaci\u00f3n de alegr\u00eda y vivacidad.<\/p>\n<p>La base est\u00e1 compuesta por notas amaderadas de cedro y s\u00e1ndalo, que le dan a la fragancia una suavidad y profundidad encantadoras. El toque final de almizcle blanco aporta una sensaci\u00f3n de frescura y limpieza, dejando una impresi\u00f3n duradera, reflejan la juventud y la libertad que celebra esta fragancia. El tap\u00f3n plateado a\u00f1ade un toque de sofisticaci\u00f3n, complementando la esencia de la mujer Dior Addict 2.<\/p>\n<p>Experimenta la sensaci\u00f3n refrescante y emprende un viaje de juventud y libertad. Usa esta fragancia para celebrar tu energ\u00eda y transmitir tu esp\u00edritu espont\u00e1neo al mundo.<\/p>\n<p>Notas de salida: naranja, pomelo;<\/p>\n<p>Notas de coraz\u00f3n: Fresia, lirio de los valles, flor de loto, pi\u00f1a;<\/p>\n<p>Notas de fondo: cedro, s\u00e1ndalo, almizcle blanco.<\/p><\/div>\n","protected":false},"excerpt":{"rendered":"<p>ADDICT TO PINK Es una fragancia radiante y refrescante que captura la esencia de la juventud y la libertad. Con<\/p>\n","protected":false},"featured_media":80962,"comment_status":"open","ping_status":"closed","template":"","meta":{"nf_dc_page":""},"product_brand":[],"product_cat":[84],"product_tag":[],"class_list":{"0":"post-80961","1":"product","2":"type-product","3":"status-publish","4":"has-post-thumbnail","6":"product_cat-perfumeria","8":"first","9":"outofstock","10":"shipping-taxable","11":"purchasable","12":"product-type-simple"},"_links":{"self":[{"href":"https:\/\/brandss.com.py\/index\/wp-json\/wp\/v2\/product\/80961","targetHints":{"allow":["GET"]}}],"collection":[{"href":"https:\/\/brandss.com.py\/index\/wp-json\/wp\/v2\/product"}],"about":[{"href":"https:\/\/brandss.com.py\/index\/wp-json\/wp\/v2\/types\/product"}],"replies":[{"embeddable":true,"href":"https:\/\/brandss.com.py\/index\/wp-json\/wp\/v2\/comments?post=80961"}],"version-history":[{"count":2,"href":"https:\/\/brandss.com.py\/index\/wp-json\/wp\/v2\/product\/80961\/revisions"}],"predecessor-version":[{"id":88836,"href":"https:\/\/brandss.com.py\/index\/wp-json\/wp\/v2\/product\/80961\/revisions\/88836"}],"wp:featuredmedia":[{"embeddable":true,"href":"https:\/\/brandss.com.py\/index\/wp-json\/wp\/v2\/media\/80962"}],"wp:attachment":[{"href":"https:\/\/brandss.com.py\/index\/wp-json\/wp\/v2\/media?parent=80961"}],"wp:term":[{"taxonomy":"product_brand","embeddable":true,"href":"https:\/\/brandss.com.py\/index\/wp-json\/wp\/v2\/product_brand?post=80961"},{"taxonomy":"product_cat","embeddable":true,"href":"https:\/\/brandss.com.py\/index\/wp-json\/wp\/v2\/product_cat?post=80961"},{"taxonomy":"product_tag","embeddable":true,"href":"https:\/\/brandss.com.py\/index\/wp-json\/wp\/v2\/product_tag?post=80961"}],"curies":[{"name":"wp","href":"https:\/\/api.w.org\/{rel}","templated":true}]}}