{"id":80968,"date":"2025-04-28T13:21:43","date_gmt":"2025-04-28T13:21:43","guid":{"rendered":"https:\/\/brandss.com.py\/index\/?post_type=product&#038;p=80968"},"modified":"2025-08-23T12:55:48","modified_gmt":"2025-08-23T12:55:48","slug":"perfume-masculino-brand-collection-na-018-hugo-boss-just-edp-25ml","status":"publish","type":"product","link":"https:\/\/brandss.com.py\/index\/producto\/perfume-masculino-brand-collection-na-018-hugo-boss-just-edp-25ml\/","title":{"rendered":"PERFUME MASCULINO BRAND COLLECTION N\u00b0 018 HUGO BOSS JUST EDP 25ML"},"content":{"rendered":"<p><img loading=\"lazy\" decoding=\"async\" class=\"\" src=\"https:\/\/th.bing.com\/th\/id\/R.758f39212f6dd82b54262737a43128b4?rik=NPnWCOasRFu8Sg&amp;riu=http%3a%2f%2fbrandcollectionperfume.com%2fcdn%2fshop%2ffiles%2fUntitled_design_1.png%3fheight%3d628%26pad_color%3dffffff%26v%3d1687781756%26width%3d1200&amp;ehk=kS%2fn21O7V2AWrbq4OjG0iXkQF4DoYfCRb92QBbEFLx8%3d&amp;risl=&amp;pid=ImgRaw&amp;r=0\" alt=\"YouSmellSoGood\" width=\"566\" height=\"296\" \/><\/p>\n<h1>HUGO BOSS JUST<\/h1>\n<div class=\"box-title blue\">Esta cautivadora fragancia encapsula la esencia de un esp\u00edritu libre e inspirador, que desaf\u00eda las convenciones y abraza cada momento con entusiasmo.<\/p>\n<p>Desde las notas altas hasta las profundidades de las notas base, ofrece un viaje olfativo emocionante y envolvente. En las notas de salida, la menta fresca y la manzana Granny Smith se combinan para crear una explosi\u00f3n vigorizante de frescura, despertando los sentidos y preparando el escenario para lo que est\u00e1 por venir.<\/p>\n<p>En el coraz\u00f3n de una sinfon\u00eda de albahaca, fresia y cilantro revela una composici\u00f3n arom\u00e1tica a la vez estimulante y sofisticada. Estas notas le dan a la fragancia una profundidad intrigante, agregando una capa de complejidad que refleja la personalidad multifac\u00e9tica del hombre moderno.<br \/>\nsurgen notas de fondo de cachemira, pachul\u00ed, incienso y l\u00e1dano para crear una base s\u00f3lida y duradera. Estas notas amaderadas y resinosas a\u00f1aden una sensaci\u00f3n de calidez y misterio, dejando una estela inolvidable.<\/p>\n<p>Con su combinaci\u00f3n \u00fanica de c\u00edtricos vibrantes y especias sutiles, esta fragancia es una celebraci\u00f3n de la vida y la libertad de expresi\u00f3n. Su aroma cautivador y cautivador es una manifestaci\u00f3n de la personalidad vibrante de quienes eligen vivir cada momento con intensidad y autenticidad.<\/p>\n<p>D\u00e9jate transportar a un mundo de infinitas posibilidades con, donde cada spray es una invitaci\u00f3n a explorar nuevos horizontes y abrazar la vida con pasi\u00f3n y entusiasmo. Deja que esta fragancia \u00fanica sea tu compa\u00f1era en cada aventura, mientras abrazas cada d\u00eda con confianza y determinaci\u00f3n.<\/p>\n<p>Notas de salida: menta y manzana Granny Smith;<\/p>\n<p>Notas de Coraz\u00f3n: Albahaca, Fresia y Cilantro;<\/p>\n<p>Notas de fondo: cachemira, pachul\u00ed, incienso y l\u00e1dano.<\/p><\/div>\n","protected":false},"excerpt":{"rendered":"<p>HUGO BOSS JUST Esta cautivadora fragancia encapsula la esencia de un esp\u00edritu libre e inspirador, que desaf\u00eda las convenciones y<\/p>\n","protected":false},"featured_media":80970,"comment_status":"open","ping_status":"closed","template":"","meta":{"nf_dc_page":""},"product_brand":[],"product_cat":[84],"product_tag":[],"class_list":{"0":"post-80968","1":"product","2":"type-product","3":"status-publish","4":"has-post-thumbnail","6":"product_cat-perfumeria","8":"first","9":"outofstock","10":"shipping-taxable","11":"purchasable","12":"product-type-simple"},"_links":{"self":[{"href":"https:\/\/brandss.com.py\/index\/wp-json\/wp\/v2\/product\/80968","targetHints":{"allow":["GET"]}}],"collection":[{"href":"https:\/\/brandss.com.py\/index\/wp-json\/wp\/v2\/product"}],"about":[{"href":"https:\/\/brandss.com.py\/index\/wp-json\/wp\/v2\/types\/product"}],"replies":[{"embeddable":true,"href":"https:\/\/brandss.com.py\/index\/wp-json\/wp\/v2\/comments?post=80968"}],"version-history":[{"count":3,"href":"https:\/\/brandss.com.py\/index\/wp-json\/wp\/v2\/product\/80968\/revisions"}],"predecessor-version":[{"id":88808,"href":"https:\/\/brandss.com.py\/index\/wp-json\/wp\/v2\/product\/80968\/revisions\/88808"}],"wp:featuredmedia":[{"embeddable":true,"href":"https:\/\/brandss.com.py\/index\/wp-json\/wp\/v2\/media\/80970"}],"wp:attachment":[{"href":"https:\/\/brandss.com.py\/index\/wp-json\/wp\/v2\/media?parent=80968"}],"wp:term":[{"taxonomy":"product_brand","embeddable":true,"href":"https:\/\/brandss.com.py\/index\/wp-json\/wp\/v2\/product_brand?post=80968"},{"taxonomy":"product_cat","embeddable":true,"href":"https:\/\/brandss.com.py\/index\/wp-json\/wp\/v2\/product_cat?post=80968"},{"taxonomy":"product_tag","embeddable":true,"href":"https:\/\/brandss.com.py\/index\/wp-json\/wp\/v2\/product_tag?post=80968"}],"curies":[{"name":"wp","href":"https:\/\/api.w.org\/{rel}","templated":true}]}}