{"id":80973,"date":"2025-04-28T13:34:22","date_gmt":"2025-04-28T13:34:22","guid":{"rendered":"https:\/\/brandss.com.py\/index\/?post_type=product&#038;p=80973"},"modified":"2025-08-23T12:58:40","modified_gmt":"2025-08-23T12:58:40","slug":"perfume-femenino-na-019-paco-rabanne-black-edp-25ml","status":"publish","type":"product","link":"https:\/\/brandss.com.py\/index\/producto\/perfume-femenino-na-019-paco-rabanne-black-edp-25ml\/","title":{"rendered":"PERFUME FEMENINO BRAND COLLECTION N\u00b0 019 PACO RABANNE BLACK EDP 25ML"},"content":{"rendered":"<p><img loading=\"lazy\" decoding=\"async\" class=\"\" src=\"https:\/\/th.bing.com\/th\/id\/R.758f39212f6dd82b54262737a43128b4?rik=NPnWCOasRFu8Sg&amp;riu=http%3a%2f%2fbrandcollectionperfume.com%2fcdn%2fshop%2ffiles%2fUntitled_design_1.png%3fheight%3d628%26pad_color%3dffffff%26v%3d1687781756%26width%3d1200&amp;ehk=kS%2fn21O7V2AWrbq4OjG0iXkQF4DoYfCRb92QBbEFLx8%3d&amp;risl=&amp;pid=ImgRaw&amp;r=0\" alt=\"YouSmellSoGood\" width=\"602\" height=\"315\" \/><\/p>\n<h1>PACO RABANNE BLACK<\/h1>\n<div class=\"box-title blue\"><\/div>\n<div class=\"block-paragraph\">\n<p>Es una fragancia \u00fanica y audaz dise\u00f1ada para mujeres que buscan expresar confianza y autenticidad. Con una intrigante mezcla de notas florales y amaderadas, este perfume es una verdadera declaraci\u00f3n de fuerza y \u200b\u200blibertad. Cada componente de esta creaci\u00f3n ha sido cuidadosamente elaborado para brindar una experiencia sensorial inmersiva que refleja la personalidad de las mujeres modernas e intr\u00e9pidas que no temen destacarse.<\/p>\n<p>La primera impresi\u00f3n al utilizar el perfume es de frescura vibrante, aportada por la nota de ar\u00e1ndano. Esta explosi\u00f3n de fruta jugosa pronto se fusiona con la suavidad de las notas florales que siguen, creando una apertura refrescante y en\u00e9rgica. El ar\u00e1ndano aporta un toque juvenil y contempor\u00e1neo, mientras que las notas de rosa el\u00e9boro y flor de cacao, presentes en el coraz\u00f3n del perfume, a\u00f1aden profundidad y complejizas. La rosa el\u00e9boro, con su delicadeza \u00fanica, y la flor del cacao, con su toque misterioso y ex\u00f3tico, se equilibran perfectamente, ofreciendo una experiencia olfativa inolvidable.<br \/>\nLa madera de massoia aparece con su caracter\u00edstica amaderada, creando una base m\u00e1s rica e intensamente envolvente. Esta madera rara se combina con notas de pachul\u00ed y vainilla, creando un contraste interesante entre la suave dulzura de la vainilla y el toque terroso y vigoroso del pachul\u00ed. Este juego de contrastes hace que el perfume sea especialmente llamativo, con un aura de misterio e intensidad.<\/p>\n<p>La base del perfum\u00e9 est\u00e1 compuesta de s\u00e1ndalo y almizcle, que garantizan una durabilidad impresionante a la fragancia. El s\u00e1ndalo aporta una suavidad cremosa y amaderada, mientras que el almizcle a\u00f1ade una sensaci\u00f3n envolvente que dura todo el d\u00eda, haciendo que el perfume sea reconocible a cada paso. Las notas amaderadas y la intensidad de las bases hacen que este sea ideal para mujeres que desean una fragancia que sea a la vez sofisticada y atrevida.<\/p>\n<\/div>\n","protected":false},"excerpt":{"rendered":"<p>PACO RABANNE BLACK Es una fragancia \u00fanica y audaz dise\u00f1ada para mujeres que buscan expresar confianza y autenticidad. Con una<\/p>\n","protected":false},"featured_media":80975,"comment_status":"open","ping_status":"closed","template":"","meta":{"nf_dc_page":""},"product_brand":[],"product_cat":[84],"product_tag":[],"class_list":{"0":"post-80973","1":"product","2":"type-product","3":"status-publish","4":"has-post-thumbnail","6":"product_cat-perfumeria","8":"first","9":"instock","10":"shipping-taxable","11":"purchasable","12":"product-type-simple"},"_links":{"self":[{"href":"https:\/\/brandss.com.py\/index\/wp-json\/wp\/v2\/product\/80973","targetHints":{"allow":["GET"]}}],"collection":[{"href":"https:\/\/brandss.com.py\/index\/wp-json\/wp\/v2\/product"}],"about":[{"href":"https:\/\/brandss.com.py\/index\/wp-json\/wp\/v2\/types\/product"}],"replies":[{"embeddable":true,"href":"https:\/\/brandss.com.py\/index\/wp-json\/wp\/v2\/comments?post=80973"}],"version-history":[{"count":4,"href":"https:\/\/brandss.com.py\/index\/wp-json\/wp\/v2\/product\/80973\/revisions"}],"predecessor-version":[{"id":88809,"href":"https:\/\/brandss.com.py\/index\/wp-json\/wp\/v2\/product\/80973\/revisions\/88809"}],"wp:featuredmedia":[{"embeddable":true,"href":"https:\/\/brandss.com.py\/index\/wp-json\/wp\/v2\/media\/80975"}],"wp:attachment":[{"href":"https:\/\/brandss.com.py\/index\/wp-json\/wp\/v2\/media?parent=80973"}],"wp:term":[{"taxonomy":"product_brand","embeddable":true,"href":"https:\/\/brandss.com.py\/index\/wp-json\/wp\/v2\/product_brand?post=80973"},{"taxonomy":"product_cat","embeddable":true,"href":"https:\/\/brandss.com.py\/index\/wp-json\/wp\/v2\/product_cat?post=80973"},{"taxonomy":"product_tag","embeddable":true,"href":"https:\/\/brandss.com.py\/index\/wp-json\/wp\/v2\/product_tag?post=80973"}],"curies":[{"name":"wp","href":"https:\/\/api.w.org\/{rel}","templated":true}]}}