{"id":80981,"date":"2025-04-28T13:53:55","date_gmt":"2025-04-28T13:53:55","guid":{"rendered":"https:\/\/brandss.com.py\/index\/?post_type=product&#038;p=80981"},"modified":"2026-03-14T11:26:01","modified_gmt":"2026-03-14T11:26:01","slug":"perfume-femenino-brand-collection-na-020-poison-dior-edp-25ml","status":"publish","type":"product","link":"https:\/\/brandss.com.py\/index\/producto\/perfume-femenino-brand-collection-na-020-poison-dior-edp-25ml\/","title":{"rendered":"PERFUME FEMENINO BRAND COLLECTION N\u00b0 020 POISON DIOR EDP 25ML"},"content":{"rendered":"<p><img loading=\"lazy\" decoding=\"async\" class=\"\" src=\"https:\/\/th.bing.com\/th\/id\/R.758f39212f6dd82b54262737a43128b4?rik=NPnWCOasRFu8Sg&amp;riu=http%3a%2f%2fbrandcollectionperfume.com%2fcdn%2fshop%2ffiles%2fUntitled_design_1.png%3fheight%3d628%26pad_color%3dffffff%26v%3d1687781756%26width%3d1200&amp;ehk=kS%2fn21O7V2AWrbq4OjG0iXkQF4DoYfCRb92QBbEFLx8%3d&amp;risl=&amp;pid=ImgRaw&amp;r=0\" alt=\"YouSmellSoGood\" width=\"464\" height=\"243\" \/><\/p>\n<h1>POISON DIOR<\/h1>\n<div><\/div>\n<div class=\"box-title blue\">Es una verdadera expresi\u00f3n de poder y misterio, dise\u00f1ado para mujeres que buscan resaltar su presencia de una manera \u00fanica e inolvidable. Este perfume va m\u00e1s all\u00e1 de lo com\u00fan, ofreciendo una experiencia olfativa aut\u00e9ntica y envolvente. Desde su concepci\u00f3n, el perfume se ha presentado como una fragancia enigm\u00e1tica, que transmite sofisticaci\u00f3n, confianza y un toque de audacia.<br \/>\nEs una verdadera alquimia, mezclando notas frutales, especias, \u00e1mbar y miel con acordes de almizcle. Esta combinaci\u00f3n da como resultado una fragancia oriental cautivadora, rica en matices e ideal para mujeres que quieren destacar y dejar una huella duradera dondequiera que vayan. Al aplicarse, el perfume crea un aura envolvente y misteriosa, invitando a quien lo siente a sumergirse en su profundidad y complejidad.<br \/>\nEst\u00e1 dominada por el cilantro, una especia ex\u00f3tica conocida por sus cualidades frescas y picantes. Originario de Rusia y frecuentemente utilizado en la cocina, el cilantro, con su fragancia picante y envolvente, proporciona una apertura cautivadora y \u00fanica a la composici\u00f3n. Se combina perfectamente con ciruela, frutos del bosque, an\u00eds y palo de Brasil, creando una armon\u00eda de notas frescas y especiadas que captan la atenci\u00f3n de inmediato.<br \/>\nEs una declaraci\u00f3n de estilo y personalidad, ideal para quienes quieren expresar su autenticidad y confianza de una manera inolvidable.<\/p>\n<p>Pir\u00e1mide olfativa<br \/>\nFamilia olfativa: Floral, Oriental<br \/>\nNotas de salida: cilantro, ciruela, bayas silvestres, an\u00eds, madera de Brasil;<br \/>\nNotas de Coraz\u00f3n: Clavel, jazm\u00edn, flor del naranjo africano, nardos, opop\u00f3naco, canela, incienso, rosa, miel blanca;<br \/>\nNotas de fondo: vetiver, almizcle, s\u00e1ndalo, cedro de Virginia, \u00e1mbar, vainilla, heliotropo.<\/p><\/div>\n","protected":false},"excerpt":{"rendered":"<p>POISON DIOR Es una verdadera expresi\u00f3n de poder y misterio, dise\u00f1ado para mujeres que buscan resaltar su presencia de una<\/p>\n","protected":false},"featured_media":80982,"comment_status":"open","ping_status":"closed","template":"","meta":{"nf_dc_page":""},"product_brand":[],"product_cat":[84],"product_tag":[],"class_list":{"0":"post-80981","1":"product","2":"type-product","3":"status-publish","4":"has-post-thumbnail","6":"product_cat-perfumeria","8":"first","9":"outofstock","10":"shipping-taxable","11":"purchasable","12":"product-type-simple"},"_links":{"self":[{"href":"https:\/\/brandss.com.py\/index\/wp-json\/wp\/v2\/product\/80981","targetHints":{"allow":["GET"]}}],"collection":[{"href":"https:\/\/brandss.com.py\/index\/wp-json\/wp\/v2\/product"}],"about":[{"href":"https:\/\/brandss.com.py\/index\/wp-json\/wp\/v2\/types\/product"}],"replies":[{"embeddable":true,"href":"https:\/\/brandss.com.py\/index\/wp-json\/wp\/v2\/comments?post=80981"}],"version-history":[{"count":2,"href":"https:\/\/brandss.com.py\/index\/wp-json\/wp\/v2\/product\/80981\/revisions"}],"predecessor-version":[{"id":88819,"href":"https:\/\/brandss.com.py\/index\/wp-json\/wp\/v2\/product\/80981\/revisions\/88819"}],"wp:featuredmedia":[{"embeddable":true,"href":"https:\/\/brandss.com.py\/index\/wp-json\/wp\/v2\/media\/80982"}],"wp:attachment":[{"href":"https:\/\/brandss.com.py\/index\/wp-json\/wp\/v2\/media?parent=80981"}],"wp:term":[{"taxonomy":"product_brand","embeddable":true,"href":"https:\/\/brandss.com.py\/index\/wp-json\/wp\/v2\/product_brand?post=80981"},{"taxonomy":"product_cat","embeddable":true,"href":"https:\/\/brandss.com.py\/index\/wp-json\/wp\/v2\/product_cat?post=80981"},{"taxonomy":"product_tag","embeddable":true,"href":"https:\/\/brandss.com.py\/index\/wp-json\/wp\/v2\/product_tag?post=80981"}],"curies":[{"name":"wp","href":"https:\/\/api.w.org\/{rel}","templated":true}]}}