{"id":80984,"date":"2025-04-28T14:05:21","date_gmt":"2025-04-28T14:05:21","guid":{"rendered":"https:\/\/brandss.com.py\/index\/?post_type=product&#038;p=80984"},"modified":"2025-08-23T12:44:47","modified_gmt":"2025-08-23T12:44:47","slug":"perfume-femenino-brand-collection-na-010-tom-ford-black-edp-25ml","status":"publish","type":"product","link":"https:\/\/brandss.com.py\/index\/producto\/perfume-femenino-brand-collection-na-010-tom-ford-black-edp-25ml\/","title":{"rendered":"PERFUME FEMENINO BRAND COLLECTION N\u00b0 010 TOM FORD BLACK EDP 25ML"},"content":{"rendered":"<p><img loading=\"lazy\" decoding=\"async\" class=\"\" src=\"https:\/\/th.bing.com\/th\/id\/R.758f39212f6dd82b54262737a43128b4?rik=NPnWCOasRFu8Sg&amp;riu=http%3a%2f%2fbrandcollectionperfume.com%2fcdn%2fshop%2ffiles%2fUntitled_design_1.png%3fheight%3d628%26pad_color%3dffffff%26v%3d1687781756%26width%3d1200&amp;ehk=kS%2fn21O7V2AWrbq4OjG0iXkQF4DoYfCRb92QBbEFLx8%3d&amp;risl=&amp;pid=ImgRaw&amp;r=0\" alt=\"YouSmellSoGood\" width=\"535\" height=\"280\" \/><\/p>\n<h1>TOM FORD BLACK<\/h1>\n<p>Es una obra maestra olfativa que irradia sofisticaci\u00f3n y misterio, capturando la esencia de una rosa delicada pero peligrosa. Inspirado en la famosa creaci\u00f3n de Tom Ford, el perfume transporta a las mujeres a un mundo de emociones intensas, donde cada nota es una celebraci\u00f3n de la elegancia y el poder femenino. Al usarlo, entras en un universo de misterio, donde la belleza y la intensidad se fusionan perfectamente, es una explosi\u00f3n de frescura, con rosas b\u00falgaras y rosa de mayo que se mezclan armoniosamente, creando una sensaci\u00f3n de pureza y sofisticaci\u00f3n. Estas rosas son conocidas por su fragancia envolvente, que combina con el calor picante de la pimienta de Sichuan y la efervescencia ex\u00f3tica del azafr\u00e1n. Las notas de salida son audaces y cautivadoras, abriendo el camino a la complejidad de la fragancia.<\/p>\n<p>En el coraz\u00f3n del perfume, la rosa b\u00falgara revela toda su riqueza y seducci\u00f3n. Se entrelaza con el pachul\u00ed de Indonesia, que aporta una calidad amaderada y terrosa a la fragancia. La adici\u00f3n de tonka y caramelo aporta un toque suave y dulce, equilibrando la intensidad de las notas florales y amaderadas. Estas notas ofrecen una sensaci\u00f3n c\u00e1lida y reconfortante, sin perder sofisticaci\u00f3n.<br \/>\nEl b\u00e1lsamo de Tol\u00fa aporta una suavidad bals\u00e1mica, mientras que el almizcle aporta profundidad y calidez. Estas notas finales duran todo el d\u00eda, dejando una estela inolvidable y un aura de poder y misterio.<\/p>\n<p>El frasco del perfume es una obra de arte, que refleja la belleza y complejidad de la fragancia. Con un dise\u00f1o moderno y elegante, transmite la sofisticaci\u00f3n de la mujer que elige llevar cada pulverizaci\u00f3n de este perfume es un viaje sensorial que revela capas de emoci\u00f3n y poder, ya sea para una noche especial o para usar todos los d\u00edas, esta fragancia es perfecta para quienes buscan dejar una huella duradera y vivir la vida con pasi\u00f3n y sofisticaci\u00f3n.<\/p>\n<p>Pir\u00e1mide olfativa<\/p>\n<p>Notas de salida: pimienta de Sichuan, azafr\u00e1n, rosas b\u00falgaras, rosa de mayo;<br \/>\nNotas de coraz\u00f3n: pachul\u00ed de Indonesia, tonka, caramelo, vainilla;<br \/>\nNotas de fondo: b\u00e1lsamo de Tol\u00fa, notas de almizcle.<\/p>\n","protected":false},"excerpt":{"rendered":"<p>TOM FORD BLACK Es una obra maestra olfativa que irradia sofisticaci\u00f3n y misterio, capturando la esencia de una rosa delicada<\/p>\n","protected":false},"featured_media":80985,"comment_status":"open","ping_status":"closed","template":"","meta":{"nf_dc_page":""},"product_brand":[],"product_cat":[84],"product_tag":[],"class_list":{"0":"post-80984","1":"product","2":"type-product","3":"status-publish","4":"has-post-thumbnail","6":"product_cat-perfumeria","8":"first","9":"instock","10":"shipping-taxable","11":"purchasable","12":"product-type-simple"},"_links":{"self":[{"href":"https:\/\/brandss.com.py\/index\/wp-json\/wp\/v2\/product\/80984","targetHints":{"allow":["GET"]}}],"collection":[{"href":"https:\/\/brandss.com.py\/index\/wp-json\/wp\/v2\/product"}],"about":[{"href":"https:\/\/brandss.com.py\/index\/wp-json\/wp\/v2\/types\/product"}],"replies":[{"embeddable":true,"href":"https:\/\/brandss.com.py\/index\/wp-json\/wp\/v2\/comments?post=80984"}],"version-history":[{"count":2,"href":"https:\/\/brandss.com.py\/index\/wp-json\/wp\/v2\/product\/80984\/revisions"}],"predecessor-version":[{"id":88804,"href":"https:\/\/brandss.com.py\/index\/wp-json\/wp\/v2\/product\/80984\/revisions\/88804"}],"wp:featuredmedia":[{"embeddable":true,"href":"https:\/\/brandss.com.py\/index\/wp-json\/wp\/v2\/media\/80985"}],"wp:attachment":[{"href":"https:\/\/brandss.com.py\/index\/wp-json\/wp\/v2\/media?parent=80984"}],"wp:term":[{"taxonomy":"product_brand","embeddable":true,"href":"https:\/\/brandss.com.py\/index\/wp-json\/wp\/v2\/product_brand?post=80984"},{"taxonomy":"product_cat","embeddable":true,"href":"https:\/\/brandss.com.py\/index\/wp-json\/wp\/v2\/product_cat?post=80984"},{"taxonomy":"product_tag","embeddable":true,"href":"https:\/\/brandss.com.py\/index\/wp-json\/wp\/v2\/product_tag?post=80984"}],"curies":[{"name":"wp","href":"https:\/\/api.w.org\/{rel}","templated":true}]}}