{"id":80996,"date":"2025-04-28T14:39:59","date_gmt":"2025-04-28T14:39:59","guid":{"rendered":"https:\/\/brandss.com.py\/index\/?post_type=product&#038;p=80996"},"modified":"2025-08-23T13:31:05","modified_gmt":"2025-08-23T13:31:05","slug":"perfume-femenino-brand-collection-na-021-coco-mademoiselle-edp-25ml","status":"publish","type":"product","link":"https:\/\/brandss.com.py\/index\/producto\/perfume-femenino-brand-collection-na-021-coco-mademoiselle-edp-25ml\/","title":{"rendered":"PERFUME FEMENINO BRAND COLLECTION N\u00b0 021 COCO MADEMOISELLE EDP 25ML"},"content":{"rendered":"<p><img loading=\"lazy\" decoding=\"async\" class=\"\" src=\"https:\/\/th.bing.com\/th\/id\/R.758f39212f6dd82b54262737a43128b4?rik=NPnWCOasRFu8Sg&amp;riu=http%3a%2f%2fbrandcollectionperfume.com%2fcdn%2fshop%2ffiles%2fUntitled_design_1.png%3fheight%3d628%26pad_color%3dffffff%26v%3d1687781756%26width%3d1200&amp;ehk=kS%2fn21O7V2AWrbq4OjG0iXkQF4DoYfCRb92QBbEFLx8%3d&amp;risl=&amp;pid=ImgRaw&amp;r=0\" alt=\"YouSmellSoGood\" width=\"623\" height=\"326\" \/><\/p>\n<h1>COCO MADEMOISELLE<\/h1>\n<div class=\"box-title blue\">\n<p>Es una fragancia inspirada en el ic\u00f3nico Coco Mademoiselle de Chanel. Dise\u00f1ado para mujeres que buscan un aroma sofisticado y elegante, este perfume combina notas c\u00edtricas, florales y amaderadas, ofreciendo una experiencia olfativa rica y envolvente. Presentado en un frasco compacto de 25ml, es ideal para llevarlo en el bolso y usarlo en cualquier ocasi\u00f3n.<\/p>\n<p>Notas de la Fragancia:<\/p>\n<p>Notas de Salida:<\/p>\n<p>Naranja<br \/>\nMandarina<br \/>\nAzahar<br \/>\nBergamota<br \/>\nNotas de Coraz\u00f3n:<\/p>\n<p>Mimosa<br \/>\nJazm\u00edn<br \/>\nRosa Turca<br \/>\nYlang-Ylang<br \/>\nNotas de Fondo:<\/p>\n<p>Haba Tonka<br \/>\nPachul\u00ed<br \/>\nOpop\u00f3naco<br \/>\nVainilla<br \/>\nVetiver<br \/>\nAlmizcle Blanco<br \/>\nCaracter\u00edsticas Principales:<\/p>\n<p>Fragancia Sofisticada: Inspirada en Coco Mademoiselle de Chanel, con una mezcla de notas c\u00edtricas, florales y amaderadas.<br \/>\nAroma Duradero: Eau de Parfum que garantiza una mayor duraci\u00f3n del aroma en la piel.<br \/>\nPresentaci\u00f3n Compacta: Frasco de 25ml, perfecto para llevarlo en el bolso y usarlo en cualquier momento.<br \/>\nIngredientes de Alta Calidad: Utiliza ingredientes selectos para asegurar una fragancia refinada y de alta calidad.<br \/>\nBeneficios del Producto:<\/p>\n<p>Aroma Elegante: Una fragancia que combina notas frescas y florales para crear una experiencia olfativa memorable.<br \/>\nVersatilidad: Ideal para cualquier ocasi\u00f3n, desde el uso diario hasta eventos especiales.<br \/>\nComodidad: Tama\u00f1o compacto que permite llevarlo f\u00e1cilmente contigo para retoques durante el d\u00eda.<br \/>\nElegancia y Sofisticaci\u00f3n: El dise\u00f1o del frasco y la calidad de la fragancia a\u00f1aden un toque de lujo a tu colecci\u00f3n de perfumes.<\/p>\n<\/div>\n","protected":false},"excerpt":{"rendered":"<p>COCO MADEMOISELLE Es una fragancia inspirada en el ic\u00f3nico Coco Mademoiselle de Chanel. Dise\u00f1ado para mujeres que buscan un aroma<\/p>\n","protected":false},"featured_media":80997,"comment_status":"open","ping_status":"closed","template":"","meta":{"nf_dc_page":""},"product_brand":[],"product_cat":[84],"product_tag":[],"class_list":{"0":"post-80996","1":"product","2":"type-product","3":"status-publish","4":"has-post-thumbnail","6":"product_cat-perfumeria","8":"first","9":"outofstock","10":"shipping-taxable","11":"purchasable","12":"product-type-simple"},"_links":{"self":[{"href":"https:\/\/brandss.com.py\/index\/wp-json\/wp\/v2\/product\/80996","targetHints":{"allow":["GET"]}}],"collection":[{"href":"https:\/\/brandss.com.py\/index\/wp-json\/wp\/v2\/product"}],"about":[{"href":"https:\/\/brandss.com.py\/index\/wp-json\/wp\/v2\/types\/product"}],"replies":[{"embeddable":true,"href":"https:\/\/brandss.com.py\/index\/wp-json\/wp\/v2\/comments?post=80996"}],"version-history":[{"count":3,"href":"https:\/\/brandss.com.py\/index\/wp-json\/wp\/v2\/product\/80996\/revisions"}],"predecessor-version":[{"id":88820,"href":"https:\/\/brandss.com.py\/index\/wp-json\/wp\/v2\/product\/80996\/revisions\/88820"}],"wp:featuredmedia":[{"embeddable":true,"href":"https:\/\/brandss.com.py\/index\/wp-json\/wp\/v2\/media\/80997"}],"wp:attachment":[{"href":"https:\/\/brandss.com.py\/index\/wp-json\/wp\/v2\/media?parent=80996"}],"wp:term":[{"taxonomy":"product_brand","embeddable":true,"href":"https:\/\/brandss.com.py\/index\/wp-json\/wp\/v2\/product_brand?post=80996"},{"taxonomy":"product_cat","embeddable":true,"href":"https:\/\/brandss.com.py\/index\/wp-json\/wp\/v2\/product_cat?post=80996"},{"taxonomy":"product_tag","embeddable":true,"href":"https:\/\/brandss.com.py\/index\/wp-json\/wp\/v2\/product_tag?post=80996"}],"curies":[{"name":"wp","href":"https:\/\/api.w.org\/{rel}","templated":true}]}}