{"id":81009,"date":"2025-04-28T16:49:38","date_gmt":"2025-04-28T16:49:38","guid":{"rendered":"https:\/\/brandss.com.py\/index\/?post_type=product&#038;p=81009"},"modified":"2025-08-23T13:35:09","modified_gmt":"2025-08-23T13:35:09","slug":"perfume-femenino-brand-collection-na-023-versace-cristal-noir-edp-25m","status":"publish","type":"product","link":"https:\/\/brandss.com.py\/index\/producto\/perfume-femenino-brand-collection-na-023-versace-cristal-noir-edp-25m\/","title":{"rendered":"PERFUME FEMENINO BRAND COLLECTION N\u00b0 023 VERSACE CRISTAL NOIR  EDP 25ML"},"content":{"rendered":"<p><img loading=\"lazy\" decoding=\"async\" class=\"\" src=\"https:\/\/th.bing.com\/th\/id\/R.758f39212f6dd82b54262737a43128b4?rik=NPnWCOasRFu8Sg&amp;riu=http%3a%2f%2fbrandcollectionperfume.com%2fcdn%2fshop%2ffiles%2fUntitled_design_1.png%3fheight%3d628%26pad_color%3dffffff%26v%3d1687781756%26width%3d1200&amp;ehk=kS%2fn21O7V2AWrbq4OjG0iXkQF4DoYfCRb92QBbEFLx8%3d&amp;risl=&amp;pid=ImgRaw&amp;r=0\" alt=\"YouSmellSoGood\" width=\"673\" height=\"352\" \/><\/p>\n<h1>VERSACE CRISTAL NOIR<\/h1>\n<div class=\"box-title blue\">Es una fragancia envolvente que despierta los sentidos y derrocha sofisticaci\u00f3n. Con una combinaci\u00f3n \u00fanica de notas orientales y florales, este perfume crea un aura cautivadora.<\/p>\n<p>La apertura revela una explosi\u00f3n de frescura, con notas c\u00edtricas y espaciadas que despiertan los sentidos. El lim\u00f3n siciliano y la pimienta negra crean una sensaci\u00f3n energizante y vibrante, preparando el escenario para las notas venideras.<\/p>\n<p>En el coraz\u00f3n la exuberancia de las notas florales toma protagonismo. El jazm\u00edn y el azahar se unen para crear un encantador ramo floral, aportando feminidad y elegancia a la<br \/>\nEn la base de las notas de s\u00e1ndalo y \u00e1mbar blanco aportan una imperatividad irresistible. Estas notas amaderadas dan profundidad y un toque de misterio a la fragancia, envolviendo al usuario en un aura intrigante.<\/p>\n<p>La botella para mujer refleja el encanto y el glamour del perfume. Con su dise\u00f1o elegante y sofisticado, la botella transmite una sensaci\u00f3n de lujo y misterio. El tono oscuro y el acabado brillante crean un contraste intrigante que captura la esencia de la fragancia, deja que tu presencia se sienta donde quiera que vayas. Usa este perfume en ocasiones especiales o cuando quieras sentirte poderosa y cautivadora, despiertas tu lado m\u00e1s sofisticado y cautivador.<\/p>\n<p>Recuerda que cada uno tiene su propia experiencia con las fragancias, y es importante probar en tu propia piel para descubrir c\u00f3mo se desarrolla y se adapta a tus caracter\u00edsticas individuales. D\u00e9jate envolver por el misterio y el encanto, descubre la fuerza de una fragancia envolvente.<\/p>\n<p>Notas de salida: Lim\u00f3n siciliano, pimienta negra;<\/p>\n<p>Notas de coraz\u00f3n: Jazm\u00edn, Flor de naranja;<\/p>\n<p>Notas de fondo: S\u00e1ndalo, \u00e1mbar blanco.<\/p><\/div>\n<p>&nbsp;<\/p>\n","protected":false},"excerpt":{"rendered":"<p>VERSACE CRISTAL NOIR Es una fragancia envolvente que despierta los sentidos y derrocha sofisticaci\u00f3n. Con una combinaci\u00f3n \u00fanica de notas<\/p>\n","protected":false},"featured_media":81010,"comment_status":"open","ping_status":"closed","template":"","meta":{"nf_dc_page":""},"product_brand":[],"product_cat":[84],"product_tag":[],"class_list":{"0":"post-81009","1":"product","2":"type-product","3":"status-publish","4":"has-post-thumbnail","6":"product_cat-perfumeria","8":"first","9":"outofstock","10":"shipping-taxable","11":"purchasable","12":"product-type-simple"},"_links":{"self":[{"href":"https:\/\/brandss.com.py\/index\/wp-json\/wp\/v2\/product\/81009","targetHints":{"allow":["GET"]}}],"collection":[{"href":"https:\/\/brandss.com.py\/index\/wp-json\/wp\/v2\/product"}],"about":[{"href":"https:\/\/brandss.com.py\/index\/wp-json\/wp\/v2\/types\/product"}],"replies":[{"embeddable":true,"href":"https:\/\/brandss.com.py\/index\/wp-json\/wp\/v2\/comments?post=81009"}],"version-history":[{"count":3,"href":"https:\/\/brandss.com.py\/index\/wp-json\/wp\/v2\/product\/81009\/revisions"}],"predecessor-version":[{"id":88821,"href":"https:\/\/brandss.com.py\/index\/wp-json\/wp\/v2\/product\/81009\/revisions\/88821"}],"wp:featuredmedia":[{"embeddable":true,"href":"https:\/\/brandss.com.py\/index\/wp-json\/wp\/v2\/media\/81010"}],"wp:attachment":[{"href":"https:\/\/brandss.com.py\/index\/wp-json\/wp\/v2\/media?parent=81009"}],"wp:term":[{"taxonomy":"product_brand","embeddable":true,"href":"https:\/\/brandss.com.py\/index\/wp-json\/wp\/v2\/product_brand?post=81009"},{"taxonomy":"product_cat","embeddable":true,"href":"https:\/\/brandss.com.py\/index\/wp-json\/wp\/v2\/product_cat?post=81009"},{"taxonomy":"product_tag","embeddable":true,"href":"https:\/\/brandss.com.py\/index\/wp-json\/wp\/v2\/product_tag?post=81009"}],"curies":[{"name":"wp","href":"https:\/\/api.w.org\/{rel}","templated":true}]}}