{"id":81011,"date":"2025-04-28T16:52:41","date_gmt":"2025-04-28T16:52:41","guid":{"rendered":"https:\/\/brandss.com.py\/index\/?post_type=product&#038;p=81011"},"modified":"2025-10-28T11:40:56","modified_gmt":"2025-10-28T11:40:56","slug":"cargador-portatil-vezr-vp02-10000mah-22-5w-black","status":"publish","type":"product","link":"https:\/\/brandss.com.py\/index\/producto\/cargador-portatil-vezr-vp02-10000mah-22-5w-black\/","title":{"rendered":"CARGADOR PORT\u00c1TIL VEZR VP02 10000MAH 22.5W BLACK"},"content":{"rendered":"<p><img loading=\"lazy\" decoding=\"async\" class=\"\" src=\"https:\/\/encrypted-tbn0.gstatic.com\/images?q=tbn:ANd9GcT4nHlSHBi689mUojCL_kzSeBpUj4KjY0S6Tg&amp;s\" alt=\"VEZR (@vezr__hk) \u2022 Fotos y videos de Instagram\" width=\"117\" height=\"117\" \/><\/p>\n<h1>VP02<\/h1>\n<p class=\"\" data-start=\"93\" data-end=\"364\">El cargador port\u00e1til VEZR es un power bank compacto y potente de 10,000 mAh de capacidad, ideal para mantener tus dispositivos cargados durante el d\u00eda. Este modelo, en un atractivo color negro, combina estilo moderno con funcionalidad avanzada.<\/p>\n<p class=\"\" data-start=\"366\" data-end=\"398\"><strong data-start=\"366\" data-end=\"398\">Caracter\u00edsticas:<\/strong><\/p>\n<ul data-start=\"399\" data-end=\"1005\">\n<li class=\"\" data-start=\"399\" data-end=\"459\">\n<p class=\"\" data-start=\"401\" data-end=\"459\"><strong data-start=\"401\" data-end=\"424\">Potencia de salida:<\/strong> Hasta<strong data-start=\"431\" data-end=\"440\"> 22.5W<\/strong> para carga r\u00e1pida.<\/p>\n<\/li>\n<li class=\"\" data-start=\"460\" data-end=\"562\">\n<p class=\"\" data-start=\"462\" data-end=\"562\"><strong data-start=\"462\" data-end=\"476\">Capacidad:<\/strong> 10,000 mAh, suficiente para m\u00faltiples cargas de smartphones u otros dispositivos.<\/p>\n<\/li>\n<li class=\"\" data-start=\"563\" data-end=\"635\">\n<p class=\"\" data-start=\"565\" data-end=\"635\"><strong data-start=\"565\" data-end=\"595\">Dise\u00f1o compacto y port\u00e1til:<\/strong>\u00a0f\u00e1cil de llevar en la bolsa o mochila.<\/p>\n<\/li>\n<li class=\"\" data-start=\"636\" data-end=\"702\">\n<p class=\"\" data-start=\"638\" data-end=\"702\"><strong data-start=\"638\" data-end=\"658\">Pantalla digital:<\/strong> que muestra el nivel de bater\u00eda disponible.<\/p>\n<\/li>\n<li class=\"\" data-start=\"703\" data-end=\"835\">\n<p class=\"\" data-start=\"705\" data-end=\"835\"><strong data-start=\"705\" data-end=\"727\">Cables integrados:<\/strong> Incluye cables Tipo C y Lightning para mayor comodidad, sin necesidad de llevar cables adicionales.<\/p>\n<\/li>\n<li class=\"\" data-start=\"836\" data-end=\"927\">\n<p class=\"\" data-start=\"838\" data-end=\"927\"><strong data-start=\"838\" data-end=\"870\">M\u00faltiples puertos de salida:<\/strong> Permite cargar hasta 4 dispositivos simult\u00e1neamente.<\/p>\n<\/li>\n<li class=\"\" data-start=\"928\" data-end=\"1005\">\n<p class=\"\" data-start=\"930\" data-end=\"1005\"><strong data-start=\"930\" data-end=\"952\">Seguro y confiable:<\/strong>\u00a0con protecci\u00f3n contra sobrecargas y cortocircuitos.<\/p>\n<\/li>\n<\/ul>\n<p class=\"\" data-start=\"1007\" data-end=\"1131\"><strong data-start=\"1007\" data-end=\"1022\">Ideal para:<\/strong> usuarios que buscan un cargador port\u00e1til pr\u00e1ctico, r\u00e1pido y con un dise\u00f1o elegante para uso diario o viajes.<\/p>\n","protected":false},"excerpt":{"rendered":"<p>VP02 El cargador port\u00e1til VEZR es un power bank compacto y potente de 10,000 mAh de capacidad, ideal para mantener<\/p>\n","protected":false},"featured_media":81020,"comment_status":"open","ping_status":"closed","template":"","meta":{"nf_dc_page":""},"product_brand":[1103],"product_cat":[89],"product_tag":[1124],"class_list":{"0":"post-81011","1":"product","2":"type-product","3":"status-publish","4":"has-post-thumbnail","6":"product_brand-vezr","7":"product_cat-electronicos","8":"product_tag-1124","10":"first","11":"instock","12":"shipping-taxable","13":"purchasable","14":"product-type-simple"},"_links":{"self":[{"href":"https:\/\/brandss.com.py\/index\/wp-json\/wp\/v2\/product\/81011","targetHints":{"allow":["GET"]}}],"collection":[{"href":"https:\/\/brandss.com.py\/index\/wp-json\/wp\/v2\/product"}],"about":[{"href":"https:\/\/brandss.com.py\/index\/wp-json\/wp\/v2\/types\/product"}],"replies":[{"embeddable":true,"href":"https:\/\/brandss.com.py\/index\/wp-json\/wp\/v2\/comments?post=81011"}],"version-history":[{"count":1,"href":"https:\/\/brandss.com.py\/index\/wp-json\/wp\/v2\/product\/81011\/revisions"}],"predecessor-version":[{"id":81028,"href":"https:\/\/brandss.com.py\/index\/wp-json\/wp\/v2\/product\/81011\/revisions\/81028"}],"wp:featuredmedia":[{"embeddable":true,"href":"https:\/\/brandss.com.py\/index\/wp-json\/wp\/v2\/media\/81020"}],"wp:attachment":[{"href":"https:\/\/brandss.com.py\/index\/wp-json\/wp\/v2\/media?parent=81011"}],"wp:term":[{"taxonomy":"product_brand","embeddable":true,"href":"https:\/\/brandss.com.py\/index\/wp-json\/wp\/v2\/product_brand?post=81011"},{"taxonomy":"product_cat","embeddable":true,"href":"https:\/\/brandss.com.py\/index\/wp-json\/wp\/v2\/product_cat?post=81011"},{"taxonomy":"product_tag","embeddable":true,"href":"https:\/\/brandss.com.py\/index\/wp-json\/wp\/v2\/product_tag?post=81011"}],"curies":[{"name":"wp","href":"https:\/\/api.w.org\/{rel}","templated":true}]}}