{"id":81022,"date":"2025-04-28T16:54:55","date_gmt":"2025-04-28T16:54:55","guid":{"rendered":"https:\/\/brandss.com.py\/index\/?post_type=product&#038;p=81022"},"modified":"2025-05-10T13:43:58","modified_gmt":"2025-05-10T13:43:58","slug":"perfume-femenino-brand-collection-na-024-bright-cystal-edp-25ml","status":"publish","type":"product","link":"https:\/\/brandss.com.py\/index\/producto\/perfume-femenino-brand-collection-na-024-bright-cystal-edp-25ml\/","title":{"rendered":"PERFUME FEMENINO BRAND COLLECTI\u00d3N N\u00aa 024 BRIGHT CYSTAL EDP 25ML"},"content":{"rendered":"<p><img loading=\"lazy\" decoding=\"async\" class=\"\" src=\"https:\/\/th.bing.com\/th\/id\/R.758f39212f6dd82b54262737a43128b4?rik=NPnWCOasRFu8Sg&amp;riu=http%3a%2f%2fbrandcollectionperfume.com%2fcdn%2fshop%2ffiles%2fUntitled_design_1.png%3fheight%3d628%26pad_color%3dffffff%26v%3d1687781756%26width%3d1200&amp;ehk=kS%2fn21O7V2AWrbq4OjG0iXkQF4DoYfCRb92QBbEFLx8%3d&amp;risl=&amp;pid=ImgRaw&amp;r=0\" alt=\"YouSmellSoGood\" width=\"575\" height=\"301\" \/><\/p>\n<h1>BRIGHT CYSTA<\/h1>\n<div class=\"box-title blue\">Es una fragancia luminosa y envolvente, que aporta un aura de frescura y feminidad. Con una combinaci\u00f3n \u00fanica de notas frutales y florales, este perfume es perfecto para mujeres que quieren destacar e irradiar confianza.<\/p>\n<p>La apertura de la colecci\u00f3n est\u00e1 marcada por una frescura vibrante y chispeante. Las notas de yuzu y granada proporcionan una explosi\u00f3n de energ\u00eda c\u00edtrica, despertando los sentidos y aportando una sensaci\u00f3n.<\/p>\n<p>En el coraz\u00f3n, las notas florales delicadas y radiantes toman protagonismo. Peon\u00eda, magnolia y loto se entrelazan creando un ramo floral envolvente y elegante que transmite feminidad y sofisticaci\u00f3n.<\/p>\n<p>En la base notas amaderadas y almizcle blanco proporcionan una fragancia sutil y duradera. Estas notas a\u00f1aden profundidad a la fragancia, dejando una estela impactante e irresistible.<\/p>\n<p>El frasco es tan impresionante como el perfume en s\u00ed. Con su dise\u00f1o elegante y sofisticado, el frasco refleja la luminosidad y el brillo de la fragancia. La transparencia del vidrio revela el suave tono del l\u00edquido, mientras que la delicada forma evoca feminidad y gracia.<\/p>\n<p>Es una fragancia luminosa y envolvente, que aporta un aura de frescura y feminidad. Con una combinaci\u00f3n \u00fanica de notas frutales y florales, este perfume es perfecto para mujeres que quieren destacar e irradiar confianza.<\/p>\n<p>Recuerda que cada uno tiene su propia experiencia con las fragancias, y es importante probar en tu propia piel para descubrir c\u00f3mo se desarrolla y se adapta a tus caracter\u00edsticas individuales. D\u00e9jate envolver por el brillo y el encanto y descubre el poder de una fragancia radiante.<\/p>\n<p>Notas de salida: Yuzu, granada;<\/p>\n<p>Notas de coraz\u00f3n: Peon\u00eda, Magnolia, Loto;<\/p>\n<p>Notas de fondo: notas amaderadas, almizcle blanco.<\/p><\/div>\n<p>&nbsp;<\/p>\n","protected":false},"excerpt":{"rendered":"<p>BRIGHT CYSTA Es una fragancia luminosa y envolvente, que aporta un aura de frescura y feminidad. Con una combinaci\u00f3n \u00fanica<\/p>\n","protected":false},"featured_media":81029,"comment_status":"open","ping_status":"closed","template":"","meta":{"nf_dc_page":""},"product_brand":[],"product_cat":[84],"product_tag":[],"class_list":{"0":"post-81022","1":"product","2":"type-product","3":"status-publish","4":"has-post-thumbnail","6":"product_cat-perfumeria","8":"first","9":"instock","10":"shipping-taxable","11":"purchasable","12":"product-type-simple"},"_links":{"self":[{"href":"https:\/\/brandss.com.py\/index\/wp-json\/wp\/v2\/product\/81022","targetHints":{"allow":["GET"]}}],"collection":[{"href":"https:\/\/brandss.com.py\/index\/wp-json\/wp\/v2\/product"}],"about":[{"href":"https:\/\/brandss.com.py\/index\/wp-json\/wp\/v2\/types\/product"}],"replies":[{"embeddable":true,"href":"https:\/\/brandss.com.py\/index\/wp-json\/wp\/v2\/comments?post=81022"}],"version-history":[{"count":1,"href":"https:\/\/brandss.com.py\/index\/wp-json\/wp\/v2\/product\/81022\/revisions"}],"predecessor-version":[{"id":81032,"href":"https:\/\/brandss.com.py\/index\/wp-json\/wp\/v2\/product\/81022\/revisions\/81032"}],"wp:featuredmedia":[{"embeddable":true,"href":"https:\/\/brandss.com.py\/index\/wp-json\/wp\/v2\/media\/81029"}],"wp:attachment":[{"href":"https:\/\/brandss.com.py\/index\/wp-json\/wp\/v2\/media?parent=81022"}],"wp:term":[{"taxonomy":"product_brand","embeddable":true,"href":"https:\/\/brandss.com.py\/index\/wp-json\/wp\/v2\/product_brand?post=81022"},{"taxonomy":"product_cat","embeddable":true,"href":"https:\/\/brandss.com.py\/index\/wp-json\/wp\/v2\/product_cat?post=81022"},{"taxonomy":"product_tag","embeddable":true,"href":"https:\/\/brandss.com.py\/index\/wp-json\/wp\/v2\/product_tag?post=81022"}],"curies":[{"name":"wp","href":"https:\/\/api.w.org\/{rel}","templated":true}]}}