{"id":81033,"date":"2025-04-28T17:02:59","date_gmt":"2025-04-28T17:02:59","guid":{"rendered":"https:\/\/brandss.com.py\/index\/?post_type=product&#038;p=81033"},"modified":"2025-11-04T17:53:53","modified_gmt":"2025-11-04T17:53:53","slug":"perfume-femenino-brand-collection-na-034-212-vip-rose-25ml-edp","status":"publish","type":"product","link":"https:\/\/brandss.com.py\/index\/producto\/perfume-femenino-brand-collection-na-034-212-vip-rose-25ml-edp\/","title":{"rendered":"PERFUME FEMENINO BRAND COLLECTION N\u00b0 034 212 VIP ROS\u00c9 25ML EDP"},"content":{"rendered":"<p><img loading=\"lazy\" decoding=\"async\" class=\"\" src=\"https:\/\/th.bing.com\/th\/id\/R.758f39212f6dd82b54262737a43128b4?rik=NPnWCOasRFu8Sg&amp;riu=http%3a%2f%2fbrandcollectionperfume.com%2fcdn%2fshop%2ffiles%2fUntitled_design_1.png%3fheight%3d628%26pad_color%3dffffff%26v%3d1687781756%26width%3d1200&amp;ehk=kS%2fn21O7V2AWrbq4OjG0iXkQF4DoYfCRb92QBbEFLx8%3d&amp;risl=&amp;pid=ImgRaw&amp;r=0\" alt=\"YouSmellSoGood\" width=\"380\" height=\"199\" \/><\/p>\n<h1>VIP ROS\u00c9<\/h1>\n<p>Es una fragancia sofisticada y encantadora que transmite la energ\u00eda vibrante y el glamour de las fiestas exclusivas. Ideal para mujeres que buscan una experiencia olfativa \u00fanica, esta fragancia celebra momentos especiales con elegancia, implicaci\u00f3n y frescura.<\/p>\n<p>La apertura de la Colecci\u00f3n est\u00e1 marcada por la frescura efervescente del champ\u00e1n rosado, que aporta una sensaci\u00f3n de celebraci\u00f3n y vitalidad. Combinada con pimienta rosa, esta mezcla inicial aporta un toque picante y estimulante, creando una sensaci\u00f3n de excitaci\u00f3n y entusiasmo desde el comienzo de la experiencia.<\/p>\n<p>En el coraz\u00f3n de la fragancia, notas florales de flor de durazno y flor de cerezo se combinan con una delicada suavidad, transmitiendo feminidad y romance. Estas notas florales crean un aura encantadora y elegante, mientras que la flor de cerezo a\u00f1ade un toque suave y cautivador, intensificando la sensaci\u00f3n de ligereza y sofisticaci\u00f3n.<\/p>\n<p>La base est\u00e1 compuesta de \u00e1mbar y almizcle, que aportan profundidad y una firma llamativa. Estas notas c\u00e1lidas y amaderadas a\u00f1aden una estela irresistible y duradera, haciendo que la fragancia sea a\u00fan m\u00e1s envolvente y dejando una impresi\u00f3n inolvidable. La combinaci\u00f3n de almizcle y \u00e1mbar aporta sofisticaci\u00f3n a la composici\u00f3n, haci\u00e9ndola ideal para mujeres que buscan una fragancia que combine frescura y complejidad.<\/p>\n","protected":false},"excerpt":{"rendered":"<p>VIP ROS\u00c9 Es una fragancia sofisticada y encantadora que transmite la energ\u00eda vibrante y el glamour de las fiestas exclusivas.<\/p>\n","protected":false},"featured_media":81035,"comment_status":"open","ping_status":"closed","template":"","meta":{"nf_dc_page":""},"product_brand":[],"product_cat":[84],"product_tag":[],"class_list":{"0":"post-81033","1":"product","2":"type-product","3":"status-publish","4":"has-post-thumbnail","6":"product_cat-perfumeria","8":"first","9":"outofstock","10":"shipping-taxable","11":"purchasable","12":"product-type-simple"},"_links":{"self":[{"href":"https:\/\/brandss.com.py\/index\/wp-json\/wp\/v2\/product\/81033","targetHints":{"allow":["GET"]}}],"collection":[{"href":"https:\/\/brandss.com.py\/index\/wp-json\/wp\/v2\/product"}],"about":[{"href":"https:\/\/brandss.com.py\/index\/wp-json\/wp\/v2\/types\/product"}],"replies":[{"embeddable":true,"href":"https:\/\/brandss.com.py\/index\/wp-json\/wp\/v2\/comments?post=81033"}],"version-history":[{"count":3,"href":"https:\/\/brandss.com.py\/index\/wp-json\/wp\/v2\/product\/81033\/revisions"}],"predecessor-version":[{"id":88823,"href":"https:\/\/brandss.com.py\/index\/wp-json\/wp\/v2\/product\/81033\/revisions\/88823"}],"wp:featuredmedia":[{"embeddable":true,"href":"https:\/\/brandss.com.py\/index\/wp-json\/wp\/v2\/media\/81035"}],"wp:attachment":[{"href":"https:\/\/brandss.com.py\/index\/wp-json\/wp\/v2\/media?parent=81033"}],"wp:term":[{"taxonomy":"product_brand","embeddable":true,"href":"https:\/\/brandss.com.py\/index\/wp-json\/wp\/v2\/product_brand?post=81033"},{"taxonomy":"product_cat","embeddable":true,"href":"https:\/\/brandss.com.py\/index\/wp-json\/wp\/v2\/product_cat?post=81033"},{"taxonomy":"product_tag","embeddable":true,"href":"https:\/\/brandss.com.py\/index\/wp-json\/wp\/v2\/product_tag?post=81033"}],"curies":[{"name":"wp","href":"https:\/\/api.w.org\/{rel}","templated":true}]}}