{"id":81038,"date":"2025-04-28T17:08:07","date_gmt":"2025-04-28T17:08:07","guid":{"rendered":"https:\/\/brandss.com.py\/index\/?post_type=product&#038;p=81038"},"modified":"2025-08-23T13:41:08","modified_gmt":"2025-08-23T13:41:08","slug":"perfume-femenino-brand-collection-na-037-lextase-nina-ricci-25ml-edp","status":"publish","type":"product","link":"https:\/\/brandss.com.py\/index\/producto\/perfume-femenino-brand-collection-na-037-lextase-nina-ricci-25ml-edp\/","title":{"rendered":"PERFUME FEMENINO BRAND COLLECTION N\u00b0 037 L\u2019EXTASE NINA RICCI 25ML EDP"},"content":{"rendered":"<p><img loading=\"lazy\" decoding=\"async\" class=\"\" src=\"https:\/\/th.bing.com\/th\/id\/R.758f39212f6dd82b54262737a43128b4?rik=NPnWCOasRFu8Sg&amp;riu=http%3a%2f%2fbrandcollectionperfume.com%2fcdn%2fshop%2ffiles%2fUntitled_design_1.png%3fheight%3d628%26pad_color%3dffffff%26v%3d1687781756%26width%3d1200&amp;ehk=kS%2fn21O7V2AWrbq4OjG0iXkQF4DoYfCRb92QBbEFLx8%3d&amp;risl=&amp;pid=ImgRaw&amp;r=0\" alt=\"YouSmellSoGood\" width=\"516\" height=\"270\" \/><\/p>\n<h1>L\u2019EXTASE NINA RICCI<\/h1>\n<div class=\"box-title blue\">Es una fragancia que expresa pasi\u00f3n en cada gota. Este perfume est\u00e1 especialmente recomendado para mujeres que buscan sumergirse en un mundo de lujo y elegancia.<\/p>\n<p>La apertura es una composici\u00f3n armoniosa de notas delicadas, que invita a los sentidos a embarcarse en un viaje misterioso y cautivador. A medida que la fragancia se desarrolla, revela capas de notas florales que a\u00f1aden una elegancia sutil a la composici\u00f3n.<\/p>\n<p>En el coraz\u00f3n de este perfume, la presencia de notas amaderadas y orientales aporta profundidad y calidez. Estas notas se equilibran con acordes de vainilla, dando como resultado una fragancia envolvente y reconfortante.<\/p>\n<p>La base est\u00e1 compuesta por notas que dan durabilidad a la fragancia. El toque final de almizcle y pachul\u00ed deja una impresi\u00f3n duradera y memorable.<\/p>\n<p>Es una aut\u00e9ntica obra de arte, con sus l\u00edneas suaves y sus delicadas curvas. El color rosa p\u00e1lido transmite una sensaci\u00f3n de feminidad y misterio, mientras que el exquisito dise\u00f1o refleja sofisticaci\u00f3n.<\/p>\n<p>Prueba y d\u00e9jate llevar por un viaje de pasi\u00f3n. Esta fragancia es la elecci\u00f3n perfecta para las mujeres que buscan dejar una impresi\u00f3n inolvidable dondequiera que vayan.<\/p>\n<p>Notas de salida: Notas delicadas;<\/p>\n<p>Notas de Coraz\u00f3n: Notas Florales, Notas Amaderadas, Notas Orientales, Vainilla;<\/p>\n<p>Notas de fondo: Almizcle, pachul\u00ed.<\/p><\/div>\n","protected":false},"excerpt":{"rendered":"<p>L\u2019EXTASE NINA RICCI Es una fragancia que expresa pasi\u00f3n en cada gota. Este perfume est\u00e1 especialmente recomendado para mujeres que<\/p>\n","protected":false},"featured_media":81040,"comment_status":"open","ping_status":"closed","template":"","meta":{"nf_dc_page":""},"product_brand":[],"product_cat":[84],"product_tag":[],"class_list":{"0":"post-81038","1":"product","2":"type-product","3":"status-publish","4":"has-post-thumbnail","6":"product_cat-perfumeria","8":"first","9":"instock","10":"shipping-taxable","11":"purchasable","12":"product-type-simple"},"_links":{"self":[{"href":"https:\/\/brandss.com.py\/index\/wp-json\/wp\/v2\/product\/81038","targetHints":{"allow":["GET"]}}],"collection":[{"href":"https:\/\/brandss.com.py\/index\/wp-json\/wp\/v2\/product"}],"about":[{"href":"https:\/\/brandss.com.py\/index\/wp-json\/wp\/v2\/types\/product"}],"replies":[{"embeddable":true,"href":"https:\/\/brandss.com.py\/index\/wp-json\/wp\/v2\/comments?post=81038"}],"version-history":[{"count":3,"href":"https:\/\/brandss.com.py\/index\/wp-json\/wp\/v2\/product\/81038\/revisions"}],"predecessor-version":[{"id":88824,"href":"https:\/\/brandss.com.py\/index\/wp-json\/wp\/v2\/product\/81038\/revisions\/88824"}],"wp:featuredmedia":[{"embeddable":true,"href":"https:\/\/brandss.com.py\/index\/wp-json\/wp\/v2\/media\/81040"}],"wp:attachment":[{"href":"https:\/\/brandss.com.py\/index\/wp-json\/wp\/v2\/media?parent=81038"}],"wp:term":[{"taxonomy":"product_brand","embeddable":true,"href":"https:\/\/brandss.com.py\/index\/wp-json\/wp\/v2\/product_brand?post=81038"},{"taxonomy":"product_cat","embeddable":true,"href":"https:\/\/brandss.com.py\/index\/wp-json\/wp\/v2\/product_cat?post=81038"},{"taxonomy":"product_tag","embeddable":true,"href":"https:\/\/brandss.com.py\/index\/wp-json\/wp\/v2\/product_tag?post=81038"}],"curies":[{"name":"wp","href":"https:\/\/api.w.org\/{rel}","templated":true}]}}