{"id":81059,"date":"2025-04-28T17:32:44","date_gmt":"2025-04-28T17:32:44","guid":{"rendered":"https:\/\/brandss.com.py\/index\/?post_type=product&#038;p=81059"},"modified":"2026-03-05T12:19:04","modified_gmt":"2026-03-05T12:19:04","slug":"cargador-portatil-vezr-vp04-magsafe-10000mah-20w-black","status":"publish","type":"product","link":"https:\/\/brandss.com.py\/index\/producto\/cargador-portatil-vezr-vp04-magsafe-10000mah-20w-black\/","title":{"rendered":"CARGADOR PORT\u00c1TIL VEZR VP04 MAGSAFE 10000MAH 20W BLACK"},"content":{"rendered":"<p><img loading=\"lazy\" decoding=\"async\" class=\"\" src=\"https:\/\/encrypted-tbn0.gstatic.com\/images?q=tbn:ANd9GcT4nHlSHBi689mUojCL_kzSeBpUj4KjY0S6Tg&amp;s\" alt=\"VEZR (@vezr__hk) \u2022 Fotos y videos de Instagram\" width=\"86\" height=\"86\" \/><\/p>\n<h1>VP04<\/h1>\n<p class=\"\" data-start=\"89\" data-end=\"385\">El cargador port\u00e1til VEZR Magnetic Wireless ofrece la combinaci\u00f3n perfecta entre potencia, practicidad y tecnolog\u00eda de carga inal\u00e1mbrica. Con una capacidad de 10,000 mAh y un elegante dise\u00f1o en color negro, es ideal para quienes buscan estilo y funcionalidad en un solo dispositivo.<\/p>\n<p class=\"\" data-start=\"387\" data-end=\"419\"><strong data-start=\"387\" data-end=\"419\">Caracter\u00edsticas:<\/strong><\/p>\n<ul data-start=\"420\" data-end=\"1219\">\n<li class=\"\" data-start=\"420\" data-end=\"497\">\n<p class=\"\" data-start=\"422\" data-end=\"497\"><strong data-start=\"422\" data-end=\"445\">Potencia de salida:<\/strong> Hasta 20W con carga r\u00e1pida PD (Power Delivery).<\/p>\n<\/li>\n<li class=\"\" data-start=\"498\" data-end=\"591\">\n<p class=\"\" data-start=\"500\" data-end=\"591\"><strong data-start=\"500\" data-end=\"514\">Capacidad:<\/strong> 10,000 mAh, suficiente para varias recargas de tus dispositivos m\u00f3viles.<\/p>\n<\/li>\n<li class=\"\" data-start=\"592\" data-end=\"744\">\n<p class=\"\" data-start=\"594\" data-end=\"744\"><strong data-start=\"594\" data-end=\"626\">Carga inal\u00e1mbrica magn\u00e9tica:<\/strong> Compatible con tecnolog\u00eda MagSafe y otros dispositivos que soportan carga inal\u00e1mbrica magn\u00e9tica de hasta 20W.<\/p>\n<\/li>\n<li class=\"\" data-start=\"745\" data-end=\"829\">\n<p class=\"\" data-start=\"747\" data-end=\"829\"><strong data-start=\"747\" data-end=\"767\">Cable integrado:<\/strong> Incluye un cable Tipo C incorporado para mayor comodidad.<\/p>\n<\/li>\n<li class=\"\" data-start=\"830\" data-end=\"914\">\n<p class=\"\" data-start=\"832\" data-end=\"914\"><strong data-start=\"832\" data-end=\"853\">Pantalla digital:<\/strong> Indicador LED que muestra el porcentaje de carga disponible.<\/p>\n<\/li>\n<li class=\"\" data-start=\"915\" data-end=\"1001\">\n<p class=\"\" data-start=\"917\" data-end=\"1001\"><strong data-start=\"917\" data-end=\"949\">Dise\u00f1o compacto y ergon\u00f3mico:<\/strong>\u00a0ideal para transportarlo en el bolso o la mochila.<\/p>\n<\/li>\n<li class=\"\" data-start=\"1002\" data-end=\"1124\">\n<p class=\"\" data-start=\"1004\" data-end=\"1124\"><strong data-start=\"1004\" data-end=\"1023\">Compatibilidad:<\/strong> Carga dispositivos Android, iPhone y otros equipos compatibles con carga r\u00e1pida y carga inal\u00e1mbrica.<\/p>\n<\/li>\n<li class=\"\" data-start=\"1125\" data-end=\"1219\">\n<p class=\"\" data-start=\"1127\" data-end=\"1219\"><strong data-start=\"1127\" data-end=\"1151\">Construcci\u00f3n segura:<\/strong> Protecci\u00f3n contra sobrecargas, sobrecalentamiento y cortocircuitos.<\/p>\n<\/li>\n<\/ul>\n<p class=\"\" data-start=\"1221\" data-end=\"1346\"><strong data-start=\"1221\" data-end=\"1236\">Ideal para:<\/strong> usuarios que desean cargar sus dispositivos de forma r\u00e1pida y sin cables, con un dise\u00f1o atractivo y port\u00e1til.<\/p>\n","protected":false},"excerpt":{"rendered":"<p>VP04 El cargador port\u00e1til VEZR Magnetic Wireless ofrece la combinaci\u00f3n perfecta entre potencia, practicidad y tecnolog\u00eda de carga inal\u00e1mbrica. Con<\/p>\n","protected":false},"featured_media":81060,"comment_status":"open","ping_status":"closed","template":"","meta":{"nf_dc_page":""},"product_brand":[1103],"product_cat":[89],"product_tag":[1120],"class_list":{"0":"post-81059","1":"product","2":"type-product","3":"status-publish","4":"has-post-thumbnail","6":"product_brand-vezr","7":"product_cat-electronicos","8":"product_tag-1120","10":"first","11":"outofstock","12":"sale","13":"shipping-taxable","14":"purchasable","15":"product-type-simple"},"_links":{"self":[{"href":"https:\/\/brandss.com.py\/index\/wp-json\/wp\/v2\/product\/81059","targetHints":{"allow":["GET"]}}],"collection":[{"href":"https:\/\/brandss.com.py\/index\/wp-json\/wp\/v2\/product"}],"about":[{"href":"https:\/\/brandss.com.py\/index\/wp-json\/wp\/v2\/types\/product"}],"replies":[{"embeddable":true,"href":"https:\/\/brandss.com.py\/index\/wp-json\/wp\/v2\/comments?post=81059"}],"version-history":[{"count":1,"href":"https:\/\/brandss.com.py\/index\/wp-json\/wp\/v2\/product\/81059\/revisions"}],"predecessor-version":[{"id":81064,"href":"https:\/\/brandss.com.py\/index\/wp-json\/wp\/v2\/product\/81059\/revisions\/81064"}],"wp:featuredmedia":[{"embeddable":true,"href":"https:\/\/brandss.com.py\/index\/wp-json\/wp\/v2\/media\/81060"}],"wp:attachment":[{"href":"https:\/\/brandss.com.py\/index\/wp-json\/wp\/v2\/media?parent=81059"}],"wp:term":[{"taxonomy":"product_brand","embeddable":true,"href":"https:\/\/brandss.com.py\/index\/wp-json\/wp\/v2\/product_brand?post=81059"},{"taxonomy":"product_cat","embeddable":true,"href":"https:\/\/brandss.com.py\/index\/wp-json\/wp\/v2\/product_cat?post=81059"},{"taxonomy":"product_tag","embeddable":true,"href":"https:\/\/brandss.com.py\/index\/wp-json\/wp\/v2\/product_tag?post=81059"}],"curies":[{"name":"wp","href":"https:\/\/api.w.org\/{rel}","templated":true}]}}