{"id":81065,"date":"2025-04-28T18:08:06","date_gmt":"2025-04-28T18:08:06","guid":{"rendered":"https:\/\/brandss.com.py\/index\/?post_type=product&#038;p=81065"},"modified":"2025-10-28T11:12:22","modified_gmt":"2025-10-28T11:12:22","slug":"cargador-vezr-vf03-3-puertos-qc-2pd-gan-65w","status":"publish","type":"product","link":"https:\/\/brandss.com.py\/index\/producto\/cargador-vezr-vf03-3-puertos-qc-2pd-gan-65w\/","title":{"rendered":"CARGADOR VEZR VF03 3 PUERTOS QC &amp; 2PD GAN 65W"},"content":{"rendered":"<p><img loading=\"lazy\" decoding=\"async\" class=\"\" src=\"https:\/\/encrypted-tbn0.gstatic.com\/images?q=tbn:ANd9GcT4nHlSHBi689mUojCL_kzSeBpUj4KjY0S6Tg&amp;s\" alt=\"VEZR (@vezr__hk) \u2022 Fotos y videos de Instagram\" width=\"79\" height=\"79\" \/><\/p>\n<h1>VF03<\/h1>\n<p class=\"\" data-start=\"89\" data-end=\"341\">El cargador VEZR de 65W es un cargador r\u00e1pido de alta eficiencia, equipado con tecnolog\u00eda GaN (Nitruro de Galio), lo que permite un dise\u00f1o m\u00e1s compacto y eficiente en la gesti\u00f3n de calor. Ideal para cargar desde tel\u00e9fonos m\u00f3viles hasta laptops.<\/p>\n<p class=\"\" data-start=\"343\" data-end=\"375\"><strong data-start=\"343\" data-end=\"375\">Caracter\u00edsticas:<\/strong><\/p>\n<ul data-start=\"376\" data-end=\"1220\">\n<li class=\"\" data-start=\"376\" data-end=\"503\">\n<p class=\"\" data-start=\"378\" data-end=\"503\"><strong data-start=\"378\" data-end=\"407\">Potencia de salida total:<\/strong> 65W, ideal para carga r\u00e1pida de dispositivos exigentes como laptops, tablets y smartphones.<\/p>\n<\/li>\n<li class=\"\" data-start=\"504\" data-end=\"603\">\n<p class=\"\" data-start=\"506\" data-end=\"603\"><strong data-start=\"506\" data-end=\"525\">Tecnolog\u00eda GaN:<\/strong> Ofrece mayor eficiencia energ\u00e9tica, menor calentamiento y un tama\u00f1o compacto.<\/p>\n<\/li>\n<li class=\"\" data-start=\"604\" data-end=\"807\">\n<p class=\"\" data-start=\"606\" data-end=\"630\"><strong data-start=\"606\" data-end=\"629\">3 puertos de carga:<\/strong><\/p>\n<ul data-start=\"633\" data-end=\"807\">\n<li class=\"\" data-start=\"633\" data-end=\"723\">\n<p class=\"\" data-start=\"635\" data-end=\"723\"><strong data-start=\"635\" data-end=\"676\">2 puertos USB-C (PD &#8211; Power Delivery)<\/strong> para carga r\u00e1pida de dispositivos compatibles.<\/p>\n<\/li>\n<li class=\"\" data-start=\"726\" data-end=\"807\">\n<p class=\"\" data-start=\"728\" data-end=\"807\"><strong data-start=\"728\" data-end=\"766\">1 puerto USB-A (QC &#8211; Quick Charge)<\/strong> para carga r\u00e1pida de otros dispositivos.<\/p>\n<\/li>\n<\/ul>\n<\/li>\n<li class=\"\" data-start=\"808\" data-end=\"911\">\n<p class=\"\" data-start=\"810\" data-end=\"911\"><strong data-start=\"810\" data-end=\"831\">Carga simult\u00e1nea:<\/strong> Permite cargar hasta tres dispositivos al mismo tiempo sin perder potencia.<\/p>\n<\/li>\n<li class=\"\" data-start=\"912\" data-end=\"978\">\n<p class=\"\" data-start=\"914\" data-end=\"978\"><strong data-start=\"914\" data-end=\"942\">Dise\u00f1o compacto y ligero:<\/strong>\u00a0perfecto para viajes o uso diario.<\/p>\n<\/li>\n<li class=\"\" data-start=\"979\" data-end=\"1126\">\n<p class=\"\" data-start=\"981\" data-end=\"1126\"><strong data-start=\"981\" data-end=\"1000\">Compatibilidad:<\/strong> Funciona con una amplia gama de dispositivos, incluyendo iPhone, Android, MacBook, iPad, consolas de juegos port\u00e1tiles y m\u00e1s.<\/p>\n<\/li>\n<li class=\"\" data-start=\"1127\" data-end=\"1220\">\n<p class=\"\" data-start=\"1129\" data-end=\"1220\"><strong data-start=\"1129\" data-end=\"1152\">Seguridad avanzada:<\/strong> Protecci\u00f3n contra sobrecalentamiento, cortocircuitos y sobrecargas.<\/p>\n<\/li>\n<\/ul>\n<p class=\"\" data-start=\"1222\" data-end=\"1355\"><strong data-start=\"1222\" data-end=\"1237\">Ideal para:<\/strong> usuarios que buscan un cargador potente, port\u00e1til y capaz de cargar varios dispositivos de manera r\u00e1pida y eficiente.<\/p>\n","protected":false},"excerpt":{"rendered":"<p>VF03 El cargador VEZR de 65W es un cargador r\u00e1pido de alta eficiencia, equipado con tecnolog\u00eda GaN (Nitruro de Galio),<\/p>\n","protected":false},"featured_media":81066,"comment_status":"open","ping_status":"closed","template":"","meta":{"nf_dc_page":""},"product_brand":[1103],"product_cat":[89],"product_tag":[1112],"class_list":{"0":"post-81065","1":"product","2":"type-product","3":"status-publish","4":"has-post-thumbnail","6":"product_brand-vezr","7":"product_cat-electronicos","8":"product_tag-1112","10":"first","11":"instock","12":"shipping-taxable","13":"purchasable","14":"product-type-simple"},"_links":{"self":[{"href":"https:\/\/brandss.com.py\/index\/wp-json\/wp\/v2\/product\/81065","targetHints":{"allow":["GET"]}}],"collection":[{"href":"https:\/\/brandss.com.py\/index\/wp-json\/wp\/v2\/product"}],"about":[{"href":"https:\/\/brandss.com.py\/index\/wp-json\/wp\/v2\/types\/product"}],"replies":[{"embeddable":true,"href":"https:\/\/brandss.com.py\/index\/wp-json\/wp\/v2\/comments?post=81065"}],"version-history":[{"count":1,"href":"https:\/\/brandss.com.py\/index\/wp-json\/wp\/v2\/product\/81065\/revisions"}],"predecessor-version":[{"id":81070,"href":"https:\/\/brandss.com.py\/index\/wp-json\/wp\/v2\/product\/81065\/revisions\/81070"}],"wp:featuredmedia":[{"embeddable":true,"href":"https:\/\/brandss.com.py\/index\/wp-json\/wp\/v2\/media\/81066"}],"wp:attachment":[{"href":"https:\/\/brandss.com.py\/index\/wp-json\/wp\/v2\/media?parent=81065"}],"wp:term":[{"taxonomy":"product_brand","embeddable":true,"href":"https:\/\/brandss.com.py\/index\/wp-json\/wp\/v2\/product_brand?post=81065"},{"taxonomy":"product_cat","embeddable":true,"href":"https:\/\/brandss.com.py\/index\/wp-json\/wp\/v2\/product_cat?post=81065"},{"taxonomy":"product_tag","embeddable":true,"href":"https:\/\/brandss.com.py\/index\/wp-json\/wp\/v2\/product_tag?post=81065"}],"curies":[{"name":"wp","href":"https:\/\/api.w.org\/{rel}","templated":true}]}}