{"id":81102,"date":"2025-04-29T14:36:49","date_gmt":"2025-04-29T14:36:49","guid":{"rendered":"https:\/\/brandss.com.py\/index\/?post_type=product&#038;p=81102"},"modified":"2025-10-28T10:56:02","modified_gmt":"2025-10-28T10:56:02","slug":"adaptador-para-auto-vezr-vc01-2-puerto-pd-50w","status":"publish","type":"product","link":"https:\/\/brandss.com.py\/index\/producto\/adaptador-para-auto-vezr-vc01-2-puerto-pd-50w\/","title":{"rendered":"ADAPTADOR PARA AUTO VEZR VC01 2 PUERTO PD 50W"},"content":{"rendered":"<p><img loading=\"lazy\" decoding=\"async\" class=\"\" src=\"https:\/\/encrypted-tbn0.gstatic.com\/images?q=tbn:ANd9GcT4nHlSHBi689mUojCL_kzSeBpUj4KjY0S6Tg&amp;s\" alt=\"VEZR (@vezr__hk) \u2022 Fotos y videos de Instagram\" width=\"69\" height=\"69\" \/><\/p>\n<h1>VC01<\/h1>\n<p class=\"\" data-start=\"0\" data-end=\"277\"><span class=\"relative -mx-px my-[-0.2rem] rounded px-px py-[0.2rem] transition-colors duration-100 ease-in-out\">El adaptador para auto Vezr de 2 puertos y 50W con Power Delivery (PD) es un cargador de alta velocidad dise\u00f1ado para ofrecer una carga eficiente y segura a m\u00faltiples dispositivos mientras conduces.<\/span><\/p>\n<h3 class=\"\" data-start=\"284\" data-end=\"316\">Caracter\u00edsticas destacadas<\/h3>\n<ul data-start=\"318\" data-end=\"1137\">\n<li class=\"\" data-start=\"318\" data-end=\"428\">\n<p class=\"\" data-start=\"320\" data-end=\"428\"><strong data-start=\"320\" data-end=\"345\">Potencia total de 50W<\/strong>: <span class=\"relative -mx-px my-[-0.2rem] rounded px-px py-[0.2rem] transition-colors duration-100 ease-in-out\">Permite cargar simult\u00e1neamente dos dispositivos a alta velocidad, ideal para smartphones, tabletas y otros dispositivos compatibles con USB-C y USB-A.<\/span>\u200b<\/p>\n<\/li>\n<li class=\"\" data-start=\"430\" data-end=\"658\">\n<p class=\"\" data-start=\"432\" data-end=\"458\"><strong data-start=\"432\" data-end=\"457\">Dos puertos de salida<\/strong>:<\/p>\n<ul data-start=\"461\" data-end=\"658\">\n<li class=\"\" data-start=\"461\" data-end=\"535\">\n<p class=\"\" data-start=\"463\" data-end=\"535\"><strong data-start=\"463\" data-end=\"496\">USB-C con Power Delivery (PD)<\/strong>: <span class=\"relative -mx-px my-[-0.2rem] rounded px-px py-[0.2rem] transition-colors duration-100 ease-in-out\">Proporciona hasta 20W de potencia, adecuado para cargar r\u00e1pidamente dispositivos compatibles.<\/span><\/p>\n<\/li>\n<li class=\"\" data-start=\"538\" data-end=\"658\">\n<p class=\"\" data-start=\"540\" data-end=\"658\"><strong data-start=\"540\" data-end=\"575\">USB-A con Quick Charge (QC) 3.0<\/strong>: <span class=\"relative -mx-px my-[-0.2rem] rounded px-px py-[0.2rem] transition-colors duration-100 ease-in-out\">Ofrece hasta 30W de potencia, ideal para dispositivos que admiten carga r\u00e1pida a trav\u00e9s de USB-A.<\/span>\u200b<\/p>\n<\/li>\n<\/ul>\n<\/li>\n<li class=\"\" data-start=\"660\" data-end=\"773\">\n<p class=\"\" data-start=\"662\" data-end=\"773\"><strong data-start=\"662\" data-end=\"690\">Compatibilidad universal<\/strong>: <span class=\"relative -mx-px my-[-0.2rem] rounded px-px py-[0.2rem] transition-colors duration-100 ease-in-out\">Adecuado para una amplia gama de dispositivos, incluidos iPhone, iPad, Samsung Galaxy, Google Pixel y m\u00e1s.<\/span>\u200b<\/p>\n<\/li>\n<li class=\"\" data-start=\"775\" data-end=\"892\">\n<p class=\"\" data-start=\"777\" data-end=\"892\"><strong data-start=\"777\" data-end=\"807\">Dise\u00f1o compacto y elegante<\/strong>: <span class=\"relative -mx-px my-[-0.2rem] rounded px-px py-[0.2rem] transition-colors duration-100 ease-in-out\">Su tama\u00f1o reducido y acabado en materiales resistentes lo hacen discreto y duradero, integr\u00e1ndose perfectamente en el interior del veh\u00edculo.<\/span>\u200b<\/p>\n<\/li>\n<li class=\"\" data-start=\"894\" data-end=\"1006\">\n<p class=\"\" data-start=\"896\" data-end=\"1006\"><strong data-start=\"896\" data-end=\"919\">Indicador LED suave<\/strong>: <span class=\"relative -mx-px my-[-0.2rem] rounded px-px py-[0.2rem] transition-colors duration-100 ease-in-out\">Una luz indicadora sutil muestra el estado de carga sin causar distracciones durante la conducci\u00f3n.<\/span>\u200b<\/p>\n<\/li>\n<li class=\"\" data-start=\"1008\" data-end=\"1137\">\n<p class=\"\" data-start=\"1010\" data-end=\"1137\"><strong data-start=\"1010\" data-end=\"1050\">Protecciones de seguridad integradas<\/strong>: <span class=\"relative -mx-px my-[-0.2rem] rounded px-px py-[0.2rem] transition-colors duration-100 ease-in-out\">Incluye sistemas de protecci\u00f3n contra sobrecorriente, sobretensi\u00f3n, sobrecalentamiento y cortocircuito, garantizando la seguridad de tus dispositivos.<\/span>\u200b<\/p>\n<\/li>\n<\/ul>\n<h3 class=\"\" data-start=\"1144\" data-end=\"1207\">Especificaciones t\u00e9cnicas<\/h3>\n<ul data-start=\"1209\" data-end=\"1924\">\n<li class=\"\" data-start=\"1209\" data-end=\"1309\">\n<p class=\"\" data-start=\"1211\" data-end=\"1309\"><strong data-start=\"1211\" data-end=\"1222\">Entrada<\/strong>: <span class=\"relative -mx-px my-[-0.2rem] rounded px-px py-[0.2rem] transition-colors duration-100 ease-in-out\">DC 12V \u2013 24V, compatible con autom\u00f3viles y camiones.<\/span>\u200b<\/p>\n<\/li>\n<li class=\"\" data-start=\"1311\" data-end=\"1495\">\n<p class=\"\" data-start=\"1313\" data-end=\"1325\"><strong data-start=\"1313\" data-end=\"1324\">Salidas<\/strong>:<\/p>\n<ul data-start=\"1328\" data-end=\"1495\">\n<li class=\"\" data-start=\"1328\" data-end=\"1385\">\n<p class=\"\" data-start=\"1330\" data-end=\"1385\"><strong data-start=\"1330\" data-end=\"1344\">USB-C (PD)<\/strong>: <span class=\"relative -mx-px my-[-0.2rem] rounded px-px py-[0.2rem] transition-colors duration-100 ease-in-out\">5V\/3A, 9V\/2.2A, 12V\/1.67A (20W m\u00e1x.)<\/span><\/p>\n<\/li>\n<li class=\"\" data-start=\"1388\" data-end=\"1495\">\n<p class=\"\" data-start=\"1390\" data-end=\"1495\"><strong data-start=\"1390\" data-end=\"1408\">USB-A (QC 3.0)<\/strong>: <span class=\"relative -mx-px my-[-0.2rem] rounded px-px py-[0.2rem] transition-colors duration-100 ease-in-out\">5V\/3A, 9V\/3A, 12V\/2.5A (30W m\u00e1x.)<\/span>\u200b<\/p>\n<\/li>\n<\/ul>\n<\/li>\n<li class=\"\" data-start=\"1497\" data-end=\"1604\">\n<p class=\"\" data-start=\"1499\" data-end=\"1604\"><strong data-start=\"1499\" data-end=\"1517\">Potencia total<\/strong>: <span class=\"relative -mx-px my-[-0.2rem] rounded px-px py-[0.2rem] transition-colors duration-100 ease-in-out\">50W (20W + 30W).<\/span>\u200b<\/p>\n<\/li>\n<li class=\"\" data-start=\"1606\" data-end=\"1707\">\n<p class=\"\" data-start=\"1608\" data-end=\"1707\"><strong data-start=\"1608\" data-end=\"1620\">Material<\/strong>: <span class=\"relative -mx-px my-[-0.2rem] rounded px-px py-[0.2rem] transition-colors duration-100 ease-in-out\">Aleaci\u00f3n de zinc o aluminio para una mayor durabilidad y disipaci\u00f3n de calor.<\/span>\u200b<\/p>\n<\/li>\n<li class=\"\" data-start=\"1709\" data-end=\"1825\">\n<p class=\"\" data-start=\"1711\" data-end=\"1825\"><strong data-start=\"1711\" data-end=\"1738\">Dimensiones aproximadas<\/strong>: <span class=\"relative -mx-px my-[-0.2rem] rounded px-px py-[0.2rem] transition-colors duration-100 ease-in-out\">24 \u00d7 24 \u00d7 53.5 mm.<\/span><\/p>\n<\/li>\n<li class=\"\" data-start=\"1827\" data-end=\"1924\">\n<p class=\"\" data-start=\"1829\" data-end=\"1924\"><strong data-start=\"1829\" data-end=\"1837\">Peso<\/strong>: <span class=\"relative -mx-px my-[-0.2rem] rounded px-px py-[0.2rem] transition-colors duration-100 ease-in-out\">Aproximadamente 18.4 g.<\/span>\u200b<\/p>\n<\/li>\n<\/ul>\n<h3 class=\"\" data-start=\"1931\" data-end=\"1945\">Ventajas<\/h3>\n<ul data-start=\"1947\" data-end=\"2417\">\n<li class=\"\" data-start=\"1947\" data-end=\"2065\">\n<p class=\"\" data-start=\"1949\" data-end=\"2065\"><strong data-start=\"1949\" data-end=\"1978\">Carga r\u00e1pida y simult\u00e1nea<\/strong>: <span class=\"relative -mx-px my-[-0.2rem] rounded px-px py-[0.2rem] transition-colors duration-100 ease-in-out\">Ideal para cargar dos dispositivos al mismo tiempo sin sacrificar velocidad.<\/span>\u200b<\/p>\n<\/li>\n<li class=\"\" data-start=\"2067\" data-end=\"2181\">\n<p class=\"\" data-start=\"2069\" data-end=\"2181\"><strong data-start=\"2069\" data-end=\"2094\">Compatibilidad amplia<\/strong>: <span class=\"relative -mx-px my-[-0.2rem] rounded px-px py-[0.2rem] transition-colors duration-100 ease-in-out\">Funciona con una variedad de dispositivos USB-C y USB-A, incluyendo smartphones, tabletas y consolas port\u00e1tiles.<\/span>\u200b<\/p>\n<\/li>\n<li class=\"\" data-start=\"2183\" data-end=\"2301\">\n<p class=\"\" data-start=\"2185\" data-end=\"2301\"><strong data-start=\"2185\" data-end=\"2214\">Dise\u00f1o robusto y port\u00e1til<\/strong>: <span class=\"relative -mx-px my-[-0.2rem] rounded px-px py-[0.2rem] transition-colors duration-100 ease-in-out\">Su construcci\u00f3n en aleaci\u00f3n met\u00e1lica ofrece resistencia y un aspecto elegante.<\/span>\u200b<\/p>\n<\/li>\n<li class=\"\" data-start=\"2303\" data-end=\"2417\">\n<p class=\"\" data-start=\"2305\" data-end=\"2417\"><strong data-start=\"2305\" data-end=\"2330\">Seguridad garantizada<\/strong>: <span class=\"relative -mx-px my-[-0.2rem] rounded px-px py-[0.2rem] transition-colors duration-100 ease-in-out\">Las m\u00faltiples protecciones integradas aseguran una carga segura para tus dispositivos.<\/span>\u200b<\/p>\n<\/li>\n<\/ul>\n<p class=\"\" data-start=\"2424\" data-end=\"2549\"><span class=\"relative -mx-px my-[-0.2rem] rounded px-px py-[0.2rem] transition-colors duration-100 ease-in-out\">Este adaptador para auto es una excelente opci\u00f3n para quienes buscan eficiencia y seguridad al cargar sus dispositivos en movimiento.<\/span> <span class=\"relative -mx-px my-[-0.2rem] rounded px-px py-[0.2rem] transition-colors duration-100 ease-in-out\">Su dise\u00f1o compacto y potencia adecuada lo hacen ideal para viajes y uso diario.<\/span><\/p>\n","protected":false},"excerpt":{"rendered":"<p>VC01 El adaptador para auto Vezr de 2 puertos y 50W con Power Delivery (PD) es un cargador de alta<\/p>\n","protected":false},"featured_media":81103,"comment_status":"open","ping_status":"closed","template":"","meta":{"nf_dc_page":""},"product_brand":[1103],"product_cat":[89],"product_tag":[1105],"class_list":{"0":"post-81102","1":"product","2":"type-product","3":"status-publish","4":"has-post-thumbnail","6":"product_brand-vezr","7":"product_cat-electronicos","8":"product_tag-1105","10":"first","11":"instock","12":"shipping-taxable","13":"purchasable","14":"product-type-simple"},"_links":{"self":[{"href":"https:\/\/brandss.com.py\/index\/wp-json\/wp\/v2\/product\/81102","targetHints":{"allow":["GET"]}}],"collection":[{"href":"https:\/\/brandss.com.py\/index\/wp-json\/wp\/v2\/product"}],"about":[{"href":"https:\/\/brandss.com.py\/index\/wp-json\/wp\/v2\/types\/product"}],"replies":[{"embeddable":true,"href":"https:\/\/brandss.com.py\/index\/wp-json\/wp\/v2\/comments?post=81102"}],"version-history":[{"count":1,"href":"https:\/\/brandss.com.py\/index\/wp-json\/wp\/v2\/product\/81102\/revisions"}],"predecessor-version":[{"id":81108,"href":"https:\/\/brandss.com.py\/index\/wp-json\/wp\/v2\/product\/81102\/revisions\/81108"}],"wp:featuredmedia":[{"embeddable":true,"href":"https:\/\/brandss.com.py\/index\/wp-json\/wp\/v2\/media\/81103"}],"wp:attachment":[{"href":"https:\/\/brandss.com.py\/index\/wp-json\/wp\/v2\/media?parent=81102"}],"wp:term":[{"taxonomy":"product_brand","embeddable":true,"href":"https:\/\/brandss.com.py\/index\/wp-json\/wp\/v2\/product_brand?post=81102"},{"taxonomy":"product_cat","embeddable":true,"href":"https:\/\/brandss.com.py\/index\/wp-json\/wp\/v2\/product_cat?post=81102"},{"taxonomy":"product_tag","embeddable":true,"href":"https:\/\/brandss.com.py\/index\/wp-json\/wp\/v2\/product_tag?post=81102"}],"curies":[{"name":"wp","href":"https:\/\/api.w.org\/{rel}","templated":true}]}}