{"id":81129,"date":"2025-04-29T18:29:26","date_gmt":"2025-04-29T18:29:26","guid":{"rendered":"https:\/\/brandss.com.py\/index\/?post_type=product&#038;p=81129"},"modified":"2025-10-28T11:27:39","modified_gmt":"2025-10-28T11:27:39","slug":"cargador-para-auto-vezr-vh03-ice-cooling-wireless-charger-rgb-15w","status":"publish","type":"product","link":"https:\/\/brandss.com.py\/index\/producto\/cargador-para-auto-vezr-vh03-ice-cooling-wireless-charger-rgb-15w\/","title":{"rendered":"CARGADOR PARA AUTO VEZR VH03 ICE COOLING WIRELESS CHARGER RGB 15W"},"content":{"rendered":"<p><img loading=\"lazy\" decoding=\"async\" class=\"\" src=\"https:\/\/encrypted-tbn0.gstatic.com\/images?q=tbn:ANd9GcT4nHlSHBi689mUojCL_kzSeBpUj4KjY0S6Tg&amp;s\" alt=\"VEZR (@vezr__hk) \u2022 Fotos y videos de Instagram\" width=\"85\" height=\"85\" \/><\/p>\n<h1>VH03<\/h1>\n<p class=\"\" data-start=\"0\" data-end=\"126\">\u200b<span class=\"relative -mx-px my-[-0.2rem] rounded px-px py-[0.2rem] transition-colors duration-100 ease-in-out\">El cargador para auto Vezr Ice Cooling Wireless Charger 15W RGB Luminescence es un dispositivo de carga inal\u00e1mbrica dise\u00f1ado para ofrecer una experiencia de carga eficiente y estilizada en tu veh\u00edculo.<\/span> \u200b<\/p>\n<h3 class=\"\" data-start=\"133\" data-end=\"165\">Caracter\u00edsticas destacadas<\/h3>\n<ul data-start=\"167\" data-end=\"902\">\n<li class=\"\" data-start=\"167\" data-end=\"293\">\n<p class=\"\" data-start=\"169\" data-end=\"293\"><strong data-start=\"169\" data-end=\"210\">Carga inal\u00e1mbrica r\u00e1pida de hasta 15W<\/strong>: <span class=\"relative -mx-px my-[-0.2rem] rounded px-px py-[0.2rem] transition-colors duration-100 ease-in-out\">Compatible con el est\u00e1ndar Qi, permite una carga eficiente para dispositivos como iPhone 15, 14, 13, 12 y modelos de Samsung Galaxy que admiten carga inal\u00e1mbrica.<\/span>\u200b<\/p>\n<\/li>\n<li class=\"\" data-start=\"295\" data-end=\"433\">\n<p class=\"\" data-start=\"297\" data-end=\"433\"><strong data-start=\"297\" data-end=\"350\">Tecnolog\u00eda de enfriamiento activo (&#8220;Ice Cooling&#8221;)<\/strong>: <span class=\"relative -mx-px my-[-0.2rem] rounded px-px py-[0.2rem] transition-colors duration-100 ease-in-out\">Incorpora un sistema de refrigeraci\u00f3n que ayuda a disipar el calor generado durante la carga, manteniendo una temperatura \u00f3ptima y protegiendo la bater\u00eda del dispositivo.<\/span>\u200b<\/p>\n<\/li>\n<li class=\"\" data-start=\"435\" data-end=\"554\">\n<p class=\"\" data-start=\"437\" data-end=\"554\"><strong data-start=\"437\" data-end=\"471\">Iluminaci\u00f3n RGB personalizable<\/strong>: <span class=\"relative -mx-px my-[-0.2rem] rounded px-px py-[0.2rem] transition-colors duration-100 ease-in-out\">Ofrece efectos de luz RGB que no solo a\u00f1aden un toque est\u00e9tico al interior del veh\u00edculo, sino que tambi\u00e9n indican el estado de carga del dispositivo.<\/span>\u200b<\/p>\n<\/li>\n<li class=\"\" data-start=\"556\" data-end=\"672\">\n<p class=\"\" data-start=\"558\" data-end=\"672\"><strong data-start=\"558\" data-end=\"587\">Conexi\u00f3n magn\u00e9tica segura<\/strong>: <span class=\"relative -mx-px my-[-0.2rem] rounded px-px py-[0.2rem] transition-colors duration-100 ease-in-out\">El sistema de imanes asegura que el dispositivo se mantenga firmemente en su lugar durante la conducci\u00f3n, facilitando una colocaci\u00f3n y extracci\u00f3n r\u00e1pidas con una sola mano.<\/span>\u200b<\/p>\n<\/li>\n<li class=\"\" data-start=\"674\" data-end=\"783\">\n<p class=\"\" data-start=\"676\" data-end=\"783\"><strong data-start=\"676\" data-end=\"696\">Montaje vers\u00e1til<\/strong>: <span class=\"relative -mx-px my-[-0.2rem] rounded px-px py-[0.2rem] transition-colors duration-100 ease-in-out\">Dise\u00f1ado para adaptarse a diferentes tipos de salidas de aire del autom\u00f3vil, permitiendo una instalaci\u00f3n sencilla y estable.<\/span>\u200b<\/p>\n<\/li>\n<li class=\"\" data-start=\"785\" data-end=\"902\">\n<p class=\"\" data-start=\"787\" data-end=\"902\"><strong data-start=\"787\" data-end=\"815\">Compatibilidad universal<\/strong>: <span class=\"relative -mx-px my-[-0.2rem] rounded px-px py-[0.2rem] transition-colors duration-100 ease-in-out\">Adecuado para una amplia gama de dispositivos, incluidos iPhone 15, 14, 13, 12 y modelos de Samsung Galaxy que admiten carga inal\u00e1mbrica.<\/span>\u200b<\/p>\n<\/li>\n<\/ul>\n<h3 class=\"\" data-start=\"909\" data-end=\"972\">Especificaciones t\u00e9cnicas<\/h3>\n<ul data-start=\"974\" data-end=\"1738\">\n<li class=\"\" data-start=\"974\" data-end=\"1085\">\n<p class=\"\" data-start=\"976\" data-end=\"1085\"><strong data-start=\"976\" data-end=\"998\">Potencia de salida<\/strong>: <span class=\"relative -mx-px my-[-0.2rem] rounded px-px py-[0.2rem] transition-colors duration-100 ease-in-out\">5W, 7.5W, 10W y 15W.<\/span>\u200b<\/p>\n<\/li>\n<li class=\"\" data-start=\"1087\" data-end=\"1187\">\n<p class=\"\" data-start=\"1089\" data-end=\"1187\"><strong data-start=\"1089\" data-end=\"1100\">Entrada<\/strong>: <span class=\"relative -mx-px my-[-0.2rem] rounded px-px py-[0.2rem] transition-colors duration-100 ease-in-out\">9V\/2A o 12V\/2A (se recomienda utilizar un adaptador QC 3.0 para obtener el mejor rendimiento).<\/span>\u200b<\/p>\n<\/li>\n<li class=\"\" data-start=\"1189\" data-end=\"1298\">\n<p class=\"\" data-start=\"1191\" data-end=\"1298\"><strong data-start=\"1191\" data-end=\"1211\">Tipo de conector<\/strong>: <span class=\"relative -mx-px my-[-0.2rem] rounded px-px py-[0.2rem] transition-colors duration-100 ease-in-out\">USB Tipo-C.<\/span>\u200b<\/p>\n<\/li>\n<li class=\"\" data-start=\"1300\" data-end=\"1401\">\n<p class=\"\" data-start=\"1302\" data-end=\"1401\"><strong data-start=\"1302\" data-end=\"1314\">Material<\/strong>: <span class=\"relative -mx-px my-[-0.2rem] rounded px-px py-[0.2rem] transition-colors duration-100 ease-in-out\">Construcci\u00f3n en aleaci\u00f3n de zinc o aluminio para mayor durabilidad y disipaci\u00f3n de calor.<\/span>\u200b<\/p>\n<\/li>\n<li class=\"\" data-start=\"1403\" data-end=\"1519\">\n<p class=\"\" data-start=\"1405\" data-end=\"1519\"><strong data-start=\"1405\" data-end=\"1432\">Dimensiones aproximadas<\/strong>: <span class=\"relative -mx-px my-[-0.2rem] rounded px-px py-[0.2rem] transition-colors duration-100 ease-in-out\">64 x 64 x 42.5 mm.<\/span><\/p>\n<\/li>\n<li class=\"\" data-start=\"1521\" data-end=\"1618\">\n<p class=\"\" data-start=\"1523\" data-end=\"1618\"><strong data-start=\"1523\" data-end=\"1531\">Peso<\/strong>: <span class=\"relative -mx-px my-[-0.2rem] rounded px-px py-[0.2rem] transition-colors duration-100 ease-in-out\">Aproximadamente 101 g.<\/span>\u200b<\/p>\n<\/li>\n<li class=\"\" data-start=\"1620\" data-end=\"1738\">\n<p class=\"\" data-start=\"1622\" data-end=\"1738\"><strong data-start=\"1622\" data-end=\"1651\">Protecciones de seguridad<\/strong>: <span class=\"relative -mx-px my-[-0.2rem] rounded px-px py-[0.2rem] transition-colors duration-100 ease-in-out\">Incluye sistemas de protecci\u00f3n contra sobrecorriente, sobretensi\u00f3n, sobrecalentamiento y detecci\u00f3n de objetos extra\u00f1os (FOD).<\/span>\u200b<\/p>\n<\/li>\n<\/ul>\n<h3 class=\"\" data-start=\"1745\" data-end=\"1759\">Ventajas<\/h3>\n<ul data-start=\"1761\" data-end=\"2234\">\n<li class=\"\" data-start=\"1761\" data-end=\"1878\">\n<p class=\"\" data-start=\"1763\" data-end=\"1878\"><strong data-start=\"1763\" data-end=\"1791\">Carga r\u00e1pida y eficiente<\/strong>: <span class=\"relative -mx-px my-[-0.2rem] rounded px-px py-[0.2rem] transition-colors duration-100 ease-in-out\">Ideal para mantener tus dispositivos cargados durante viajes largos o desplazamientos diarios.<\/span>\u200b<\/p>\n<\/li>\n<li class=\"\" data-start=\"1880\" data-end=\"2000\">\n<p class=\"\" data-start=\"1882\" data-end=\"2000\"><strong data-start=\"1882\" data-end=\"1913\">Dise\u00f1o elegante y funcional<\/strong>: <span class=\"relative -mx-px my-[-0.2rem] rounded px-px py-[0.2rem] transition-colors duration-100 ease-in-out\">La combinaci\u00f3n de carga inal\u00e1mbrica, efectos de luz RGB y tecnolog\u00eda de enfriamiento aporta un toque moderno al interior del veh\u00edculo.<\/span>\u200b<\/p>\n<\/li>\n<li class=\"\" data-start=\"2002\" data-end=\"2118\">\n<p class=\"\" data-start=\"2004\" data-end=\"2118\"><strong data-start=\"2004\" data-end=\"2031\">F\u00e1cil instalaci\u00f3n y uso<\/strong>: <span class=\"relative -mx-px my-[-0.2rem] rounded px-px py-[0.2rem] transition-colors duration-100 ease-in-out\">El sistema magn\u00e9tico y el montaje en la salida de aire permiten una colocaci\u00f3n sencilla y segura.<\/span>\u200b<\/p>\n<\/li>\n<li class=\"\" data-start=\"2120\" data-end=\"2234\">\n<p class=\"\" data-start=\"2122\" data-end=\"2234\"><strong data-start=\"2122\" data-end=\"2147\">Compatibilidad amplia<\/strong>: <span class=\"relative -mx-px my-[-0.2rem] rounded px-px py-[0.2rem] transition-colors duration-100 ease-in-out\">Funciona con una variedad de dispositivos, incluyendo los \u00faltimos modelos de iPhone y otros smartphones con carga inal\u00e1mbrica.<\/span>\u200b<\/p>\n<\/li>\n<\/ul>\n<p class=\"\" data-start=\"2241\" data-end=\"2366\"><span class=\"relative -mx-px my-[-0.2rem] rounded px-px py-[0.2rem] transition-colors duration-100 ease-in-out\">Este cargador para auto es una excelente opci\u00f3n para quienes buscan una soluci\u00f3n de carga inal\u00e1mbrica r\u00e1pida y estilizada en su veh\u00edculo.<\/span> <span class=\"relative -mx-px my-[-0.2rem] rounded px-px py-[0.2rem] transition-colors duration-100 ease-in-out\">Su dise\u00f1o compacto y caracter\u00edsticas avanzadas lo hacen ideal para viajes y uso diario.<\/span><\/p>\n","protected":false},"excerpt":{"rendered":"<p>VH03 \u200bEl cargador para auto Vezr Ice Cooling Wireless Charger 15W RGB Luminescence es un dispositivo de carga inal\u00e1mbrica dise\u00f1ado<\/p>\n","protected":false},"featured_media":81130,"comment_status":"open","ping_status":"closed","template":"","meta":{"nf_dc_page":""},"product_brand":[1103],"product_cat":[89],"product_tag":[1117],"class_list":{"0":"post-81129","1":"product","2":"type-product","3":"status-publish","4":"has-post-thumbnail","6":"product_brand-vezr","7":"product_cat-electronicos","8":"product_tag-1117","10":"first","11":"instock","12":"shipping-taxable","13":"purchasable","14":"product-type-simple"},"_links":{"self":[{"href":"https:\/\/brandss.com.py\/index\/wp-json\/wp\/v2\/product\/81129","targetHints":{"allow":["GET"]}}],"collection":[{"href":"https:\/\/brandss.com.py\/index\/wp-json\/wp\/v2\/product"}],"about":[{"href":"https:\/\/brandss.com.py\/index\/wp-json\/wp\/v2\/types\/product"}],"replies":[{"embeddable":true,"href":"https:\/\/brandss.com.py\/index\/wp-json\/wp\/v2\/comments?post=81129"}],"version-history":[{"count":1,"href":"https:\/\/brandss.com.py\/index\/wp-json\/wp\/v2\/product\/81129\/revisions"}],"predecessor-version":[{"id":81135,"href":"https:\/\/brandss.com.py\/index\/wp-json\/wp\/v2\/product\/81129\/revisions\/81135"}],"wp:featuredmedia":[{"embeddable":true,"href":"https:\/\/brandss.com.py\/index\/wp-json\/wp\/v2\/media\/81130"}],"wp:attachment":[{"href":"https:\/\/brandss.com.py\/index\/wp-json\/wp\/v2\/media?parent=81129"}],"wp:term":[{"taxonomy":"product_brand","embeddable":true,"href":"https:\/\/brandss.com.py\/index\/wp-json\/wp\/v2\/product_brand?post=81129"},{"taxonomy":"product_cat","embeddable":true,"href":"https:\/\/brandss.com.py\/index\/wp-json\/wp\/v2\/product_cat?post=81129"},{"taxonomy":"product_tag","embeddable":true,"href":"https:\/\/brandss.com.py\/index\/wp-json\/wp\/v2\/product_tag?post=81129"}],"curies":[{"name":"wp","href":"https:\/\/api.w.org\/{rel}","templated":true}]}}