{"id":81137,"date":"2025-04-29T18:47:35","date_gmt":"2025-04-29T18:47:35","guid":{"rendered":"https:\/\/brandss.com.py\/index\/?post_type=product&#038;p=81137"},"modified":"2026-03-05T12:22:45","modified_gmt":"2026-03-05T12:22:45","slug":"soporte-magnetico-para-auto-vezr-vh01-car-mount-bracket","status":"publish","type":"product","link":"https:\/\/brandss.com.py\/index\/producto\/soporte-magnetico-para-auto-vezr-vh01-car-mount-bracket\/","title":{"rendered":"SOPORTE MAGN\u00c9TICO PARA AUTO VEZR VH01 CAR MOUNT BRACKET"},"content":{"rendered":"<p><img loading=\"lazy\" decoding=\"async\" class=\"\" src=\"https:\/\/encrypted-tbn0.gstatic.com\/images?q=tbn:ANd9GcT4nHlSHBi689mUojCL_kzSeBpUj4KjY0S6Tg&amp;s\" alt=\"VEZR (@vezr__hk) \u2022 Fotos y videos de Instagram\" width=\"78\" height=\"78\" \/><\/p>\n<h1>VH01<\/h1>\n<p class=\"\" data-start=\"0\" data-end=\"126\"><span class=\"relative -mx-px my-[-0.2rem] rounded px-px py-[0.2rem] transition-colors duration-100 ease-in-out\">El soporte magn\u00e9tico para auto Vezr Magnetic Holder Car Mount Bracket es un accesorio dise\u00f1ado para ofrecer una soluci\u00f3n pr\u00e1ctica y segura al momento de utilizar tu tel\u00e9fono m\u00f3vil mientras conduces.<\/span>\u200b<\/p>\n<h3 class=\"\" data-start=\"133\" data-end=\"166\">Caracter\u00edsticas destacadas<\/h3>\n<ul data-start=\"168\" data-end=\"735\">\n<li class=\"\" data-start=\"168\" data-end=\"283\">\n<p class=\"\" data-start=\"170\" data-end=\"283\"><strong data-start=\"170\" data-end=\"200\">Fijaci\u00f3n magn\u00e9tica potente<\/strong>: <span class=\"relative -mx-px my-[-0.2rem] rounded px-px py-[0.2rem] transition-colors duration-100 ease-in-out\">Incorpora imanes de alta resistencia que aseguran una sujeci\u00f3n firme del dispositivo, incluso en caminos irregulares.<\/span>\u200b<\/p>\n<\/li>\n<li class=\"\" data-start=\"285\" data-end=\"390\">\n<p class=\"\" data-start=\"287\" data-end=\"390\"><strong data-start=\"287\" data-end=\"307\">Montaje vers\u00e1til<\/strong>: <span class=\"relative -mx-px my-[-0.2rem] rounded px-px py-[0.2rem] transition-colors duration-100 ease-in-out\">Dise\u00f1ado para adaptarse a diferentes tipos de salidas de aire del autom\u00f3vil, permitiendo una instalaci\u00f3n sencilla y estable.<\/span>\u200b<\/p>\n<\/li>\n<li class=\"\" data-start=\"392\" data-end=\"497\">\n<p class=\"\" data-start=\"394\" data-end=\"497\"><strong data-start=\"394\" data-end=\"414\">Rotaci\u00f3n de 1080\u00b0<\/strong>: <span class=\"relative -mx-px my-[-0.2rem] rounded px-px py-[0.2rem] transition-colors duration-100 ease-in-out\">Permite ajustar el \u00e1ngulo de visi\u00f3n del dispositivo seg\u00fan las preferencias del usuario, facilitando el acceso a funciones como navegaci\u00f3n GPS o llamadas manos libres.<\/span>\u200b<\/p>\n<\/li>\n<li class=\"\" data-start=\"499\" data-end=\"614\">\n<p class=\"\" data-start=\"501\" data-end=\"614\"><strong data-start=\"501\" data-end=\"529\">Compatibilidad universal<\/strong>: <span class=\"relative -mx-px my-[-0.2rem] rounded px-px py-[0.2rem] transition-colors duration-100 ease-in-out\">Adecuado para una amplia gama de dispositivos, incluidos smartphones de diversas marcas y tama\u00f1os.<\/span>\u200b<\/p>\n<\/li>\n<li class=\"\" data-start=\"616\" data-end=\"735\">\n<p class=\"\" data-start=\"618\" data-end=\"735\"><strong data-start=\"618\" data-end=\"648\">Dise\u00f1o compacto y elegante<\/strong>: <span class=\"relative -mx-px my-[-0.2rem] rounded px-px py-[0.2rem] transition-colors duration-100 ease-in-out\">Su tama\u00f1o reducido y acabado en materiales resistentes lo hacen discreto y duradero, integr\u00e1ndose perfectamente en el interior del veh\u00edculo.<\/span>\u200b<\/p>\n<\/li>\n<\/ul>\n<h3 class=\"\" data-start=\"742\" data-end=\"756\">Ventajas<\/h3>\n<ul data-start=\"758\" data-end=\"1108\">\n<li class=\"\" data-start=\"758\" data-end=\"872\">\n<p class=\"\" data-start=\"760\" data-end=\"872\"><strong data-start=\"760\" data-end=\"785\">Uso con una sola mano<\/strong>: <span class=\"relative -mx-px my-[-0.2rem] rounded px-px py-[0.2rem] transition-colors duration-100 ease-in-out\">La fijaci\u00f3n magn\u00e9tica permite colocar y retirar el dispositivo f\u00e1cilmente, mejorando la comodidad y seguridad durante la conducci\u00f3n.<\/span>\u200b<\/p>\n<\/li>\n<li class=\"\" data-start=\"874\" data-end=\"988\">\n<p class=\"\" data-start=\"876\" data-end=\"988\"><strong data-start=\"876\" data-end=\"901\">No obstruye la visi\u00f3n<\/strong>: <span class=\"relative -mx-px my-[-0.2rem] rounded px-px py-[0.2rem] transition-colors duration-100 ease-in-out\">Al montarse en la salida de aire, mantiene el dispositivo en una posici\u00f3n accesible sin interferir con la visibilidad del conductor.<\/span>\u200b<\/p>\n<\/li>\n<li class=\"\" data-start=\"990\" data-end=\"1108\">\n<p class=\"\" data-start=\"992\" data-end=\"1108\"><strong data-start=\"992\" data-end=\"1021\">Estabilidad en movimiento<\/strong>: <span class=\"relative -mx-px my-[-0.2rem] rounded px-px py-[0.2rem] transition-colors duration-100 ease-in-out\">La combinaci\u00f3n de imanes potentes y un dise\u00f1o robusto garantiza que el dispositivo permanezca en su lugar, incluso en condiciones de manejo dif\u00edciles.<\/span>\u200b<\/p>\n<\/li>\n<\/ul>\n<p class=\"\" data-start=\"1115\" data-end=\"1240\"><span class=\"relative -mx-px my-[-0.2rem] rounded px-px py-[0.2rem] transition-colors duration-100 ease-in-out\">Este soporte magn\u00e9tico para auto es una excelente opci\u00f3n para quienes buscan una soluci\u00f3n pr\u00e1ctica y segura para utilizar su tel\u00e9fono m\u00f3vil mientras conducen.<\/span> <span class=\"relative -mx-px my-[-0.2rem] rounded px-px py-[0.2rem] transition-colors duration-100 ease-in-out\">Su dise\u00f1o compacto y caracter\u00edsticas funcionales lo hacen ideal para viajes y uso diario.<\/span><\/p>\n","protected":false},"excerpt":{"rendered":"<p>VH01 El soporte magn\u00e9tico para auto Vezr Magnetic Holder Car Mount Bracket es un accesorio dise\u00f1ado para ofrecer una soluci\u00f3n<\/p>\n","protected":false},"featured_media":81138,"comment_status":"open","ping_status":"closed","template":"","meta":{"nf_dc_page":""},"product_brand":[1103],"product_cat":[89],"product_tag":[1118],"class_list":{"0":"post-81137","1":"product","2":"type-product","3":"status-publish","4":"has-post-thumbnail","6":"product_brand-vezr","7":"product_cat-electronicos","8":"product_tag-1118","10":"first","11":"instock","12":"sale","13":"shipping-taxable","14":"purchasable","15":"product-type-simple"},"_links":{"self":[{"href":"https:\/\/brandss.com.py\/index\/wp-json\/wp\/v2\/product\/81137","targetHints":{"allow":["GET"]}}],"collection":[{"href":"https:\/\/brandss.com.py\/index\/wp-json\/wp\/v2\/product"}],"about":[{"href":"https:\/\/brandss.com.py\/index\/wp-json\/wp\/v2\/types\/product"}],"replies":[{"embeddable":true,"href":"https:\/\/brandss.com.py\/index\/wp-json\/wp\/v2\/comments?post=81137"}],"version-history":[{"count":1,"href":"https:\/\/brandss.com.py\/index\/wp-json\/wp\/v2\/product\/81137\/revisions"}],"predecessor-version":[{"id":81142,"href":"https:\/\/brandss.com.py\/index\/wp-json\/wp\/v2\/product\/81137\/revisions\/81142"}],"wp:featuredmedia":[{"embeddable":true,"href":"https:\/\/brandss.com.py\/index\/wp-json\/wp\/v2\/media\/81138"}],"wp:attachment":[{"href":"https:\/\/brandss.com.py\/index\/wp-json\/wp\/v2\/media?parent=81137"}],"wp:term":[{"taxonomy":"product_brand","embeddable":true,"href":"https:\/\/brandss.com.py\/index\/wp-json\/wp\/v2\/product_brand?post=81137"},{"taxonomy":"product_cat","embeddable":true,"href":"https:\/\/brandss.com.py\/index\/wp-json\/wp\/v2\/product_cat?post=81137"},{"taxonomy":"product_tag","embeddable":true,"href":"https:\/\/brandss.com.py\/index\/wp-json\/wp\/v2\/product_tag?post=81137"}],"curies":[{"name":"wp","href":"https:\/\/api.w.org\/{rel}","templated":true}]}}