{"id":81183,"date":"2025-04-30T16:57:17","date_gmt":"2025-04-30T16:57:17","guid":{"rendered":"https:\/\/brandss.com.py\/index\/?post_type=product&#038;p=81183"},"modified":"2026-03-05T12:28:54","modified_gmt":"2026-03-05T12:28:54","slug":"smart-watch-vezr-x-pro-max-amoled-black","status":"publish","type":"product","link":"https:\/\/brandss.com.py\/index\/producto\/smart-watch-vezr-x-pro-max-amoled-black\/","title":{"rendered":"SMART WATCH VEZR X PRO MAX AMOLED BLACK"},"content":{"rendered":"<p><img loading=\"lazy\" decoding=\"async\" class=\"\" src=\"https:\/\/encrypted-tbn0.gstatic.com\/images?q=tbn:ANd9GcT4nHlSHBi689mUojCL_kzSeBpUj4KjY0S6Tg&amp;s\" alt=\"VEZR (@vezr__hk) \u2022 Fotos y videos de Instagram\" width=\"74\" height=\"74\" \/><\/p>\n<h1>X PRO MAX<\/h1>\n<p class=\"\" data-start=\"189\" data-end=\"440\">El VEZR X Pro Max es un reloj inteligente de alto rendimiento dise\u00f1ado para quienes buscan funcionalidad, estilo y tecnolog\u00eda de vanguardia. Equipado con una vibrante pantalla AMOLED, ofrece una visualizaci\u00f3n n\u00edtida y colorida en todo momento.<\/p>\n<p class=\"\" data-start=\"442\" data-end=\"474\"><strong data-start=\"442\" data-end=\"474\">Caracter\u00edsticas principales:<\/strong><\/p>\n<ul data-start=\"476\" data-end=\"1228\">\n<li class=\"\" data-start=\"476\" data-end=\"589\">\n<p class=\"\" data-start=\"478\" data-end=\"589\"><strong data-start=\"482\" data-end=\"501\">Pantalla AMOLED<\/strong>: Colores intensos, mayor contraste y excelente visibilidad incluso a plena luz del d\u00eda.<\/p>\n<\/li>\n<li class=\"\" data-start=\"590\" data-end=\"730\">\n<p class=\"\" data-start=\"592\" data-end=\"730\"><strong data-start=\"595\" data-end=\"621\">Llamadas por Bluetooth<\/strong>: Realiza y recibe llamadas directamente desde tu smartwatch mediante conexi\u00f3n inal\u00e1mbrica con tu smartphone.<\/p>\n<\/li>\n<li class=\"\" data-start=\"731\" data-end=\"824\">\n<p class=\"\" data-start=\"733\" data-end=\"824\"><strong data-start=\"736\" data-end=\"767\">Monitoreo de ritmo card\u00edaco<\/strong>: Controla tu salud en tiempo real con sensores precisos.<\/p>\n<\/li>\n<li class=\"\" data-start=\"825\" data-end=\"927\">\n<p class=\"\" data-start=\"827\" data-end=\"927\"><strong data-start=\"829\" data-end=\"850\">Carga inal\u00e1mbrica<\/strong>: Pr\u00e1ctica y moderna, elimina cables con la tecnolog\u00eda de carga sin contacto.<\/p>\n<\/li>\n<li class=\"\" data-start=\"928\" data-end=\"1030\">\n<p class=\"\" data-start=\"930\" data-end=\"1030\"><strong data-start=\"932\" data-end=\"961\">Dise\u00f1o elegante y moderno<\/strong>: Con correa ajustable y cuerpo ligero, ideal para cualquier ocasi\u00f3n.<\/p>\n<\/li>\n<li class=\"\" data-start=\"1031\" data-end=\"1139\">\n<p class=\"\" data-start=\"1033\" data-end=\"1139\"><strong data-start=\"1036\" data-end=\"1067\">Notificaciones inteligentes<\/strong>: Visualiza mensajes, alertas y recordatorios directamente en tu mu\u00f1eca.<\/p>\n<\/li>\n<li class=\"\" data-start=\"1140\" data-end=\"1228\">\n<p class=\"\" data-start=\"1142\" data-end=\"1228\"><strong data-start=\"1145\" data-end=\"1164\">Buena autonom\u00eda<\/strong>: Optimizado para ofrecer varios d\u00edas de uso con una sola carga.<\/p>\n<\/li>\n<\/ul>\n<p class=\"\" data-start=\"1230\" data-end=\"1365\"><strong data-start=\"1230\" data-end=\"1261\">Ideal para usuarios activos<\/strong>, este smartwatch combina estilo y funcionalidad, integr\u00e1ndose perfectamente a tu estilo de vida diario.<\/p>\n","protected":false},"excerpt":{"rendered":"<p>X PRO MAX El VEZR X Pro Max es un reloj inteligente de alto rendimiento dise\u00f1ado para quienes buscan funcionalidad,<\/p>\n","protected":false},"featured_media":81184,"comment_status":"open","ping_status":"closed","template":"","meta":{"nf_dc_page":""},"product_brand":[],"product_cat":[89],"product_tag":[3035],"class_list":{"0":"post-81183","1":"product","2":"type-product","3":"status-publish","4":"has-post-thumbnail","6":"product_cat-electronicos","7":"product_tag-3035","9":"first","10":"outofstock","11":"sale","12":"shipping-taxable","13":"purchasable","14":"product-type-simple"},"_links":{"self":[{"href":"https:\/\/brandss.com.py\/index\/wp-json\/wp\/v2\/product\/81183","targetHints":{"allow":["GET"]}}],"collection":[{"href":"https:\/\/brandss.com.py\/index\/wp-json\/wp\/v2\/product"}],"about":[{"href":"https:\/\/brandss.com.py\/index\/wp-json\/wp\/v2\/types\/product"}],"replies":[{"embeddable":true,"href":"https:\/\/brandss.com.py\/index\/wp-json\/wp\/v2\/comments?post=81183"}],"version-history":[{"count":1,"href":"https:\/\/brandss.com.py\/index\/wp-json\/wp\/v2\/product\/81183\/revisions"}],"predecessor-version":[{"id":81187,"href":"https:\/\/brandss.com.py\/index\/wp-json\/wp\/v2\/product\/81183\/revisions\/81187"}],"wp:featuredmedia":[{"embeddable":true,"href":"https:\/\/brandss.com.py\/index\/wp-json\/wp\/v2\/media\/81184"}],"wp:attachment":[{"href":"https:\/\/brandss.com.py\/index\/wp-json\/wp\/v2\/media?parent=81183"}],"wp:term":[{"taxonomy":"product_brand","embeddable":true,"href":"https:\/\/brandss.com.py\/index\/wp-json\/wp\/v2\/product_brand?post=81183"},{"taxonomy":"product_cat","embeddable":true,"href":"https:\/\/brandss.com.py\/index\/wp-json\/wp\/v2\/product_cat?post=81183"},{"taxonomy":"product_tag","embeddable":true,"href":"https:\/\/brandss.com.py\/index\/wp-json\/wp\/v2\/product_tag?post=81183"}],"curies":[{"name":"wp","href":"https:\/\/api.w.org\/{rel}","templated":true}]}}