{"id":81194,"date":"2025-05-02T13:26:22","date_gmt":"2025-05-02T13:26:22","guid":{"rendered":"https:\/\/brandss.com.py\/index\/?post_type=product&#038;p=81194"},"modified":"2025-05-02T13:28:14","modified_gmt":"2025-05-02T13:28:14","slug":"cacerola-haus-roland-hr124-1-de-acero-inoxidable-34cm","status":"publish","type":"product","link":"https:\/\/brandss.com.py\/index\/producto\/cacerola-haus-roland-hr124-1-de-acero-inoxidable-34cm\/","title":{"rendered":"CACEROLA HAUS ROLAND HR124-1 DE ACERO INOXIDABLE 34CM"},"content":{"rendered":"<p><img loading=\"lazy\" decoding=\"async\" class=\"\" src=\"https:\/\/assets.wfcdn.com\/im\/58028869\/resize-h600-w600%5Ecompr-r85\/2769\/276977280\/HAUS+ROLAND.jpg\" alt=\"HAUS ROLAND | Wayfair\" width=\"124\" height=\"51\" \/><\/p>\n<h1>HR124-1<\/h1>\n<p><strong>Caracter\u00edsticas<\/strong><br \/>\nTipo: olla<br \/>\nTapa: acero inoxidable<br \/>\nMaterial: acero inoxidable<br \/>\nVolumen: 22,6 litros<br \/>\nDi\u00e1metro de la tapa: 34,0 cent\u00edmetros<br \/>\nPara cocinas de inducci\u00f3n: S\u00ed<br \/>\nPeso: 3,0 kilogramos<\/p>\n","protected":false},"excerpt":{"rendered":"<p>HR124-1 Caracter\u00edsticas Tipo: olla Tapa: acero inoxidable Material: acero inoxidable Volumen: 22,6 litros Di\u00e1metro de la tapa: 34,0 cent\u00edmetros Para<\/p>\n","protected":false},"featured_media":81195,"comment_status":"open","ping_status":"closed","template":"","meta":{"nf_dc_page":""},"product_brand":[],"product_cat":[83],"product_tag":[],"class_list":{"0":"post-81194","1":"product","2":"type-product","3":"status-publish","4":"has-post-thumbnail","6":"product_cat-hogar","8":"first","9":"instock","10":"shipping-taxable","11":"purchasable","12":"product-type-simple"},"_links":{"self":[{"href":"https:\/\/brandss.com.py\/index\/wp-json\/wp\/v2\/product\/81194","targetHints":{"allow":["GET"]}}],"collection":[{"href":"https:\/\/brandss.com.py\/index\/wp-json\/wp\/v2\/product"}],"about":[{"href":"https:\/\/brandss.com.py\/index\/wp-json\/wp\/v2\/types\/product"}],"replies":[{"embeddable":true,"href":"https:\/\/brandss.com.py\/index\/wp-json\/wp\/v2\/comments?post=81194"}],"version-history":[{"count":1,"href":"https:\/\/brandss.com.py\/index\/wp-json\/wp\/v2\/product\/81194\/revisions"}],"predecessor-version":[{"id":81198,"href":"https:\/\/brandss.com.py\/index\/wp-json\/wp\/v2\/product\/81194\/revisions\/81198"}],"wp:featuredmedia":[{"embeddable":true,"href":"https:\/\/brandss.com.py\/index\/wp-json\/wp\/v2\/media\/81195"}],"wp:attachment":[{"href":"https:\/\/brandss.com.py\/index\/wp-json\/wp\/v2\/media?parent=81194"}],"wp:term":[{"taxonomy":"product_brand","embeddable":true,"href":"https:\/\/brandss.com.py\/index\/wp-json\/wp\/v2\/product_brand?post=81194"},{"taxonomy":"product_cat","embeddable":true,"href":"https:\/\/brandss.com.py\/index\/wp-json\/wp\/v2\/product_cat?post=81194"},{"taxonomy":"product_tag","embeddable":true,"href":"https:\/\/brandss.com.py\/index\/wp-json\/wp\/v2\/product_tag?post=81194"}],"curies":[{"name":"wp","href":"https:\/\/api.w.org\/{rel}","templated":true}]}}