{"id":81207,"date":"2025-05-02T16:29:41","date_gmt":"2025-05-02T16:29:41","guid":{"rendered":"https:\/\/brandss.com.py\/index\/?post_type=product&#038;p=81207"},"modified":"2025-05-02T16:30:29","modified_gmt":"2025-05-02T16:30:29","slug":"capri-deportivo-femenino-koral-lustrous-de-tiro-alto","status":"publish","type":"product","link":"https:\/\/brandss.com.py\/index\/producto\/capri-deportivo-femenino-koral-lustrous-de-tiro-alto\/","title":{"rendered":"CAPRI DEPORTIVO FEMENINO KORAL LUSTROUS DE TIRO ALTO"},"content":{"rendered":"<p><img loading=\"lazy\" decoding=\"async\" class=\"\" src=\"https:\/\/logovectorseek.com\/wp-content\/uploads\/2021\/11\/koral-logo-vector.png\" alt=\"KORAL Logo Vector - (.SVG + .PNG) - LogoVectorSeek.Com\" width=\"106\" height=\"59\" \/><\/p>\n<h1>LUSTROUS<\/h1>\n<p>Mallas deportivas Lustrous High Risekapri<span style=\"color: #333333;font-size: 16px\">\u00a0de efecto fluido y secado r\u00e1pido.\u00a0\u00a1Se convertir\u00e1n en tu prenda deportiva favorita para cualquier actividad deportiva de nivel medio, como yoga o fitness! Ideales para el gimnasio o para ir de compras el fin de semana, estas\u00a0<\/span><span style=\"color: #333333;font-size: 16px\">mallas<\/span><span style=\"color: #333333;font-size: 16px\"> negras mantienen su color y forma vibrantes.<\/span><\/p>\n<h3>Caracter\u00edsticas<img loading=\"lazy\" decoding=\"async\" class=\"alignleft\" src=\"https:\/\/www.stilefit.com\/cdn\/shop\/products\/Lustrous-High-Rise-Kapri-Spor-Tayt-Stilefit-com-9975.jpg?v=1733737130&amp;width=3000\" width=\"578\" height=\"733\" \/><\/h3>\n<ul>\n<li>Ideal para actividades deportivas que requieren un rendimiento moderado.<\/li>\n<li>Dise\u00f1o de leggings de cintura alta<\/li>\n<li>Infinity &#8211; %85 Poliamida, %15 Xtra Life LYCRA\u00ae Sport<\/li>\n<li>El tejido Infinity, espec\u00edfico de la marca, cautiva al instante con su textura opaca, brillante y de calidad, y su efecto segunda piel. El spandex Xtra Life LYCRA\u00ae Sport con tejido Infinity proporciona un soporte firme sin sacrificar la comodidad. Gracias a su tecnolog\u00eda resistente al cloro, el tejido no se desgasta y conserva su forma durante mucho tiempo.<\/li>\n<li>Se seca r\u00e1pidamente.<\/li>\n<li>Lavar a m\u00e1quina o a mano con colores similares, d\u00e1ndoles la vuelta en agua a un m\u00e1ximo de 30 \u00b0C.<\/li>\n<li>No usar lej\u00eda ni secadora.<\/li>\n<li>Ajuste: Los tama\u00f1os de Koral pueden ser m\u00e1s estrechos de lo habitual; antes de decidirte, aseg\u00farate de revisar la tabla de tallas y tener en cuenta el estiramiento.<\/li>\n<li>Modelo: A2017HXS04.<\/li>\n<li>Color: Negro.<\/li>\n<li>Producto 100% original.<\/li>\n<li>Importado.<\/li>\n<\/ul>\n<div class=\"container\" data-site-container=\"\"><main id=\"MainContent\" class=\"main-content\" role=\"main\"><\/p>\n<section id=\"shopify-section-template--18510020804665__1739448045f82b4a48\" class=\"shopify-section\">\n<div class=\"\">\n<div id=\"shopify-block-AWnlYZ1VjVmZyWnNTT__yotpo_product_reviews_reviews_wV6Jac\" class=\"shopify-block shopify-app-block\">\n<div class=\"yotpo-widget-instance\" data-yotpo-instance-id=\"1037269\" data-yotpo-product-id=\"6577511727161\" data-yotpo-name=\"Lustrous High Rise Capri Sport Tights\" data-yotpo-url=\"https:\/\/www.stilefit.com\/en\/products\/koral-lustrous-high-rise-kapri-spor-tayt\" data-yotpo-price=\"3550.8\" data-yotpo-currency=\"TRY\" data-yotpo-image-url=\"https:\/\/www.stilefit.com\/cdn\/shop\/products\/Lustrous-High-Rise-Kapri-Spor-Tayt-Stilefit-com-9977.jpg?v=1733737128&amp;width=480\" data-yotpo-description=\"\n\nIdeal for sports activities requiring moderate performance\nHigh-waisted leggings design\nInfinity - %85 Poliamid, %15 Xtra Life LYCRA\u00ae Sport\nThe brand-specific Infinity fabric immediately attracts with its noticeable opaque shiny quality texture and second skin effect. Xtra Life LYCRA\u00ae Sport spandex with infinity fabric provides firming support without sacrificing comfort. Thanks to chlorine-resistant technology, the fabric does not wear out and retains its shape for a long time. It dries quickly.\nMachine wash or hand wash with similar colours, turning inside out in water at a maximum of 30\u2103. Do not use bleach and dryer.\nFit: Koral's sizes may be narrower than usual; Before you decide, be sure to review the size chart and take the stretch into account.\nProduct Code: A2017HXS04\n%100 Original, imported product\n\nModel MeasurementsHeight: 178cm \u00a0 I \u00a0 Chest: 88cm \u00a0 I \u00a0 Waist: 61cm \u00a0 I \u00a0 Hip: 91cm \u00a0 I \u00a0 Wearing Size: S\n\" data-yotpo-prevent-load-rs=\"true\" data-yotpo-element-loaded=\"true\" data-v-app=\"\"><\/p>\n<div id=\"yotpo-reviews-main-widget\" class=\"yotpo-reviews-main-widget yotpo-widget-override-css yotpo-device-desktop yotpo-display-l\">\n<div class=\"yotpo-widget-clear\" role=\"region\" aria-label=\"customer reviews\">\n<div id=\"yotpo-app\">\n<div class=\"yotpo-main-widget-layout yotpo-align-text\">\n<div class=\"yotpo-base-layout\">\n<div class=\"yotpo-main-layout yotpo-main-reviews-widget\">\n<div class=\"yotpo-head\">\n<h2 class=\"yotpo-headline\"><\/h2>\n<\/div>\n<\/div>\n<\/div>\n<\/div>\n<\/div>\n<\/div>\n<\/div>\n<\/div>\n<\/div>\n<\/div>\n<\/section>\n<div id=\"shopify-section-template--18510020804665__related\" class=\"shopify-section\">\n<div class=\"tab-content tab-content-0 current tabs__recommendation\" data-tab-index=\"0\">\n<div data-related-section=\"\" data-limit=\"6\" data-product-id=\"6577511727161\">\n<div class=\"grid-outer\">\n<div id=\"product-recommendations\" class=\"grid grid--slider is-enabled grid--mobile-slider\" data-grid-slider=\"\">\n<div id=\"product-item--api-product-recommendation-6577438228537\" class=\"grid-item product-item product-item--left product-item--outer-text product-item--has-quickbuy is-visible\" data-grid-item=\"\">\n<div class=\"product-item__image double__image\" data-product-image=\"\">\n<div class=\"product-item__bg\" data-product-image-default=\"\">\n<figure class=\"image-wrapper image-wrapper--cover lazy-image lazy-image--backfill\" data-aos=\"img-in\" data-aos-delay=\"0\" data-aos-duration=\"800\" data-aos-anchor=\"#product-item--api-product-recommendation-6577438228537\" data-aos-easing=\"ease-out-quart\"><\/figure>\n<\/div>\n<\/div>\n<\/div>\n<div id=\"product-item--api-product-recommendation-6577434820665\" class=\"grid-item product-item product-item--left product-item--outer-text product-item--has-quickbuy is-visible\" data-grid-item=\"\">\n<div class=\"product-item__image double__image\" data-product-image=\"\"><\/div>\n<\/div>\n<\/div>\n<\/div>\n<\/div>\n<\/div>\n<\/div>\n<p><\/main><\/div>\n","protected":false},"excerpt":{"rendered":"<p>LUSTROUS Mallas deportivas Lustrous High Risekapri\u00a0de efecto fluido y secado r\u00e1pido.\u00a0\u00a1Se convertir\u00e1n en tu prenda deportiva favorita para cualquier actividad<\/p>\n","protected":false},"featured_media":81208,"comment_status":"open","ping_status":"closed","template":"","meta":{"nf_dc_page":""},"product_brand":[],"product_cat":[73],"product_tag":[],"class_list":{"0":"post-81207","1":"product","2":"type-product","3":"status-publish","4":"has-post-thumbnail","6":"product_cat-femenino","8":"first","9":"instock","10":"shipping-taxable","11":"purchasable","12":"product-type-simple"},"_links":{"self":[{"href":"https:\/\/brandss.com.py\/index\/wp-json\/wp\/v2\/product\/81207","targetHints":{"allow":["GET"]}}],"collection":[{"href":"https:\/\/brandss.com.py\/index\/wp-json\/wp\/v2\/product"}],"about":[{"href":"https:\/\/brandss.com.py\/index\/wp-json\/wp\/v2\/types\/product"}],"replies":[{"embeddable":true,"href":"https:\/\/brandss.com.py\/index\/wp-json\/wp\/v2\/comments?post=81207"}],"version-history":[{"count":1,"href":"https:\/\/brandss.com.py\/index\/wp-json\/wp\/v2\/product\/81207\/revisions"}],"predecessor-version":[{"id":81216,"href":"https:\/\/brandss.com.py\/index\/wp-json\/wp\/v2\/product\/81207\/revisions\/81216"}],"wp:featuredmedia":[{"embeddable":true,"href":"https:\/\/brandss.com.py\/index\/wp-json\/wp\/v2\/media\/81208"}],"wp:attachment":[{"href":"https:\/\/brandss.com.py\/index\/wp-json\/wp\/v2\/media?parent=81207"}],"wp:term":[{"taxonomy":"product_brand","embeddable":true,"href":"https:\/\/brandss.com.py\/index\/wp-json\/wp\/v2\/product_brand?post=81207"},{"taxonomy":"product_cat","embeddable":true,"href":"https:\/\/brandss.com.py\/index\/wp-json\/wp\/v2\/product_cat?post=81207"},{"taxonomy":"product_tag","embeddable":true,"href":"https:\/\/brandss.com.py\/index\/wp-json\/wp\/v2\/product_tag?post=81207"}],"curies":[{"name":"wp","href":"https:\/\/api.w.org\/{rel}","templated":true}]}}