{"id":81258,"date":"2025-05-02T18:19:04","date_gmt":"2025-05-02T18:19:04","guid":{"rendered":"https:\/\/brandss.com.py\/index\/?post_type=product&#038;p=81258"},"modified":"2025-05-02T18:19:38","modified_gmt":"2025-05-02T18:19:38","slug":"legging-deportivo-femenino-koral-exceed-blackout-de-tiro-alto","status":"publish","type":"product","link":"https:\/\/brandss.com.py\/index\/producto\/legging-deportivo-femenino-koral-exceed-blackout-de-tiro-alto\/","title":{"rendered":"LEGGING DEPORTIVO FEMENINO KORAL EXCEED BLACKOUT DE TIRO ALTO"},"content":{"rendered":"<p><img loading=\"lazy\" decoding=\"async\" class=\"\" src=\"https:\/\/logovectorseek.com\/wp-content\/uploads\/2021\/11\/koral-logo-vector.png\" alt=\"KORAL Logo Vector - (.SVG + .PNG) - LogoVectorSeek.Com\" width=\"129\" height=\"72\" \/><\/p>\n<h1>EXCEED BLACKOUT<\/h1>\n<p><span>Supera tus objetivos de fitness con las mallas Koral Exceed High Rise Blackout. Su corte hasta el tobillo proporciona compresi\u00f3n y permite un rango completo de movimiento, ideales para entrenamientos de alto impacto.<\/span><\/p>\n<p><span>Fundado por mujeres, liderado por mujeres. Fabricado de forma sostenible e importado \u00e9ticamente.<\/span><\/p>\n<p><strong>Ajuste y sensaci\u00f3n:<br \/>\n<\/strong><br \/>\n<span>\u2022 Tiro alto, largo hasta el tobillo<\/span><br \/>\n<span>\u2022 Cintura de 4\u2033<\/span><br \/>\n<span>\u2022 Suave, el\u00e1stico en 4 direcciones<\/span><br \/>\n<span>\u2022 Se ajusta al tama\u00f1o real, elige tu talla habitual de Koral<\/span><\/p>\n<p><span>Recomendado para alto rendimiento<\/span><\/p>\n<p><strong>Tejido y cuidado:<br \/>\n<\/strong><br \/>\n<span>Koral Blackout\u2122 \u2013 86 % poliamida, 14 % poliuretano<\/span><\/p>\n<p><span>\u2022 Anti-pilling.<\/span><br \/>\n<span>\u2022 Resistente al cloro.<\/span><br \/>\n<span>\u2022 Color absoluto.<\/span><br \/>\n<span>\u2022 Compresi\u00f3n.<\/span><br \/>\n<span>\u2022 Absorci\u00f3n de humedad.<\/span><br \/>\n<span>\u2022 Apto para agua.<\/span><br \/>\n<span>\u2022 Antibacteriano.<\/span><br \/>\n<span>\u2022 F\u00e1cil cuidado.<\/span><\/p>\n<p><span>Lavar a m\u00e1quina con agua fr\u00eda, del rev\u00e9s y con colores similares, ciclo delicado; no usar blanqueador; secar en secadora a temperatura baja.<\/span><\/p>\n<p><strong>Detalles:<\/strong><\/p>\n<ul>\n<li><span>Tejido textil suave y c\u00f3modo.<\/span><\/li>\n<li><span>Cintura el\u00e1stica para uso ajustable.<\/span><\/li>\n<li><span>Estampado de la marca Koral en contraste.<\/span><\/li>\n<li>Color: Negro.<\/li>\n<li>Modelo: A2724HE32<\/li>\n<\/ul>\n","protected":false},"excerpt":{"rendered":"<p>EXCEED BLACKOUT Supera tus objetivos de fitness con las mallas Koral Exceed High Rise Blackout. Su corte hasta el tobillo<\/p>\n","protected":false},"featured_media":81267,"comment_status":"open","ping_status":"closed","template":"","meta":{"nf_dc_page":""},"product_brand":[],"product_cat":[73],"product_tag":[],"class_list":{"0":"post-81258","1":"product","2":"type-product","3":"status-publish","4":"has-post-thumbnail","6":"product_cat-femenino","8":"first","9":"instock","10":"shipping-taxable","11":"purchasable","12":"product-type-simple"},"_links":{"self":[{"href":"https:\/\/brandss.com.py\/index\/wp-json\/wp\/v2\/product\/81258","targetHints":{"allow":["GET"]}}],"collection":[{"href":"https:\/\/brandss.com.py\/index\/wp-json\/wp\/v2\/product"}],"about":[{"href":"https:\/\/brandss.com.py\/index\/wp-json\/wp\/v2\/types\/product"}],"replies":[{"embeddable":true,"href":"https:\/\/brandss.com.py\/index\/wp-json\/wp\/v2\/comments?post=81258"}],"version-history":[{"count":1,"href":"https:\/\/brandss.com.py\/index\/wp-json\/wp\/v2\/product\/81258\/revisions"}],"predecessor-version":[{"id":81272,"href":"https:\/\/brandss.com.py\/index\/wp-json\/wp\/v2\/product\/81258\/revisions\/81272"}],"wp:featuredmedia":[{"embeddable":true,"href":"https:\/\/brandss.com.py\/index\/wp-json\/wp\/v2\/media\/81267"}],"wp:attachment":[{"href":"https:\/\/brandss.com.py\/index\/wp-json\/wp\/v2\/media?parent=81258"}],"wp:term":[{"taxonomy":"product_brand","embeddable":true,"href":"https:\/\/brandss.com.py\/index\/wp-json\/wp\/v2\/product_brand?post=81258"},{"taxonomy":"product_cat","embeddable":true,"href":"https:\/\/brandss.com.py\/index\/wp-json\/wp\/v2\/product_cat?post=81258"},{"taxonomy":"product_tag","embeddable":true,"href":"https:\/\/brandss.com.py\/index\/wp-json\/wp\/v2\/product_tag?post=81258"}],"curies":[{"name":"wp","href":"https:\/\/api.w.org\/{rel}","templated":true}]}}