{"id":81287,"date":"2025-05-02T19:06:40","date_gmt":"2025-05-02T19:06:40","guid":{"rendered":"https:\/\/brandss.com.py\/index\/?post_type=product&#038;p=81287"},"modified":"2025-05-02T19:07:23","modified_gmt":"2025-05-02T19:07:23","slug":"legging-casual-femenino-koral-illuminate-blackout-de-tiro-alto","status":"publish","type":"product","link":"https:\/\/brandss.com.py\/index\/producto\/legging-casual-femenino-koral-illuminate-blackout-de-tiro-alto\/","title":{"rendered":"LEGGING CASUAL FEMENINO KORAL ILLUMINATE BLACKOUT DE TIRO ALTO"},"content":{"rendered":"<p><img loading=\"lazy\" decoding=\"async\" class=\"\" src=\"https:\/\/logovectorseek.com\/wp-content\/uploads\/2021\/11\/koral-logo-vector.png\" alt=\"KORAL Logo Vector - (.SVG + .PNG) - LogoVectorSeek.Com\" width=\"115\" height=\"64\" \/><\/p>\n<h1>ILLUMINATE BLACKOUT<\/h1>\n<p>86% poliamida, 14% poli\u00e9ster.<\/p>\n<p>Hecho en los Estados Unidos.<\/p>\n<p>Lavar a m\u00e1quina.<\/p>\n<p>Cinturilla el\u00e1stica con bolsillo interior.<\/p>\n<p>Detalle de abertura en la pierna.<\/p>\n<p>Detalle de logotipo reflectante en la espalda.<\/p>\n<p>30 cm en la rodilla se quiebra hasta 46 cm en la abertura de la pierna.<\/p>\n<p>Color: Negro.<\/p>\n<p>Modelo: A2729HE32.<\/p>\n","protected":false},"excerpt":{"rendered":"<p>ILLUMINATE BLACKOUT 86% poliamida, 14% poli\u00e9ster. Hecho en los Estados Unidos. Lavar a m\u00e1quina. Cinturilla el\u00e1stica con bolsillo interior. Detalle<\/p>\n","protected":false},"featured_media":81288,"comment_status":"open","ping_status":"closed","template":"","meta":{"nf_dc_page":""},"product_brand":[],"product_cat":[73],"product_tag":[],"class_list":{"0":"post-81287","1":"product","2":"type-product","3":"status-publish","4":"has-post-thumbnail","6":"product_cat-femenino","8":"first","9":"instock","10":"shipping-taxable","11":"purchasable","12":"product-type-simple"},"_links":{"self":[{"href":"https:\/\/brandss.com.py\/index\/wp-json\/wp\/v2\/product\/81287","targetHints":{"allow":["GET"]}}],"collection":[{"href":"https:\/\/brandss.com.py\/index\/wp-json\/wp\/v2\/product"}],"about":[{"href":"https:\/\/brandss.com.py\/index\/wp-json\/wp\/v2\/types\/product"}],"replies":[{"embeddable":true,"href":"https:\/\/brandss.com.py\/index\/wp-json\/wp\/v2\/comments?post=81287"}],"version-history":[{"count":1,"href":"https:\/\/brandss.com.py\/index\/wp-json\/wp\/v2\/product\/81287\/revisions"}],"predecessor-version":[{"id":81293,"href":"https:\/\/brandss.com.py\/index\/wp-json\/wp\/v2\/product\/81287\/revisions\/81293"}],"wp:featuredmedia":[{"embeddable":true,"href":"https:\/\/brandss.com.py\/index\/wp-json\/wp\/v2\/media\/81288"}],"wp:attachment":[{"href":"https:\/\/brandss.com.py\/index\/wp-json\/wp\/v2\/media?parent=81287"}],"wp:term":[{"taxonomy":"product_brand","embeddable":true,"href":"https:\/\/brandss.com.py\/index\/wp-json\/wp\/v2\/product_brand?post=81287"},{"taxonomy":"product_cat","embeddable":true,"href":"https:\/\/brandss.com.py\/index\/wp-json\/wp\/v2\/product_cat?post=81287"},{"taxonomy":"product_tag","embeddable":true,"href":"https:\/\/brandss.com.py\/index\/wp-json\/wp\/v2\/product_tag?post=81287"}],"curies":[{"name":"wp","href":"https:\/\/api.w.org\/{rel}","templated":true}]}}