{"id":81328,"date":"2025-05-03T13:50:24","date_gmt":"2025-05-03T13:50:24","guid":{"rendered":"https:\/\/brandss.com.py\/index\/?post_type=product&#038;p=81328"},"modified":"2025-05-03T13:51:10","modified_gmt":"2025-05-03T13:51:10","slug":"calzado-casual-masculino-coach-trooper","status":"publish","type":"product","link":"https:\/\/brandss.com.py\/index\/producto\/calzado-casual-masculino-coach-trooper\/","title":{"rendered":"CALZADO CASUAL MASCULINO COACH TROOPER"},"content":{"rendered":"<p><img loading=\"lazy\" decoding=\"async\" class=\"\" src=\"https:\/\/logos-download.com\/wp-content\/uploads\/2016\/08\/Coach_logo.png\" alt=\"Coach \u2013 Logos Download\" width=\"105\" height=\"44\" \/><\/p>\n<h1>TROOPER<\/h1>\n<p>Refinada y robusta, nuestra bota Trooper Low Top tiene un dise\u00f1o de inspiraci\u00f3n militar, ideal para la vida en movimiento. Este modelo con cordones est\u00e1 confeccionado en nuestro lujoso cuero con una resistente suela de goma con tacos para una excelente tracci\u00f3n y comodidad.<\/p>\n<p><strong>Caracter\u00edsticas:<\/strong> Cierre con cordones.<\/p>\n<div class=\"product-props__details\" aria-label=\"ni\u00f1o\">\n<p><strong>Materiales:<\/strong> Parte superior de cuero\/ Forro y plantilla de tela\/ Suela de goma.<\/p>\n<p><strong>Color:<\/strong> Negro.<\/p>\n<p><strong>Modelo:<\/strong> CC826.<\/p>\n<\/div>\n","protected":false},"excerpt":{"rendered":"<p>TROOPER Refinada y robusta, nuestra bota Trooper Low Top tiene un dise\u00f1o de inspiraci\u00f3n militar, ideal para la vida en<\/p>\n","protected":false},"featured_media":81332,"comment_status":"open","ping_status":"closed","template":"","meta":{"nf_dc_page":""},"product_brand":[],"product_cat":[76],"product_tag":[],"class_list":{"0":"post-81328","1":"product","2":"type-product","3":"status-publish","4":"has-post-thumbnail","6":"product_cat-masculino","8":"first","9":"instock","10":"shipping-taxable","11":"purchasable","12":"product-type-simple"},"_links":{"self":[{"href":"https:\/\/brandss.com.py\/index\/wp-json\/wp\/v2\/product\/81328","targetHints":{"allow":["GET"]}}],"collection":[{"href":"https:\/\/brandss.com.py\/index\/wp-json\/wp\/v2\/product"}],"about":[{"href":"https:\/\/brandss.com.py\/index\/wp-json\/wp\/v2\/types\/product"}],"replies":[{"embeddable":true,"href":"https:\/\/brandss.com.py\/index\/wp-json\/wp\/v2\/comments?post=81328"}],"version-history":[{"count":1,"href":"https:\/\/brandss.com.py\/index\/wp-json\/wp\/v2\/product\/81328\/revisions"}],"predecessor-version":[{"id":81339,"href":"https:\/\/brandss.com.py\/index\/wp-json\/wp\/v2\/product\/81328\/revisions\/81339"}],"wp:featuredmedia":[{"embeddable":true,"href":"https:\/\/brandss.com.py\/index\/wp-json\/wp\/v2\/media\/81332"}],"wp:attachment":[{"href":"https:\/\/brandss.com.py\/index\/wp-json\/wp\/v2\/media?parent=81328"}],"wp:term":[{"taxonomy":"product_brand","embeddable":true,"href":"https:\/\/brandss.com.py\/index\/wp-json\/wp\/v2\/product_brand?post=81328"},{"taxonomy":"product_cat","embeddable":true,"href":"https:\/\/brandss.com.py\/index\/wp-json\/wp\/v2\/product_cat?post=81328"},{"taxonomy":"product_tag","embeddable":true,"href":"https:\/\/brandss.com.py\/index\/wp-json\/wp\/v2\/product_tag?post=81328"}],"curies":[{"name":"wp","href":"https:\/\/api.w.org\/{rel}","templated":true}]}}