{"id":81347,"date":"2025-05-03T14:25:35","date_gmt":"2025-05-03T14:25:35","guid":{"rendered":"https:\/\/brandss.com.py\/index\/?post_type=product&#038;p=81347"},"modified":"2025-05-03T14:26:23","modified_gmt":"2025-05-03T14:26:23","slug":"calzado-casual-masculino-tommy-jeans-tjm-ruberized-lace-up-boot","status":"publish","type":"product","link":"https:\/\/brandss.com.py\/index\/producto\/calzado-casual-masculino-tommy-jeans-tjm-ruberized-lace-up-boot\/","title":{"rendered":"CALZADO CASUAL MASCULINO TOMMY JEANS TJM RUBERIZED LACE UP BOOT"},"content":{"rendered":"<p><img loading=\"lazy\" decoding=\"async\" class=\"\" src=\"https:\/\/1000marcas.net\/wp-content\/uploads\/2020\/01\/Tommy-Hilfiger-logo.png\" alt=\"Tommy Hilfiger Logo - s\u00edmbolo, significado logotipo, historia, PNG\" width=\"176\" height=\"99\" \/><\/p>\n<h1>TJM RUBERIZED<\/h1>\n<p>Marca tendencia esta temporada con los zapatos Tommy Hilfiger.<\/p>\n<p><strong><span class=\"a-list-item a-size-base a-color-base\">DISE\u00d1O PREMIUM: <\/span><\/strong><\/p>\n<p><span class=\"a-list-item a-size-base a-color-base\"><span>Con su c\u00f3modo forro, estas elegantes botas son perfectas para el invierno. La suela gruesa y el logotipo de Tommy Jeans le dan el toque final.<\/span><\/span><\/p>\n<p><strong><span class=\"a-list-item a-size-base a-color-base\">Elegantes y pr\u00e1cticas: <\/span><\/strong><\/p>\n<p><span class=\"a-list-item a-size-base a-color-base\"><span>M\u00e1s que simples perchas, las botas originales de Tommy Jeans tambi\u00e9n son especialmente c\u00f3modas. Te mantienen abrigado y son perfectas para la oficina y el d\u00eda a d\u00eda.<\/span><\/span><\/p>\n<p><strong><span class=\"a-list-item a-size-base a-color-base\">PARA CUALQUIER OCASI\u00d3N:<\/span><\/strong><\/p>\n<p><span class=\"a-list-item a-size-base a-color-base\"><span> Combina estas elegantes botas con vaqueros sencillos o con faldas o vestidos vaporosos. Ya sea en oto\u00f1o, primavera o invierno, estos zapatos se adaptan a cualquier estilo.<\/span><\/span><\/p>\n<p><span class=\"a-list-item a-size-base a-color-base\"><span>Material de alta calidad Este producto est\u00e1 hecho 100% de cuero.<\/span><\/span><\/p>\n<p><strong><span class=\"a-list-item a-size-base a-color-base\">NUEVA ROPA CALLEJERA:<\/span><\/strong><\/p>\n<p><span class=\"a-list-item a-size-base a-color-base\"><span>Tommy Jeans se inspira en los \u00edconos del hip-hop de los 90 para traer cl\u00e1sicos populares de esa \u00e9poca a la nueva generaci\u00f3n. Se centra en la calidad y los dise\u00f1os modernos con mucho denim.<\/span><\/span><\/p>\n<p><strong>Detalles<\/strong><\/p>\n<div class=\"product-specification-item\" data-v-0f687d4c=\"\" data-v-6f63a4c4=\"\">Plantilla:\u00a0Imitaci\u00f3n de cuero<\/div>\n<div class=\"product-specification-item\" data-v-0f687d4c=\"\" data-v-6f63a4c4=\"\">Interior:\u00a0tejido<\/div>\n<div class=\"product-specification-item\" data-v-0f687d4c=\"\" data-v-6f63a4c4=\"\">Parte superior:\u00a0Cuero natural\/-Piel natural<\/div>\n<div class=\"product-specification-item\" data-v-0f687d4c=\"\" data-v-6f63a4c4=\"\">Forro:\u00a0Duro<\/div>\n<div class=\"product-specification-item\" data-v-0f687d4c=\"\" data-v-6f63a4c4=\"\">Suela: material de alta calidad<\/div>\n<div class=\"product-specification-item\" data-v-0f687d4c=\"\" data-v-6f63a4c4=\"\">Color del fabricante: Pewter Green MRH<\/div>\n<div class=\"product-specification-item\" data-v-0f687d4c=\"\" data-v-6f63a4c4=\"\">Modelo: EM0EM01276.<\/div>\n","protected":false},"excerpt":{"rendered":"<p>TJM RUBERIZED Marca tendencia esta temporada con los zapatos Tommy Hilfiger. DISE\u00d1O PREMIUM: Con su c\u00f3modo forro, estas elegantes botas<\/p>\n","protected":false},"featured_media":81352,"comment_status":"open","ping_status":"closed","template":"","meta":{"nf_dc_page":""},"product_brand":[],"product_cat":[76],"product_tag":[],"class_list":{"0":"post-81347","1":"product","2":"type-product","3":"status-publish","4":"has-post-thumbnail","6":"product_cat-masculino","8":"first","9":"instock","10":"shipping-taxable","11":"purchasable","12":"product-type-simple"},"_links":{"self":[{"href":"https:\/\/brandss.com.py\/index\/wp-json\/wp\/v2\/product\/81347","targetHints":{"allow":["GET"]}}],"collection":[{"href":"https:\/\/brandss.com.py\/index\/wp-json\/wp\/v2\/product"}],"about":[{"href":"https:\/\/brandss.com.py\/index\/wp-json\/wp\/v2\/types\/product"}],"replies":[{"embeddable":true,"href":"https:\/\/brandss.com.py\/index\/wp-json\/wp\/v2\/comments?post=81347"}],"version-history":[{"count":1,"href":"https:\/\/brandss.com.py\/index\/wp-json\/wp\/v2\/product\/81347\/revisions"}],"predecessor-version":[{"id":81358,"href":"https:\/\/brandss.com.py\/index\/wp-json\/wp\/v2\/product\/81347\/revisions\/81358"}],"wp:featuredmedia":[{"embeddable":true,"href":"https:\/\/brandss.com.py\/index\/wp-json\/wp\/v2\/media\/81352"}],"wp:attachment":[{"href":"https:\/\/brandss.com.py\/index\/wp-json\/wp\/v2\/media?parent=81347"}],"wp:term":[{"taxonomy":"product_brand","embeddable":true,"href":"https:\/\/brandss.com.py\/index\/wp-json\/wp\/v2\/product_brand?post=81347"},{"taxonomy":"product_cat","embeddable":true,"href":"https:\/\/brandss.com.py\/index\/wp-json\/wp\/v2\/product_cat?post=81347"},{"taxonomy":"product_tag","embeddable":true,"href":"https:\/\/brandss.com.py\/index\/wp-json\/wp\/v2\/product_tag?post=81347"}],"curies":[{"name":"wp","href":"https:\/\/api.w.org\/{rel}","templated":true}]}}