{"id":81371,"date":"2025-05-03T16:12:46","date_gmt":"2025-05-03T16:12:46","guid":{"rendered":"https:\/\/brandss.com.py\/index\/?post_type=product&#038;p=81371"},"modified":"2025-05-03T16:13:27","modified_gmt":"2025-05-03T16:13:27","slug":"calzado-casual-masculino-sorel-mac-hill-lite-mid-waterproof","status":"publish","type":"product","link":"https:\/\/brandss.com.py\/index\/producto\/calzado-casual-masculino-sorel-mac-hill-lite-mid-waterproof\/","title":{"rendered":"CALZADO CASUAL MASCULINO SOREL MAC HILL LITE MID WATERPROOF"},"content":{"rendered":"<p><img loading=\"lazy\" decoding=\"async\" class=\"\" src=\"https:\/\/riversfrisco.com\/wp-content\/uploads\/2017\/05\/Sorel.gif\" alt=\"Sorel\" width=\"113\" height=\"113\" \/><\/p>\n<h1>MAC HILL LITE MID<\/h1>\n<p>Elegante, funcional y duradera, esta bota est\u00e1 confeccionada con cuero flor y un dise\u00f1o impermeable con costuras selladas para mantener los pies secos en cualquier condici\u00f3n. La plantilla moldeada y el forro textil proporcionan mayor comodidad, mientras que la entresuela Livelyfoam garantiza soporte durante todo el d\u00eda. Las ic\u00f3nicas almohadillas EVERTREAD PODS aportan tracci\u00f3n para caminar por la ciudad. <span>Zapatos de la colecci\u00f3n Sorel. El modelo est\u00e1 elaborado a partir de una combinaci\u00f3n de piel natural y ante. Un modelo con interior textil c\u00f3modo para el pie y f\u00e1cil de mantener limpio.<\/span><\/p>\n<p>Detalles:<\/p>\n<ul>\n<li class=\"ProductActive__descriptionParagraph__JO5Bq\"><span>Plantilla de EVA ligera y amortiguadora.<\/span><\/li>\n<li class=\"ProductActive__descriptionParagraph__JO5Bq\"><span>Resistencia al agua significa mayor resistencia al agua. El producto conserva sus propiedades en contacto con el agua, lo que permite una mayor comodidad en su uso debido al mayor umbral de resistencia al agua, pero no garantiza una resistencia al agua completa.<\/span><\/li>\n<li class=\"ProductActive__descriptionParagraph__JO5Bq\"><span>Modelo impermeable.<\/span><\/li>\n<li class=\"ProductActive__descriptionParagraph__JO5Bq\"><span>Tapa reforzada.<\/span><\/li>\n<li class=\"ProductActive__descriptionParagraph__JO5Bq\"><span>El tal\u00f3n reforzado proporciona un excelente soporte para el tobillo y el tal\u00f3n.<\/span><\/li>\n<li class=\"ProductActive__descriptionParagraph__JO5Bq\"><span>El cord\u00f3n cl\u00e1sico permite un ajuste individual al pie.<\/span><\/li>\n<li class=\"ProductActive__descriptionParagraph__JO5Bq\"><span>La suela de goma es duradera y resistente a los da\u00f1os.<\/span><\/li>\n<li class=\"ProductActive__descriptionParagraph__JO5Bq\"><span>Suela textil extra\u00edble y de f\u00e1cil limpieza.<\/span><\/li>\n<li class=\"ProductActive__descriptionParagraph__JO5Bq\">Color: Marr\u00f3n\/ Negro\/ Blanco.<\/li>\n<li>Modelo: 2048841286<\/li>\n<\/ul>\n","protected":false},"excerpt":{"rendered":"<p>MAC HILL LITE MID Elegante, funcional y duradera, esta bota est\u00e1 confeccionada con cuero flor y un dise\u00f1o impermeable con<\/p>\n","protected":false},"featured_media":81374,"comment_status":"open","ping_status":"closed","template":"","meta":{"nf_dc_page":""},"product_brand":[],"product_cat":[76],"product_tag":[],"class_list":{"0":"post-81371","1":"product","2":"type-product","3":"status-publish","4":"has-post-thumbnail","6":"product_cat-masculino","8":"first","9":"instock","10":"shipping-taxable","11":"purchasable","12":"product-type-simple"},"_links":{"self":[{"href":"https:\/\/brandss.com.py\/index\/wp-json\/wp\/v2\/product\/81371","targetHints":{"allow":["GET"]}}],"collection":[{"href":"https:\/\/brandss.com.py\/index\/wp-json\/wp\/v2\/product"}],"about":[{"href":"https:\/\/brandss.com.py\/index\/wp-json\/wp\/v2\/types\/product"}],"replies":[{"embeddable":true,"href":"https:\/\/brandss.com.py\/index\/wp-json\/wp\/v2\/comments?post=81371"}],"version-history":[{"count":1,"href":"https:\/\/brandss.com.py\/index\/wp-json\/wp\/v2\/product\/81371\/revisions"}],"predecessor-version":[{"id":81387,"href":"https:\/\/brandss.com.py\/index\/wp-json\/wp\/v2\/product\/81371\/revisions\/81387"}],"wp:featuredmedia":[{"embeddable":true,"href":"https:\/\/brandss.com.py\/index\/wp-json\/wp\/v2\/media\/81374"}],"wp:attachment":[{"href":"https:\/\/brandss.com.py\/index\/wp-json\/wp\/v2\/media?parent=81371"}],"wp:term":[{"taxonomy":"product_brand","embeddable":true,"href":"https:\/\/brandss.com.py\/index\/wp-json\/wp\/v2\/product_brand?post=81371"},{"taxonomy":"product_cat","embeddable":true,"href":"https:\/\/brandss.com.py\/index\/wp-json\/wp\/v2\/product_cat?post=81371"},{"taxonomy":"product_tag","embeddable":true,"href":"https:\/\/brandss.com.py\/index\/wp-json\/wp\/v2\/product_tag?post=81371"}],"curies":[{"name":"wp","href":"https:\/\/api.w.org\/{rel}","templated":true}]}}