{"id":81470,"date":"2025-05-05T12:43:33","date_gmt":"2025-05-05T12:43:33","guid":{"rendered":"https:\/\/brandss.com.py\/index\/?post_type=product&#038;p=81470"},"modified":"2026-03-17T17:19:43","modified_gmt":"2026-03-17T17:19:43","slug":"perfume-unisex-maison-alhambra-philos-pura-edp-100ml","status":"publish","type":"product","link":"https:\/\/brandss.com.py\/index\/producto\/perfume-unisex-maison-alhambra-philos-pura-edp-100ml\/","title":{"rendered":"PERFUME UNISEX MAISON ALHAMBRA PHILOS PURA EDP 100ML"},"content":{"rendered":"<p><img loading=\"lazy\" decoding=\"async\" class=\"\" src=\"https:\/\/perfumescorp.com\/cdn\/shop\/collections\/Maison_Alhambra.webp?v=1690164948\" alt=\"CASA ALHAMBRA \u2013 Perfumes Corp\" width=\"99\" height=\"99\" \/><\/p>\n<h1>PHILOS PURA<\/h1>\n<p><span>\u00a0Ofrece una nueva versi\u00f3n de las fragancias unisex, combinando c\u00edtricos vibrantes con dulces notas frutales. Este Eau de Parfum est\u00e1 dise\u00f1ado para quienes aprecian una experiencia arom\u00e1tica moderna y refinada.<\/span><\/p>\n<ul class=\"tickmark_blue\">\n<li><span>Fragancia unisex apta para todos.<\/span><\/li>\n<li><span>Perfil de aroma afrutado oriental<\/span><\/li>\n<li><span>Apertura c\u00edtrica refrescante<\/span><\/li>\n<li><span>Deliciosa mezcla de frutas mediterr\u00e1neas.<\/span><\/li>\n<li><span>Concentraci\u00f3n de Eau de Parfum de larga duraci\u00f3n<\/span><\/li>\n<\/ul>\n<p><span>Esta exquisita mezcla captura la esencia de una ensalada de frutas, aportando un toque gourmet a tu colecci\u00f3n de fragancias. Philos Pura es perfecta para usar a diario o en ocasiones especiales, dejando huella dondequiera que vayas.<\/span><\/p>\n<h3>Caracter\u00edsticas Destacadas<img decoding=\"async\" class=\"alignleft\" src=\"https:\/\/www.myperfumeshop.co.nz\/cdn\/shop\/files\/maison-alhambra-philos-pura-edp-perfume-cologne-615710.png?v=1733353774&amp;width=500\" \/><\/h3>\n<ul>\n<li><strong>Versatilidad<\/strong>: Perfecta para cualquier momento, desde citas especiales hasta reuniones informales, Philos Pura se adapta a tu estilo personal y hace que cada instante sea memorable.<\/li>\n<li><strong>Durabilidad excepcional<\/strong>: Su aroma perdura a lo largo del d\u00eda, asegurando que siempre te sientas fresco y encantador.<\/li>\n<\/ul>\n<p>Elige\u00a0<strong>Philos Pura de Maison Alhambra<\/strong>\u00a0y permite que su esencia \u00fanica realce tu personalidad. \u00a1No te pierdas la oportunidad de experimentar esta fragancia que te acompa\u00f1ar\u00e1 en cada paso!<\/p>\n<h3>Notas Olfativas<\/h3>\n<p>Descubre\u00a0Philos Pura de Maison Alhambra, una fragancia cautivadora de la familia olfativa\u00a0Arom\u00e1tica Frutal, ideal para hombres y mujeres. Lanzada en\u00a02022, esta esencia es perfecta para quienes buscan un aroma fresco y vibrante que se adapte a cualquier ocasi\u00f3n.<\/p>\n<h3><\/h3>\n<ul>\n<li><strong>Notas de Salida<\/strong>: naranja, bergamota y lim\u00f3n (lima \u00e1cida)<\/li>\n<li><strong>Notas de Coraz\u00f3n<\/strong>: frutas.<\/li>\n<li><strong>Notas de Fondo<\/strong>: almizcle blanco, \u00e1mbar y vainilla de Madagascar.<\/li>\n<\/ul>\n<p>&nbsp;<\/p>\n","protected":false},"excerpt":{"rendered":"<p>PHILOS PURA \u00a0Ofrece una nueva versi\u00f3n de las fragancias unisex, combinando c\u00edtricos vibrantes con dulces notas frutales. Este Eau de<\/p>\n","protected":false},"featured_media":81471,"comment_status":"open","ping_status":"closed","template":"","meta":{"nf_dc_page":""},"product_brand":[107],"product_cat":[84],"product_tag":[1638],"class_list":{"0":"post-81470","1":"product","2":"type-product","3":"status-publish","4":"has-post-thumbnail","6":"product_brand-maison-alhambra","7":"product_cat-perfumeria","8":"product_tag-1638","10":"first","11":"instock","12":"shipping-taxable","13":"purchasable","14":"product-type-simple"},"_links":{"self":[{"href":"https:\/\/brandss.com.py\/index\/wp-json\/wp\/v2\/product\/81470","targetHints":{"allow":["GET"]}}],"collection":[{"href":"https:\/\/brandss.com.py\/index\/wp-json\/wp\/v2\/product"}],"about":[{"href":"https:\/\/brandss.com.py\/index\/wp-json\/wp\/v2\/types\/product"}],"replies":[{"embeddable":true,"href":"https:\/\/brandss.com.py\/index\/wp-json\/wp\/v2\/comments?post=81470"}],"version-history":[{"count":1,"href":"https:\/\/brandss.com.py\/index\/wp-json\/wp\/v2\/product\/81470\/revisions"}],"predecessor-version":[{"id":81476,"href":"https:\/\/brandss.com.py\/index\/wp-json\/wp\/v2\/product\/81470\/revisions\/81476"}],"wp:featuredmedia":[{"embeddable":true,"href":"https:\/\/brandss.com.py\/index\/wp-json\/wp\/v2\/media\/81471"}],"wp:attachment":[{"href":"https:\/\/brandss.com.py\/index\/wp-json\/wp\/v2\/media?parent=81470"}],"wp:term":[{"taxonomy":"product_brand","embeddable":true,"href":"https:\/\/brandss.com.py\/index\/wp-json\/wp\/v2\/product_brand?post=81470"},{"taxonomy":"product_cat","embeddable":true,"href":"https:\/\/brandss.com.py\/index\/wp-json\/wp\/v2\/product_cat?post=81470"},{"taxonomy":"product_tag","embeddable":true,"href":"https:\/\/brandss.com.py\/index\/wp-json\/wp\/v2\/product_tag?post=81470"}],"curies":[{"name":"wp","href":"https:\/\/api.w.org\/{rel}","templated":true}]}}