{"id":81477,"date":"2025-05-05T16:25:05","date_gmt":"2025-05-05T16:25:05","guid":{"rendered":"https:\/\/brandss.com.py\/index\/?post_type=product&#038;p=81477"},"modified":"2026-04-08T14:28:33","modified_gmt":"2026-04-08T14:28:33","slug":"perfume-masculino-maison-alhambra-victorioso-edp-100ml","status":"publish","type":"product","link":"https:\/\/brandss.com.py\/index\/producto\/perfume-masculino-maison-alhambra-victorioso-edp-100ml\/","title":{"rendered":"PERFUME MASCULINO MAISON ALHAMBRA VICTORIOSO EDP 100ML"},"content":{"rendered":"<p><img loading=\"lazy\" decoding=\"async\" class=\"\" src=\"https:\/\/acdn-us.mitiendanube.com\/stores\/004\/407\/494\/products\/logo-maison-alhambra-3b1e691fd5777d7f6117418030884423-1024-1024.webp\" alt=\"MAISON ALHAMBRA - Man Black edition - Perfumia\" width=\"93\" height=\"102\" \/><\/p>\n<h1>VICTORIOSO<\/h1>\n<p><span>Maison Alhambra Victorioso EDP es una cautivadora fragancia amaderada y acu\u00e1tica dise\u00f1ada espec\u00edficamente para el hombre moderno. Lanzada en 2022, esta fragancia evoca confianza y carisma, lo que la convierte en una opci\u00f3n ideal para el d\u00eda a d\u00eda.<\/span><\/p>\n<ul class=\"tickmark_blue\">\n<li><span>Notas de salida: Notas marinas y bergamota.<\/span><\/li>\n<li><span>Dise\u00f1ado para el hombre moderno y seguro.<\/span><\/li>\n<li><span>Aroma duradero para una frescura durante todo el d\u00eda.<\/span><\/li>\n<li><span>Forma de aerosol para una f\u00e1cil aplicaci\u00f3n.<\/span><\/li>\n<li><span>Perfil de fragancia amaderada y especiada<\/span><\/li>\n<\/ul>\n<p><span>Victorioso combina elementos marinos vigorizantes con una base amaderada, creando una experiencia olfativa \u00fanica. Esta fragancia es perfecta para quienes aprecian la elegancia y desean dejar una huella imborrable.<\/span><\/p>\n<h3>Notas Olfativas<\/h3>\n<p>Victorioso\u00a0de\u00a0Maison Alhambra\u00a0es una fragancia de la familia olfativa Amaderada Acu\u00e1tica para Hombres.\u00a0Victorioso\u00a0se lanz\u00f3 en 2022.<\/p>\n<p><strong>Notas de salida:<\/strong> notas marinas y bergamota.<\/p>\n<p><strong>Notas de coraz\u00f3n:<\/strong> hoja de laurel y jazm\u00edn.<\/p>\n<p><strong>Notas de fondo:<\/strong> \u00e1mbar gris, musgo de roble, madera de gaiac y pachul\u00ed.<\/p>\n","protected":false},"excerpt":{"rendered":"<p>VICTORIOSO Maison Alhambra Victorioso EDP es una cautivadora fragancia amaderada y acu\u00e1tica dise\u00f1ada espec\u00edficamente para el hombre moderno. Lanzada en<\/p>\n","protected":false},"featured_media":81478,"comment_status":"open","ping_status":"closed","template":"","meta":{"nf_dc_page":""},"product_brand":[107],"product_cat":[84],"product_tag":[146],"class_list":{"0":"post-81477","1":"product","2":"type-product","3":"status-publish","4":"has-post-thumbnail","6":"product_brand-maison-alhambra","7":"product_cat-perfumeria","8":"product_tag-146","10":"first","11":"instock","12":"shipping-taxable","13":"purchasable","14":"product-type-simple"},"_links":{"self":[{"href":"https:\/\/brandss.com.py\/index\/wp-json\/wp\/v2\/product\/81477","targetHints":{"allow":["GET"]}}],"collection":[{"href":"https:\/\/brandss.com.py\/index\/wp-json\/wp\/v2\/product"}],"about":[{"href":"https:\/\/brandss.com.py\/index\/wp-json\/wp\/v2\/types\/product"}],"replies":[{"embeddable":true,"href":"https:\/\/brandss.com.py\/index\/wp-json\/wp\/v2\/comments?post=81477"}],"version-history":[{"count":1,"href":"https:\/\/brandss.com.py\/index\/wp-json\/wp\/v2\/product\/81477\/revisions"}],"predecessor-version":[{"id":81483,"href":"https:\/\/brandss.com.py\/index\/wp-json\/wp\/v2\/product\/81477\/revisions\/81483"}],"wp:featuredmedia":[{"embeddable":true,"href":"https:\/\/brandss.com.py\/index\/wp-json\/wp\/v2\/media\/81478"}],"wp:attachment":[{"href":"https:\/\/brandss.com.py\/index\/wp-json\/wp\/v2\/media?parent=81477"}],"wp:term":[{"taxonomy":"product_brand","embeddable":true,"href":"https:\/\/brandss.com.py\/index\/wp-json\/wp\/v2\/product_brand?post=81477"},{"taxonomy":"product_cat","embeddable":true,"href":"https:\/\/brandss.com.py\/index\/wp-json\/wp\/v2\/product_cat?post=81477"},{"taxonomy":"product_tag","embeddable":true,"href":"https:\/\/brandss.com.py\/index\/wp-json\/wp\/v2\/product_tag?post=81477"}],"curies":[{"name":"wp","href":"https:\/\/api.w.org\/{rel}","templated":true}]}}