{"id":81586,"date":"2025-05-06T16:12:33","date_gmt":"2025-05-06T16:12:33","guid":{"rendered":"https:\/\/brandss.com.py\/index\/?post_type=product&#038;p=81586"},"modified":"2026-03-16T17:27:37","modified_gmt":"2026-03-16T17:27:37","slug":"perfume-masculino-al-wataniah-boraq-edp-75ml","status":"publish","type":"product","link":"https:\/\/brandss.com.py\/index\/producto\/perfume-masculino-al-wataniah-boraq-edp-75ml\/","title":{"rendered":"PERFUME MASCULINO AL WATANIAH BORAQ EDP 75ML"},"content":{"rendered":"<p><img loading=\"lazy\" decoding=\"async\" class=\"\" src=\"https:\/\/alwataniah.com\/cdn\/shop\/files\/Logo-Al-Wataniah-1.webp?v=1716291507&amp;width=1100\" alt=\"Al Wataniah - Perfumes \u00c1rabes para Mujer, Hombre y Unisex \u2013 Alwataniah\" width=\"89\" height=\"89\" \/><\/p>\n<h1>BORAQ<\/h1>\n<div class=\"elementor-element elementor-element-8d60fd3 mb-0 elementor-widget elementor-widget-porto_cp_excerpt\" data-id=\"8d60fd3\" data-element_type=\"widget\" data-widget_type=\"porto_cp_excerpt.default\">\n<div class=\"elementor-widget-container\">\n<div class=\"description woocommerce-product-details__short-description\">\n<p>Esta fragancia de Al Wataniah encapsula la esencia de la elegancia \u00e1rabe con una mezcla \u00fanica de ingredientes exquisitos, equilibrando notas tradicionales y modernas para crear un aroma inolvidable. De proyecci\u00f3n duradera e impresionante, el perfume combina frescura y exotismo en las notas de salida, un rico coraz\u00f3n floral y una base amaderada envolvente. Los frascos est\u00e1n dise\u00f1ados para reflejar el arte de la perfumer\u00eda \u00e1rabe, con elegantes detalles. La marca es conocida por su calidad e innovaci\u00f3n, creando experiencias olfativas \u00fanicas con los mejores ingredientes y t\u00e9cnicas. El perfume es ideal para ocasiones especiales o uso diario, proporcionando una sensaci\u00f3n de exclusividad y distinci\u00f3n.<\/p>\n<\/div>\n<\/div>\n<\/div>\n<div class=\"elementor-element elementor-element-63dea1a mb-0 elementor-widget elementor-widget-porto_cp_meta\" data-id=\"63dea1a\" data-element_type=\"widget\" data-widget_type=\"porto_cp_meta.default\">\n<div class=\"elementor-widget-container\">\n<div class=\"product_meta\">\n<h3>Notas Olfativas.<\/h3>\n<p>Potente y fuerte, este embriagador aroma masculino detendr\u00e1 el tiempo dondequiera que vayas.\u00a0Haz realidad tus sue\u00f1os con Boraq, una fragancia sensacional.<\/p>\n<p><strong>Notas de salida:<\/strong> Azafr\u00e1n, piment\u00f3n y rosa.<\/p>\n<p><strong>Notas de coraz\u00f3n:<\/strong> pachul\u00ed, caramelo, madera de agar (oud).<\/p>\n<p><strong>Notas de fondo:<\/strong> Almizcle, incienso, \u00e1mbar, resinas y notas amaderadas.<\/p>\n<\/div>\n<\/div>\n<\/div>\n","protected":false},"excerpt":{"rendered":"<p>BORAQ Esta fragancia de Al Wataniah encapsula la esencia de la elegancia \u00e1rabe con una mezcla \u00fanica de ingredientes exquisitos,<\/p>\n","protected":false},"featured_media":81588,"comment_status":"open","ping_status":"closed","template":"","meta":{"nf_dc_page":""},"product_brand":[105],"product_cat":[84],"product_tag":[559],"class_list":{"0":"post-81586","1":"product","2":"type-product","3":"status-publish","4":"has-post-thumbnail","6":"product_brand-al-wataniah","7":"product_cat-perfumeria","8":"product_tag-559","10":"first","11":"outofstock","12":"shipping-taxable","13":"purchasable","14":"product-type-simple"},"_links":{"self":[{"href":"https:\/\/brandss.com.py\/index\/wp-json\/wp\/v2\/product\/81586","targetHints":{"allow":["GET"]}}],"collection":[{"href":"https:\/\/brandss.com.py\/index\/wp-json\/wp\/v2\/product"}],"about":[{"href":"https:\/\/brandss.com.py\/index\/wp-json\/wp\/v2\/types\/product"}],"replies":[{"embeddable":true,"href":"https:\/\/brandss.com.py\/index\/wp-json\/wp\/v2\/comments?post=81586"}],"version-history":[{"count":2,"href":"https:\/\/brandss.com.py\/index\/wp-json\/wp\/v2\/product\/81586\/revisions"}],"predecessor-version":[{"id":81592,"href":"https:\/\/brandss.com.py\/index\/wp-json\/wp\/v2\/product\/81586\/revisions\/81592"}],"wp:featuredmedia":[{"embeddable":true,"href":"https:\/\/brandss.com.py\/index\/wp-json\/wp\/v2\/media\/81588"}],"wp:attachment":[{"href":"https:\/\/brandss.com.py\/index\/wp-json\/wp\/v2\/media?parent=81586"}],"wp:term":[{"taxonomy":"product_brand","embeddable":true,"href":"https:\/\/brandss.com.py\/index\/wp-json\/wp\/v2\/product_brand?post=81586"},{"taxonomy":"product_cat","embeddable":true,"href":"https:\/\/brandss.com.py\/index\/wp-json\/wp\/v2\/product_cat?post=81586"},{"taxonomy":"product_tag","embeddable":true,"href":"https:\/\/brandss.com.py\/index\/wp-json\/wp\/v2\/product_tag?post=81586"}],"curies":[{"name":"wp","href":"https:\/\/api.w.org\/{rel}","templated":true}]}}