{"id":81602,"date":"2025-05-06T17:01:58","date_gmt":"2025-05-06T17:01:58","guid":{"rendered":"https:\/\/brandss.com.py\/index\/?post_type=product&#038;p=81602"},"modified":"2025-12-11T18:28:52","modified_gmt":"2025-12-11T18:28:52","slug":"perfume-masculino-zirconia-prive-v12-edp-100ml","status":"publish","type":"product","link":"https:\/\/brandss.com.py\/index\/producto\/perfume-masculino-zirconia-prive-v12-edp-100ml\/","title":{"rendered":"PERFUME MASCULINO ZIRCONIA PRIV\u00c9 V12 EDP 100ML"},"content":{"rendered":"<p><img loading=\"lazy\" decoding=\"async\" class=\"\" src=\"https:\/\/www.charmeperfumeria.com\/public\/images\/brands\/52855_1375.jpg\" alt=\"ZIRCONIA PRIVE WILD EDP MAS 100ML | CHARME ATACADO | CHARME PERFUMERIA |  ATACADO PARAGUAY\" width=\"102\" height=\"102\" \/><\/p>\n<h1>V12<\/h1>\n<p>Una fragancia para los amantes de los coches deportivos, inspirada en sus motores de alta potencia. El V12 tiene notas con acordes impactantes, enigm\u00e1ticos y sensuales. Un Foug\u00e8re Arom\u00e1tico, con notas armoniosas, frescas y llamativas.<\/p>\n<p><span>En\u00e9rgico e irresistible,\u00a0<\/span>V12<span>\u00a0combina una vivacidad fresca con un poder audaz.<\/span><\/p>\n<p>&nbsp;<\/p>\n<h3>Notas Olfativas<\/h3>\n<p>&nbsp;<\/p>\n<div class=\"trix-content\">\n<div>V12 de Zirconia Priv\u00e9 es una fragancia cautivadora de la familia olfativa arom\u00e1tica foug\u00e8re, dise\u00f1ada para el hombre que exuda confianza y elegancia. Esta fragancia audaz combina la frescura de las notas arom\u00e1ticas con la calidez y sensualidad de los acordes foug\u00e8re, creando una experiencia olfativa verdaderamente \u00fanica y memorable. Con cada aplicaci\u00f3n, V12 envuelve al hombre en un aura de sofisticaci\u00f3n y masculinidad, potenciando su presencia y dejando una impresi\u00f3n duradera y envolvente<\/div>\n<\/div>\n<p>&nbsp;<\/p>\n<p class=\"mb-3 sc-description\"><strong>Notas principal:<\/strong> Manzana roja, ciruela, lima y bergamota.<\/p>\n<p class=\"mb-3 sc-description\"><strong>Notas de coraz\u00f3n: <\/strong>Canela, jazm\u00edn, cardamomo y rosa.<\/p>\n<p class=\"mb-3 sc-description\"><strong>Notas de base: <\/strong>Vainilla, \u00e1mbar, cedro y almizcle.<\/p>\n","protected":false},"excerpt":{"rendered":"<p>V12 Una fragancia para los amantes de los coches deportivos, inspirada en sus motores de alta potencia. El V12 tiene<\/p>\n","protected":false},"featured_media":81603,"comment_status":"open","ping_status":"closed","template":"","meta":{"nf_dc_page":""},"product_brand":[1943],"product_cat":[84],"product_tag":[2056],"class_list":{"0":"post-81602","1":"product","2":"type-product","3":"status-publish","4":"has-post-thumbnail","6":"product_brand-zirconia-prive","7":"product_cat-perfumeria","8":"product_tag-2056","10":"first","11":"outofstock","12":"shipping-taxable","13":"purchasable","14":"product-type-simple"},"_links":{"self":[{"href":"https:\/\/brandss.com.py\/index\/wp-json\/wp\/v2\/product\/81602","targetHints":{"allow":["GET"]}}],"collection":[{"href":"https:\/\/brandss.com.py\/index\/wp-json\/wp\/v2\/product"}],"about":[{"href":"https:\/\/brandss.com.py\/index\/wp-json\/wp\/v2\/types\/product"}],"replies":[{"embeddable":true,"href":"https:\/\/brandss.com.py\/index\/wp-json\/wp\/v2\/comments?post=81602"}],"version-history":[{"count":1,"href":"https:\/\/brandss.com.py\/index\/wp-json\/wp\/v2\/product\/81602\/revisions"}],"predecessor-version":[{"id":81607,"href":"https:\/\/brandss.com.py\/index\/wp-json\/wp\/v2\/product\/81602\/revisions\/81607"}],"wp:featuredmedia":[{"embeddable":true,"href":"https:\/\/brandss.com.py\/index\/wp-json\/wp\/v2\/media\/81603"}],"wp:attachment":[{"href":"https:\/\/brandss.com.py\/index\/wp-json\/wp\/v2\/media?parent=81602"}],"wp:term":[{"taxonomy":"product_brand","embeddable":true,"href":"https:\/\/brandss.com.py\/index\/wp-json\/wp\/v2\/product_brand?post=81602"},{"taxonomy":"product_cat","embeddable":true,"href":"https:\/\/brandss.com.py\/index\/wp-json\/wp\/v2\/product_cat?post=81602"},{"taxonomy":"product_tag","embeddable":true,"href":"https:\/\/brandss.com.py\/index\/wp-json\/wp\/v2\/product_tag?post=81602"}],"curies":[{"name":"wp","href":"https:\/\/api.w.org\/{rel}","templated":true}]}}