{"id":81608,"date":"2025-05-06T17:23:04","date_gmt":"2025-05-06T17:23:04","guid":{"rendered":"https:\/\/brandss.com.py\/index\/?post_type=product&#038;p=81608"},"modified":"2026-04-01T10:48:12","modified_gmt":"2026-04-01T10:48:12","slug":"perfume-masculino-zirconia-prive-wild-men-edp-100ml","status":"publish","type":"product","link":"https:\/\/brandss.com.py\/index\/producto\/perfume-masculino-zirconia-prive-wild-men-edp-100ml\/","title":{"rendered":"PERFUME MASCULINO ZIRCONIA PRIV\u00c9 WILD MEN EDP 100ML"},"content":{"rendered":"<p><img loading=\"lazy\" decoding=\"async\" class=\"\" src=\"https:\/\/www.charmeperfumeria.com\/public\/images\/brands\/52855_1375.jpg\" alt=\"ZIRCONIA PRIVE WILD EDP MAS 100ML | CHARME ATACADO | CHARME PERFUMERIA | ATACADO PARAGUAY\" width=\"128\" height=\"128\" \/><\/p>\n<h1>WILD MEN<\/h1>\n<p>Es una fragancia extremadamente sofisticada, refrescante e intensa. Un hombre de ciudad con alma de hombre de campo, un homenaje a la masculinidad fuerte y atemporal del hombre moderno que vive en armon\u00eda con la naturaleza. Atractivo y sorprendente, podr\u00e1 acompa\u00f1arte en tus aventuras, representando a un hombre que tiene una visi\u00f3n y percepci\u00f3n m\u00e1s amplia de la vida, un hombre m\u00e1s conectado con lo que sucede a su alrededor. Una oda a la libertad y al coraz\u00f3n salvaje.<\/p>\n<h3>Notas Olfativas<\/h3>\n<p>Presentando una frescura extrema con c\u00e1lidas notas orientales,\u00a0<strong>Wild<\/strong> revela una fragancia profundamente sensual.\u00a0La fragancia se abre con notas frescas de bergamota de Calabria y pimienta, que dan lugar a un coraz\u00f3n refinado de geranio, lavanda, pimienta de Sichuan, elem\u00ed, pimienta rosa, vetiver y oriza. Finalmente, un fondo amaderado de cedro con notas de l\u00e1dano y ambroxam.<\/p>\n<p>El perfume Wild de Zirconia Priv\u00e9 es una fragancia de la familia olfativa arom\u00e1tica foug\u00e8re para hombres.<\/p>\n<ul>\n<li><strong>Notas de salida:<\/strong> Naranja, bergamota y pimienta.<\/li>\n<li><strong>Notas de coraz\u00f3n:<\/strong> Pimienta china, lavanda, pimienta rosa, vetiver, pachul\u00ed, geranio y aceite de elem\u00ed.<\/li>\n<li><strong>Notas de fondo:<\/strong> Ambroxan, cedro y l\u00e1dano.<\/li>\n<\/ul>\n","protected":false},"excerpt":{"rendered":"<p>WILD MEN Es una fragancia extremadamente sofisticada, refrescante e intensa. Un hombre de ciudad con alma de hombre de campo,<\/p>\n","protected":false},"featured_media":81609,"comment_status":"open","ping_status":"closed","template":"","meta":{"nf_dc_page":""},"product_brand":[1943],"product_cat":[84],"product_tag":[2057],"class_list":{"0":"post-81608","1":"product","2":"type-product","3":"status-publish","4":"has-post-thumbnail","6":"product_brand-zirconia-prive","7":"product_cat-perfumeria","8":"product_tag-2057","10":"first","11":"outofstock","12":"shipping-taxable","13":"purchasable","14":"product-type-simple"},"_links":{"self":[{"href":"https:\/\/brandss.com.py\/index\/wp-json\/wp\/v2\/product\/81608","targetHints":{"allow":["GET"]}}],"collection":[{"href":"https:\/\/brandss.com.py\/index\/wp-json\/wp\/v2\/product"}],"about":[{"href":"https:\/\/brandss.com.py\/index\/wp-json\/wp\/v2\/types\/product"}],"replies":[{"embeddable":true,"href":"https:\/\/brandss.com.py\/index\/wp-json\/wp\/v2\/comments?post=81608"}],"version-history":[{"count":2,"href":"https:\/\/brandss.com.py\/index\/wp-json\/wp\/v2\/product\/81608\/revisions"}],"predecessor-version":[{"id":81615,"href":"https:\/\/brandss.com.py\/index\/wp-json\/wp\/v2\/product\/81608\/revisions\/81615"}],"wp:featuredmedia":[{"embeddable":true,"href":"https:\/\/brandss.com.py\/index\/wp-json\/wp\/v2\/media\/81609"}],"wp:attachment":[{"href":"https:\/\/brandss.com.py\/index\/wp-json\/wp\/v2\/media?parent=81608"}],"wp:term":[{"taxonomy":"product_brand","embeddable":true,"href":"https:\/\/brandss.com.py\/index\/wp-json\/wp\/v2\/product_brand?post=81608"},{"taxonomy":"product_cat","embeddable":true,"href":"https:\/\/brandss.com.py\/index\/wp-json\/wp\/v2\/product_cat?post=81608"},{"taxonomy":"product_tag","embeddable":true,"href":"https:\/\/brandss.com.py\/index\/wp-json\/wp\/v2\/product_tag?post=81608"}],"curies":[{"name":"wp","href":"https:\/\/api.w.org\/{rel}","templated":true}]}}