{"id":81631,"date":"2025-05-06T18:29:53","date_gmt":"2025-05-06T18:29:53","guid":{"rendered":"https:\/\/brandss.com.py\/index\/?post_type=product&#038;p=81631"},"modified":"2026-04-01T10:48:12","modified_gmt":"2026-04-01T10:48:12","slug":"perfume-femenino-zirconia-prive-fairy-tale-edp-100ml","status":"publish","type":"product","link":"https:\/\/brandss.com.py\/index\/producto\/perfume-femenino-zirconia-prive-fairy-tale-edp-100ml\/","title":{"rendered":"PERFUME FEMENINO ZIRCONIA PRIV\u00c9 FAIRY TALE EDP 100ML"},"content":{"rendered":"<p><img loading=\"lazy\" decoding=\"async\" class=\"\" src=\"https:\/\/www.charmeperfumeria.com\/public\/images\/brands\/52855_1375.jpg\" alt=\"ZIRCONIA PRIVE WILD EDP MAS 100ML | CHARME ATACADO | CHARME PERFUMERIA |  ATACADO PARAGUAY\" width=\"101\" height=\"101\" \/><\/p>\n<h1>FAIRY TALE<\/h1>\n<p>Es una fragancia cautivadora que nos permite adentrarnos en un cuento de hadas, un portal para vivir una gran aventura. Una fragancia muy femenina y llamativa, de la familia olfativa floral frutal, representa el encanto y la sensualidad de la mujer rom\u00e1ntica moderna. Un aroma afrodis\u00edaco que es capaz de tocar la personalidad \u00fanica de quien lo usa. Una mujer encantadora e irresistible. \u00a1Una fragancia inconfundible, un aut\u00e9ntico cuento de hadas!<img decoding=\"async\" class=\"alignleft\" src=\"https:\/\/epocacosmeticos.vteximg.com.br\/arquivos\/ids\/599403-450-450\/fairy-tale-zirconia-prive-perfume-feminino-edp--2-.jpg?v=638470733730970000\" \/><\/p>\n<h3><\/h3>\n<h3>Notas Olfativas<\/h3>\n<p>Una verdadera poci\u00f3n m\u00e1gica de amor, una dulce tentaci\u00f3n que deja una estela de sensualidad envolvente. El perfume Fairy Tale es una fragancia de la familia olfativa floral frutal gourmand para mujeres.<\/p>\n<ul>\n<li><strong>Notas de salida:<\/strong> Kiwi, lichi rojo y membrillo.<\/li>\n<li><strong>Notas de coraz\u00f3n:<\/strong> Chocolate blanco, pastelito, orqu\u00eddea y jazm\u00edn.<\/li>\n<li><strong>Notas de fondo:\u00a0<\/strong>Almizcle, notas amaderadas y ra\u00edces de iris.<\/li>\n<\/ul>\n","protected":false},"excerpt":{"rendered":"<p>FAIRY TALE Es una fragancia cautivadora que nos permite adentrarnos en un cuento de hadas, un portal para vivir una<\/p>\n","protected":false},"featured_media":81632,"comment_status":"open","ping_status":"closed","template":"","meta":{"nf_dc_page":""},"product_brand":[1943],"product_cat":[84],"product_tag":[2058],"class_list":{"0":"post-81631","1":"product","2":"type-product","3":"status-publish","4":"has-post-thumbnail","6":"product_brand-zirconia-prive","7":"product_cat-perfumeria","8":"product_tag-2058","10":"first","11":"outofstock","12":"shipping-taxable","13":"purchasable","14":"product-type-simple"},"_links":{"self":[{"href":"https:\/\/brandss.com.py\/index\/wp-json\/wp\/v2\/product\/81631","targetHints":{"allow":["GET"]}}],"collection":[{"href":"https:\/\/brandss.com.py\/index\/wp-json\/wp\/v2\/product"}],"about":[{"href":"https:\/\/brandss.com.py\/index\/wp-json\/wp\/v2\/types\/product"}],"replies":[{"embeddable":true,"href":"https:\/\/brandss.com.py\/index\/wp-json\/wp\/v2\/comments?post=81631"}],"version-history":[{"count":1,"href":"https:\/\/brandss.com.py\/index\/wp-json\/wp\/v2\/product\/81631\/revisions"}],"predecessor-version":[{"id":81636,"href":"https:\/\/brandss.com.py\/index\/wp-json\/wp\/v2\/product\/81631\/revisions\/81636"}],"wp:featuredmedia":[{"embeddable":true,"href":"https:\/\/brandss.com.py\/index\/wp-json\/wp\/v2\/media\/81632"}],"wp:attachment":[{"href":"https:\/\/brandss.com.py\/index\/wp-json\/wp\/v2\/media?parent=81631"}],"wp:term":[{"taxonomy":"product_brand","embeddable":true,"href":"https:\/\/brandss.com.py\/index\/wp-json\/wp\/v2\/product_brand?post=81631"},{"taxonomy":"product_cat","embeddable":true,"href":"https:\/\/brandss.com.py\/index\/wp-json\/wp\/v2\/product_cat?post=81631"},{"taxonomy":"product_tag","embeddable":true,"href":"https:\/\/brandss.com.py\/index\/wp-json\/wp\/v2\/product_tag?post=81631"}],"curies":[{"name":"wp","href":"https:\/\/api.w.org\/{rel}","templated":true}]}}