{"id":81641,"date":"2025-05-07T11:34:19","date_gmt":"2025-05-07T11:34:19","guid":{"rendered":"https:\/\/brandss.com.py\/index\/?post_type=product&#038;p=81641"},"modified":"2026-03-31T16:24:13","modified_gmt":"2026-03-31T16:24:13","slug":"perfume-femenino-adyan-asloob-edp-100ml","status":"publish","type":"product","link":"https:\/\/brandss.com.py\/index\/producto\/perfume-femenino-adyan-asloob-edp-100ml\/","title":{"rendered":"PERFUME FEMENINO ADYAN ASLOOB EDP 100ML"},"content":{"rendered":"<p><img loading=\"lazy\" decoding=\"async\" class=\"\" src=\"https:\/\/lujoperfume.com\/wp-content\/uploads\/2024\/06\/Logo-Adyan.png\" alt=\"Adyan Perfumes | Perfumes y decants | Lujo Perfume\" width=\"86\" height=\"86\" \/><\/p>\n<h1>ASLOOB<\/h1>\n<p>Sum\u00e9rgete en la elegancia y la sofisticaci\u00f3n con el perfume Asloob. Esta fragancia distintiva es una celebraci\u00f3n de la feminidad y el estilo moderno, cautivando los sentidos con una combinaci\u00f3n armoniosa de notas florales, c\u00edtricas y amaderadas. Desde sus notas superiores que evocan frescura y energ\u00eda hasta su coraz\u00f3n rom\u00e1ntico y su base c\u00e1lida y envolvente, cada elemento de esta fragancia est\u00e1 meticulosamente elaborado para ofrecer una experiencia olfativa \u00fanica. Con su estela duradera y su car\u00e1cter distintivo, Asloob es m\u00e1s que una simple fragancia; es una declaraci\u00f3n de elegancia y modernidad que deja una impresi\u00f3n imborrable en cada ocasi\u00f3n.<img decoding=\"async\" class=\"alignleft\" src=\"https:\/\/m.media-amazon.com\/images\/I\/51jAnlnTVIL._AC_SX522_.jpg\" \/><\/p>\n<p>Presentada en un elegante frasco adornado con intrincados dise\u00f1os, esta fragancia es la aut\u00e9ntica encarnaci\u00f3n del lujo y la sofisticaci\u00f3n. Del\u00e9itese con el cautivador aroma de Asloob by Adyan y d\u00e9jese transportar a un mundo de refinada elegancia.<\/p>\n<p>&nbsp;<\/p>\n<h3>Notas Olfativas<\/h3>\n<p>&nbsp;<\/p>\n<p>Asloob by Adyan es un cautivador eau de parfum que deleita los sentidos con su exquisita mezcla de notas seductoras. La fragancia se abre con una explosi\u00f3n de pera, bergamota y pimienta rosa, que evoca una sensaci\u00f3n de frescura y vitalidad. A medida que se despliega, las notas de coraz\u00f3n de rosa y jazm\u00edn revelan su opulenta esencia floral, aportando profundidad y feminidad a la fragancia. Finalmente, las notas de fondo de almizcle blanco, vainilla, pachul\u00ed y cedro brindan una c\u00e1lida y sensual sensaci\u00f3n, asegurando una estela duradera e inolvidable.<\/p>\n<div><strong>Notas de salida:<\/strong>\u00a0Pera, bergamota y pimienta rosa.<\/div>\n<div><strong>Notas de coraz\u00f3n:<\/strong>\u00a0Rosa y jazm\u00edn.<\/div>\n<div><strong>Notas de fondo:<\/strong>\u00a0Almizcle blanco, pachul\u00ed, cedro y vainilla.<\/div>\n","protected":false},"excerpt":{"rendered":"<p>ASLOOB Sum\u00e9rgete en la elegancia y la sofisticaci\u00f3n con el perfume Asloob. Esta fragancia distintiva es una celebraci\u00f3n de la<\/p>\n","protected":false},"featured_media":81642,"comment_status":"open","ping_status":"closed","template":"","meta":{"nf_dc_page":""},"product_brand":[1972],"product_cat":[84],"product_tag":[2059],"class_list":{"0":"post-81641","1":"product","2":"type-product","3":"status-publish","4":"has-post-thumbnail","6":"product_brand-adyan","7":"product_cat-perfumeria","8":"product_tag-2059","10":"first","11":"instock","12":"sale","13":"shipping-taxable","14":"purchasable","15":"product-type-simple"},"_links":{"self":[{"href":"https:\/\/brandss.com.py\/index\/wp-json\/wp\/v2\/product\/81641","targetHints":{"allow":["GET"]}}],"collection":[{"href":"https:\/\/brandss.com.py\/index\/wp-json\/wp\/v2\/product"}],"about":[{"href":"https:\/\/brandss.com.py\/index\/wp-json\/wp\/v2\/types\/product"}],"replies":[{"embeddable":true,"href":"https:\/\/brandss.com.py\/index\/wp-json\/wp\/v2\/comments?post=81641"}],"version-history":[{"count":1,"href":"https:\/\/brandss.com.py\/index\/wp-json\/wp\/v2\/product\/81641\/revisions"}],"predecessor-version":[{"id":81647,"href":"https:\/\/brandss.com.py\/index\/wp-json\/wp\/v2\/product\/81641\/revisions\/81647"}],"wp:featuredmedia":[{"embeddable":true,"href":"https:\/\/brandss.com.py\/index\/wp-json\/wp\/v2\/media\/81642"}],"wp:attachment":[{"href":"https:\/\/brandss.com.py\/index\/wp-json\/wp\/v2\/media?parent=81641"}],"wp:term":[{"taxonomy":"product_brand","embeddable":true,"href":"https:\/\/brandss.com.py\/index\/wp-json\/wp\/v2\/product_brand?post=81641"},{"taxonomy":"product_cat","embeddable":true,"href":"https:\/\/brandss.com.py\/index\/wp-json\/wp\/v2\/product_cat?post=81641"},{"taxonomy":"product_tag","embeddable":true,"href":"https:\/\/brandss.com.py\/index\/wp-json\/wp\/v2\/product_tag?post=81641"}],"curies":[{"name":"wp","href":"https:\/\/api.w.org\/{rel}","templated":true}]}}