{"id":81668,"date":"2025-05-08T09:58:22","date_gmt":"2025-05-08T09:58:22","guid":{"rendered":"https:\/\/brandss.com.py\/index\/?post_type=product&#038;p=81668"},"modified":"2026-04-27T12:02:03","modified_gmt":"2026-04-27T12:02:03","slug":"perfume-femenino-adyan-norah-pistachio-edp-100ml","status":"publish","type":"product","link":"https:\/\/brandss.com.py\/index\/producto\/perfume-femenino-adyan-norah-pistachio-edp-100ml\/","title":{"rendered":"PERFUME FEMENINO ADYAN NORAH PISTACHIO EDP 100ML"},"content":{"rendered":"<p><img loading=\"lazy\" decoding=\"async\" class=\"\" src=\"https:\/\/lujoperfume.com\/wp-content\/uploads\/2024\/06\/Logo-Adyan.png\" alt=\"Adyan Perfumes | Perfumes y decants | Lujo Perfume\" width=\"92\" height=\"92\" \/><\/p>\n<h1>NORAH PISTACHIO<\/h1>\n<p>Norah Pistachio de Adyan es un encantador eau de parfum con el cautivador aroma del pistacho como nota clave; embalaje lujoso: la elegante botella de vidrio verde y el dise\u00f1o de la caja ornamentada irradian sofisticaci\u00f3n y lo convierten en un regalo encantador. Aroma de larga duraci\u00f3n: elaborada por expertos con ingredientes de alta calidad, esta fragancia ofrece una impresionante longevidad en la piel. Uso vers\u00e1til: adecuado tanto para ocasiones informales como formales, Norah Pistachio deja un sendero fascinante dondequiera que vayas. <img loading=\"lazy\" decoding=\"async\" class=\"alignleft\" src=\"https:\/\/www.perfumeplusoutlet.com\/cdn\/shop\/files\/25_1800x1800.jpg?v=1739826502\" width=\"656\" height=\"656\" \/><\/p>\n<p><b><strong>Composici\u00f3n \u00fanica<\/strong><\/b><\/p>\n<p>Norah Pistachio presenta una intrigante mezcla de notas que la distinguen de las fragancias tradicionales. La incorporaci\u00f3n de pistacho aporta un toque delicioso, haciendo que este aroma sea memorable y distintivo. Encarna el esp\u00edritu de aventura y curiosidad, atrayendo a quienes buscan algo \u00fanico.<\/p>\n<p><b><strong>Lujo asequible<\/strong><\/b><\/p>\n<p>Adyan ofrece este eau de parfum a un precio que hace que el lujo sea accesible. Esta combinaci\u00f3n de calidad y asequibilidad permite a los entusiastas de las fragancias disfrutar de un aroma de alta gama sin gastar una fortuna.<\/p>\n<p><b><strong>Dise\u00f1ado para mujeres modernas<\/strong><\/b><\/p>\n<p>Norah Pistachio encarna el esp\u00edritu y el estilo de la mujer empoderada de hoy. Esta fragancia est\u00e1 dise\u00f1ada para quienes son seguros, aventureros y no se disculpan por ser ellos mismos. Complementa una amplia gama de personalidades y estilos de vida, lo que lo convierte en un accesorio perfecto para cualquier atuendo.<\/p>\n<p><b><strong>Potencial del aroma caracter\u00edstico<\/strong><\/b><\/p>\n<p>La mezcla \u00fanica de notas gourmand y florales de Norah Pistachio tiene el potencial de convertirse en un aroma exclusivo. Su composici\u00f3n memorable y equilibrada hace que destaque. Es perfecto para quienes buscan una fragancia distintiva.<\/p>\n<p><b><strong>Perfecto para cada temporada<\/strong><\/b><\/p>\n<p>Esta fragancia se adapta maravillosamente a todas las estaciones, lo que la convierte en una favorita durante todo el a\u00f1o. Su perfil equilibrado garantiza que se pueda usar en cualquier clima o entorno. Disfrute de la versatilidad de Norah Pistachio mientras realza su estilo de temporada.<\/p>\n<p>&nbsp;<\/p>\n<h1>Notas Olfativas<\/h1>\n<p>&nbsp;<\/p>\n<p>Norah Pistachio for Women de Adyan es una fragancia incre\u00edble para mujeres que prefieren la clase. Se abre con una mezcla cremosa de pistacho, helado, ron y cardamomo. El coraz\u00f3n combina notas florales y frutales como jazm\u00edn, pera y frambuesa para mayor elegancia. Termina con una base dulce de crema batida, malvavisco, algod\u00f3n de az\u00facar y haba tonka, creando un aroma divertido pero indulgente, perfecto para cualquier ocasi\u00f3n.<\/p>\n<p>&nbsp;<\/p>\n<p><b><strong>Notas de salida:<\/strong><\/b>\u00a0pistacho, helado, bergamota, avellana, ron, cardamomo.<\/p>\n<p><b><strong>Notas de coraz\u00f3n<\/strong><\/b>\u00a0: Lirio de los valles, pera, jazm\u00edn, peon\u00eda, geranio y frambuesa.<\/p>\n<p><b><strong>Notas de base:<\/strong><\/b>\u00a0Crema batida, malvavisco, algod\u00f3n de az\u00facar, haba tonka, loukhoum<\/p>\n","protected":false},"excerpt":{"rendered":"<p>NORAH PISTACHIO Norah Pistachio de Adyan es un encantador eau de parfum con el cautivador aroma del pistacho como nota<\/p>\n","protected":false},"featured_media":81669,"comment_status":"open","ping_status":"closed","template":"","meta":{"nf_dc_page":""},"product_brand":[1972],"product_cat":[84],"product_tag":[2062],"class_list":{"0":"post-81668","1":"product","2":"type-product","3":"status-publish","4":"has-post-thumbnail","6":"product_brand-adyan","7":"product_cat-perfumeria","8":"product_tag-2062","10":"first","11":"instock","12":"sale","13":"shipping-taxable","14":"purchasable","15":"product-type-simple"},"_links":{"self":[{"href":"https:\/\/brandss.com.py\/index\/wp-json\/wp\/v2\/product\/81668","targetHints":{"allow":["GET"]}}],"collection":[{"href":"https:\/\/brandss.com.py\/index\/wp-json\/wp\/v2\/product"}],"about":[{"href":"https:\/\/brandss.com.py\/index\/wp-json\/wp\/v2\/types\/product"}],"replies":[{"embeddable":true,"href":"https:\/\/brandss.com.py\/index\/wp-json\/wp\/v2\/comments?post=81668"}],"version-history":[{"count":1,"href":"https:\/\/brandss.com.py\/index\/wp-json\/wp\/v2\/product\/81668\/revisions"}],"predecessor-version":[{"id":81674,"href":"https:\/\/brandss.com.py\/index\/wp-json\/wp\/v2\/product\/81668\/revisions\/81674"}],"wp:featuredmedia":[{"embeddable":true,"href":"https:\/\/brandss.com.py\/index\/wp-json\/wp\/v2\/media\/81669"}],"wp:attachment":[{"href":"https:\/\/brandss.com.py\/index\/wp-json\/wp\/v2\/media?parent=81668"}],"wp:term":[{"taxonomy":"product_brand","embeddable":true,"href":"https:\/\/brandss.com.py\/index\/wp-json\/wp\/v2\/product_brand?post=81668"},{"taxonomy":"product_cat","embeddable":true,"href":"https:\/\/brandss.com.py\/index\/wp-json\/wp\/v2\/product_cat?post=81668"},{"taxonomy":"product_tag","embeddable":true,"href":"https:\/\/brandss.com.py\/index\/wp-json\/wp\/v2\/product_tag?post=81668"}],"curies":[{"name":"wp","href":"https:\/\/api.w.org\/{rel}","templated":true}]}}