{"id":81675,"date":"2025-05-08T10:53:35","date_gmt":"2025-05-08T10:53:35","guid":{"rendered":"https:\/\/brandss.com.py\/index\/?post_type=product&#038;p=81675"},"modified":"2025-12-11T18:32:37","modified_gmt":"2025-12-11T18:32:37","slug":"perfume-femenino-adyan-norah-amour-edp-100ml","status":"publish","type":"product","link":"https:\/\/brandss.com.py\/index\/producto\/perfume-femenino-adyan-norah-amour-edp-100ml\/","title":{"rendered":"PERFUME FEMENINO ADYAN NORAH AMOUR EDP 100ML"},"content":{"rendered":"<p><img loading=\"lazy\" decoding=\"async\" class=\"\" src=\"https:\/\/lujoperfume.com\/wp-content\/uploads\/2024\/06\/Logo-Adyan.png\" alt=\"Adyan Perfumes | Perfumes y decants | Lujo Perfume\" width=\"101\" height=\"101\" \/><\/p>\n<h1>NORAH AMOUR<\/h1>\n<p>Es un exquisito perfume que cautiva los sentidos con su seductora fragancia. Este lujoso aroma, cuidadosamente elaborado, combina notas de salida c\u00edtricas y florales con un coraz\u00f3n de jazm\u00edn y rosa, culminando en una c\u00e1lida y sensual base de \u00e1mbar y almizcle. Presentada en un elegante frasco de vidrio adornado con una borla, esta fragancia de 100 ml irradia sofisticaci\u00f3n y un encanto atemporal.<\/p>\n<p>Es la combinaci\u00f3n perfecta de frescura, elegancia y sensualidad, ideal para la mujer moderna y sofisticada. Con un aroma fresco, floral y ligeramente amaderado, este perfume es perfecto tanto para el uso diario como para ocasiones especiales.<\/p>\n<p>Del\u00e9itate con el opulento aroma de Norah Amour y deja una huella imborrable dondequiera que vayas.<\/p>\n<p><img decoding=\"async\" class=\"alignleft\" src=\"https:\/\/m.media-amazon.com\/images\/I\/71sv656zsML._AC_SX522_.jpg\" \/><\/p>\n<h3>Notas Olfativas<\/h3>\n<p>&nbsp;<\/p>\n<p><span>Experimenta el cautivador encanto de\u00a0<\/span>Norah Amour, una fragancia de 100 ml dise\u00f1ada para envolverte en un aura de romance y sofisticaci\u00f3n. Este lujoso perfume se abre con un ramo de frescas y delicadas notas florales que se funden a la perfecci\u00f3n con un coraz\u00f3n de especias ricas y seductoras. La fragancia se asienta sobre una c\u00e1lida y sensual base de \u00e1mbar y almizcle, creando un equilibrio perfecto entre dulzura y profundidad.\u00a0Norah Amour<span>\u00a0es la opci\u00f3n ideal para la mujer moderna que irradia elegancia y confianza, convirti\u00e9ndose en el compa\u00f1ero perfecto para cualquier ocasi\u00f3n.\u00a0<\/span><\/p>\n<p>&nbsp;<\/p>\n<ul>\n<li><span><span dir=\"ltr\" lang=\"es-MX\"><strong>Notas de salida:<\/strong><\/span><span dir=\"ltr\" lang=\"es-MX\"><strong>\u00a0<\/strong>Ber<\/span><\/span><span><span dir=\"ltr\" lang=\"es-MX\">gamota y c\u00edtricos.\n<p><\/span><\/span><\/li>\n<li><span dir=\"ltr\" lang=\"es-MX\"><strong>Notas de coraz\u00f3n:<\/strong> Flor de azahar, tuberosa, almizcle blanco y aloe vera.\n<p><\/span><\/li>\n<li><span dir=\"ltr\" lang=\"es-MX\"><strong>Notas de fondo:<\/strong> Almizcle, pachul\u00ed y vainilla.<\/span><\/li>\n<\/ul>\n<p>&nbsp;<\/p>\n","protected":false},"excerpt":{"rendered":"<p>NORAH AMOUR Es un exquisito perfume que cautiva los sentidos con su seductora fragancia. Este lujoso aroma, cuidadosamente elaborado, combina<\/p>\n","protected":false},"featured_media":81676,"comment_status":"open","ping_status":"closed","template":"","meta":{"nf_dc_page":""},"product_brand":[1972],"product_cat":[84],"product_tag":[2063],"class_list":{"0":"post-81675","1":"product","2":"type-product","3":"status-publish","4":"has-post-thumbnail","6":"product_brand-adyan","7":"product_cat-perfumeria","8":"product_tag-2063","10":"first","11":"instock","12":"shipping-taxable","13":"purchasable","14":"product-type-simple"},"_links":{"self":[{"href":"https:\/\/brandss.com.py\/index\/wp-json\/wp\/v2\/product\/81675","targetHints":{"allow":["GET"]}}],"collection":[{"href":"https:\/\/brandss.com.py\/index\/wp-json\/wp\/v2\/product"}],"about":[{"href":"https:\/\/brandss.com.py\/index\/wp-json\/wp\/v2\/types\/product"}],"replies":[{"embeddable":true,"href":"https:\/\/brandss.com.py\/index\/wp-json\/wp\/v2\/comments?post=81675"}],"version-history":[{"count":1,"href":"https:\/\/brandss.com.py\/index\/wp-json\/wp\/v2\/product\/81675\/revisions"}],"predecessor-version":[{"id":81680,"href":"https:\/\/brandss.com.py\/index\/wp-json\/wp\/v2\/product\/81675\/revisions\/81680"}],"wp:featuredmedia":[{"embeddable":true,"href":"https:\/\/brandss.com.py\/index\/wp-json\/wp\/v2\/media\/81676"}],"wp:attachment":[{"href":"https:\/\/brandss.com.py\/index\/wp-json\/wp\/v2\/media?parent=81675"}],"wp:term":[{"taxonomy":"product_brand","embeddable":true,"href":"https:\/\/brandss.com.py\/index\/wp-json\/wp\/v2\/product_brand?post=81675"},{"taxonomy":"product_cat","embeddable":true,"href":"https:\/\/brandss.com.py\/index\/wp-json\/wp\/v2\/product_cat?post=81675"},{"taxonomy":"product_tag","embeddable":true,"href":"https:\/\/brandss.com.py\/index\/wp-json\/wp\/v2\/product_tag?post=81675"}],"curies":[{"name":"wp","href":"https:\/\/api.w.org\/{rel}","templated":true}]}}