{"id":81688,"date":"2025-05-08T16:41:06","date_gmt":"2025-05-08T16:41:06","guid":{"rendered":"https:\/\/brandss.com.py\/index\/?post_type=product&#038;p=81688"},"modified":"2026-03-30T13:43:59","modified_gmt":"2026-03-30T13:43:59","slug":"perfume-femenino-mirada-senses-edp-90ml","status":"publish","type":"product","link":"https:\/\/brandss.com.py\/index\/producto\/perfume-femenino-mirada-senses-edp-90ml\/","title":{"rendered":"PERFUME FEMENINO MIRADA SENSES EDP 90ML"},"content":{"rendered":"<p><img loading=\"lazy\" decoding=\"async\" class=\"\" src=\"https:\/\/www.fragrantica.es\/mdimg\/dizajneri\/o.6784.jpg\" alt=\"Mirada Fragancias Y Colonias\" width=\"74\" height=\"60\" \/><\/p>\n<h1>SENSES<\/h1>\n<p>Libera la esencia de la serenidad con Senses, un perfume que te envuelve en un manto de puro deleite. Del\u00e9itate con esta cautivadora mezcla de notas y deja que tu elegancia brille. Experimente el vibrante y lujoso aroma de SENSES.<\/p>\n<h3>Notas Olfativas<\/h3>\n<p>Del\u00e9itese con las notas de salida de granada, fresa y lim\u00f3n, mientras que las notas de coraz\u00f3n de manzana verde, p\u00e9talos de rosa y geranio agregan un toque encantador.<br \/>\nLas seductoras notas de fondo de almizcle, glicina y jazm\u00edn dejan una impresi\u00f3n duradera.<\/p>\n<p>&nbsp;<\/p>\n<p><strong>Notas de salida<\/strong>: granada, fresa, lim\u00f3n.<\/p>\n<p><strong>Notas de coraz\u00f3n<\/strong>: manzana verde, p\u00e9talos de rosa, geranio.<\/p>\n<p><strong>Notas de fondo<\/strong>: almizcle, glicina, jazm\u00edn.<\/p>\n","protected":false},"excerpt":{"rendered":"<p>SENSES Libera la esencia de la serenidad con Senses, un perfume que te envuelve en un manto de puro deleite.<\/p>\n","protected":false},"featured_media":81689,"comment_status":"open","ping_status":"closed","template":"","meta":{"nf_dc_page":""},"product_brand":[1968],"product_cat":[84],"product_tag":[2064],"class_list":{"0":"post-81688","1":"product","2":"type-product","3":"status-publish","4":"has-post-thumbnail","6":"product_brand-mirada","7":"product_cat-perfumeria","8":"product_tag-2064","10":"first","11":"outofstock","12":"shipping-taxable","13":"purchasable","14":"product-type-simple"},"_links":{"self":[{"href":"https:\/\/brandss.com.py\/index\/wp-json\/wp\/v2\/product\/81688","targetHints":{"allow":["GET"]}}],"collection":[{"href":"https:\/\/brandss.com.py\/index\/wp-json\/wp\/v2\/product"}],"about":[{"href":"https:\/\/brandss.com.py\/index\/wp-json\/wp\/v2\/types\/product"}],"replies":[{"embeddable":true,"href":"https:\/\/brandss.com.py\/index\/wp-json\/wp\/v2\/comments?post=81688"}],"version-history":[{"count":1,"href":"https:\/\/brandss.com.py\/index\/wp-json\/wp\/v2\/product\/81688\/revisions"}],"predecessor-version":[{"id":81693,"href":"https:\/\/brandss.com.py\/index\/wp-json\/wp\/v2\/product\/81688\/revisions\/81693"}],"wp:featuredmedia":[{"embeddable":true,"href":"https:\/\/brandss.com.py\/index\/wp-json\/wp\/v2\/media\/81689"}],"wp:attachment":[{"href":"https:\/\/brandss.com.py\/index\/wp-json\/wp\/v2\/media?parent=81688"}],"wp:term":[{"taxonomy":"product_brand","embeddable":true,"href":"https:\/\/brandss.com.py\/index\/wp-json\/wp\/v2\/product_brand?post=81688"},{"taxonomy":"product_cat","embeddable":true,"href":"https:\/\/brandss.com.py\/index\/wp-json\/wp\/v2\/product_cat?post=81688"},{"taxonomy":"product_tag","embeddable":true,"href":"https:\/\/brandss.com.py\/index\/wp-json\/wp\/v2\/product_tag?post=81688"}],"curies":[{"name":"wp","href":"https:\/\/api.w.org\/{rel}","templated":true}]}}