{"id":81694,"date":"2025-05-08T17:05:00","date_gmt":"2025-05-08T17:05:00","guid":{"rendered":"https:\/\/brandss.com.py\/index\/?post_type=product&#038;p=81694"},"modified":"2026-03-30T13:40:49","modified_gmt":"2026-03-30T13:40:49","slug":"perfume-masculino-mirada-shield-man-edt-100ml","status":"publish","type":"product","link":"https:\/\/brandss.com.py\/index\/producto\/perfume-masculino-mirada-shield-man-edt-100ml\/","title":{"rendered":"PERFUME MASCULINO MIRADA SHIELD MAN EDT 100ML"},"content":{"rendered":"<p><img loading=\"lazy\" decoding=\"async\" class=\"\" src=\"https:\/\/www.fragrantica.es\/mdimg\/dizajneri\/o.6784.jpg\" alt=\"Mirada Fragancias Y Colonias\" width=\"72\" height=\"59\" \/><\/p>\n<h1>SHIELD MAN<\/h1>\n<p><span>Es una fragancia masculina meticulosamente elaborada que evoca confianza y refinamiento. Dise\u00f1ado como un perfume para hombres, SHIELD ofrece una experiencia de fragancia lujosa que aumenta tu confianza y deja una impresi\u00f3n poderosa. Se abre con una vibrante explosi\u00f3n de <\/span><span class=\"a-text-bold\"><span>c\u00edtricos<\/span><\/span><span>\u00a0brillantes y\u00a0<\/span><span class=\"a-text-bold\"><span>pomelo<\/span><\/span><span>\u00a0vigorizante , que revitaliza los sentidos al instante. A medida que la fragancia evoluciona, emerge una rica y compleja mezcla de notas\u00a0<\/span><span class=\"a-text-bold\"><span>especiadas<\/span><\/span><span>\u00a0,\u00a0<\/span><span class=\"a-text-bold\"><span>herbales<\/span><\/span><span>\u00a0y\u00a0<\/span><span class=\"a-text-bold\"><span>amaderadas<\/span><\/span><span>\u00a0, con un toque terroso de\u00a0<\/span><span class=\"a-text-bold\"><span>pachul\u00ed<\/span><\/span><span>\u00a0, creando un coraz\u00f3n audaz y sofisticado. La fragancia concluye con una c\u00e1lida y duradera base de\u00a0<\/span><span class=\"a-text-bold\"><span>vetiver<\/span><\/span><span>\u00a0,\u00a0<\/span><span class=\"a-text-bold\"><span>\u00e1mbar<\/span><\/span><span>\u00a0y matices\u00a0<\/span><span class=\"a-text-bold\"><span>amaderados<\/span><\/span><span>\u00a0, que deja una impresi\u00f3n duradera de fuerza y \u200b\u200belegancia atemporal.<\/span><\/p>\n<div class=\"col-lg-4 col-sm-6 col-12 mb-lg-0 mb-3\">\n<div class=\"stands-out-content\">\n<div class=\"feature\"><strong>Frescura c\u00edtrica<img loading=\"lazy\" decoding=\"async\" class=\"alignleft\" src=\"https:\/\/m.media-amazon.com\/images\/I\/81v8evJ+UCL._SL1500_.jpg\" width=\"620\" height=\"620\" \/><\/strong><\/div>\n<div><\/div>\n<div class=\"description\"><span>Infundido con vibrantes notas c\u00edtricas y de pomelo, MIRADA Shield ofrece un aroma refrescante que energiza los sentidos y deja una impresi\u00f3n duradera durante todo el d\u00eda.<\/span><\/div>\n<div><\/div>\n<\/div>\n<\/div>\n<div class=\"col-lg-4 col-sm-6 col-12 mb-lg-0 mb-3\">\n<div class=\"stands-out-content\">\n<div class=\"feature\"><strong>Complejidad picante<\/strong><\/div>\n<div><\/div>\n<div class=\"description\"><span>La adici\u00f3n de notas especiadas y herb\u00e1ceas crea un perfil de fragancia complejo, lo que lo hace perfecto para el hombre moderno que busca singularidad y profundidad en su aroma.<\/span><\/div>\n<div><\/div>\n<\/div>\n<\/div>\n<div class=\"col-lg-4 col-sm-6 col-12 mb-lg-0 mb-3\">\n<div class=\"stands-out-content\">\n<div class=\"feature\"><strong>Uso duradero<\/strong><\/div>\n<div><\/div>\n<div class=\"description\"><span>Dise\u00f1ado para durar todo el d\u00eda, la combinaci\u00f3n de notas amaderadas, de pachul\u00ed y de \u00e1mbar garantiza que MIRADA Shield siga siendo cautivador desde la ma\u00f1ana hasta la noche, mejorando tu confianza.<\/span><\/div>\n<div><\/div>\n<\/div>\n<\/div>\n<h3>Notas Olfativas<\/h3>\n<p>&nbsp;<\/p>\n<p>&nbsp;<\/p>\n<p>El perfume Shield de Mirada es una fragancia de la familia olfativa amaderada especiada para hombres.<\/p>\n<ul>\n<li><strong>Notas de salida:<\/strong>\u00a0C\u00edtricos y pomelo<\/li>\n<li><strong>Notas de coraz\u00f3n:\u00a0<\/strong>Pachul\u00ed y notas especiadas, herbales y le\u00f1osas<\/li>\n<li><strong>Notas de fondo:<\/strong>\u00a0\u00c1mbar, vetiver y notas amaderadas<\/li>\n<\/ul>\n","protected":false},"excerpt":{"rendered":"<p>SHIELD MAN Es una fragancia masculina meticulosamente elaborada que evoca confianza y refinamiento. Dise\u00f1ado como un perfume para hombres, SHIELD<\/p>\n","protected":false},"featured_media":81695,"comment_status":"open","ping_status":"closed","template":"","meta":{"nf_dc_page":""},"product_brand":[1968],"product_cat":[84],"product_tag":[2065],"class_list":{"0":"post-81694","1":"product","2":"type-product","3":"status-publish","4":"has-post-thumbnail","6":"product_brand-mirada","7":"product_cat-perfumeria","8":"product_tag-2065","10":"first","11":"instock","12":"sale","13":"shipping-taxable","14":"purchasable","15":"product-type-simple"},"_links":{"self":[{"href":"https:\/\/brandss.com.py\/index\/wp-json\/wp\/v2\/product\/81694","targetHints":{"allow":["GET"]}}],"collection":[{"href":"https:\/\/brandss.com.py\/index\/wp-json\/wp\/v2\/product"}],"about":[{"href":"https:\/\/brandss.com.py\/index\/wp-json\/wp\/v2\/types\/product"}],"replies":[{"embeddable":true,"href":"https:\/\/brandss.com.py\/index\/wp-json\/wp\/v2\/comments?post=81694"}],"version-history":[{"count":2,"href":"https:\/\/brandss.com.py\/index\/wp-json\/wp\/v2\/product\/81694\/revisions"}],"predecessor-version":[{"id":81702,"href":"https:\/\/brandss.com.py\/index\/wp-json\/wp\/v2\/product\/81694\/revisions\/81702"}],"wp:featuredmedia":[{"embeddable":true,"href":"https:\/\/brandss.com.py\/index\/wp-json\/wp\/v2\/media\/81695"}],"wp:attachment":[{"href":"https:\/\/brandss.com.py\/index\/wp-json\/wp\/v2\/media?parent=81694"}],"wp:term":[{"taxonomy":"product_brand","embeddable":true,"href":"https:\/\/brandss.com.py\/index\/wp-json\/wp\/v2\/product_brand?post=81694"},{"taxonomy":"product_cat","embeddable":true,"href":"https:\/\/brandss.com.py\/index\/wp-json\/wp\/v2\/product_cat?post=81694"},{"taxonomy":"product_tag","embeddable":true,"href":"https:\/\/brandss.com.py\/index\/wp-json\/wp\/v2\/product_tag?post=81694"}],"curies":[{"name":"wp","href":"https:\/\/api.w.org\/{rel}","templated":true}]}}