{"id":81703,"date":"2025-05-08T17:59:13","date_gmt":"2025-05-08T17:59:13","guid":{"rendered":"https:\/\/brandss.com.py\/index\/?post_type=product&#038;p=81703"},"modified":"2026-03-30T13:40:32","modified_gmt":"2026-03-30T13:40:32","slug":"perfume-masculino-mirada-amour-man-edt-100ml","status":"publish","type":"product","link":"https:\/\/brandss.com.py\/index\/producto\/perfume-masculino-mirada-amour-man-edt-100ml\/","title":{"rendered":"PERFUME MASCULINO MIRADA AMOUR MAN EDT 100ML"},"content":{"rendered":"<p><img loading=\"lazy\" decoding=\"async\" class=\"\" src=\"https:\/\/www.fragrantica.es\/mdimg\/dizajneri\/o.6784.jpg\" alt=\"Mirada Fragancias Y Colonias\" width=\"93\" height=\"76\" \/><\/p>\n<h1>AMOUR MAN<\/h1>\n<p>Es una cautivadora mezcla de notas refrescantes y especiadas, dise\u00f1ada para evocar confianza y sofisticaci\u00f3n. Elaborado como un perfume, cada pulverizaci\u00f3n te envuelve en su abrazo encantador, garantizando un aroma que cautiva a quienes te rodean. Las notas de salida de <span class=\"a-text-bold\">bergamota<\/span>\u00a0,\u00a0<span class=\"a-text-bold\">lim\u00f3n<\/span>\u00a0y notas\u00a0<span class=\"a-text-bold\">marinas<\/span>\u00a0crean una salida fresca y n\u00edtida, mientras que el coraz\u00f3n introduce calidez y especias con\u00a0<span class=\"a-text-bold\">geranio<\/span>\u00a0,\u00a0<span class=\"a-text-bold\">muguete<\/span>\u00a0,\u00a0<span class=\"a-text-bold\">cardamomo<\/span>\u00a0y\u00a0<span class=\"a-text-bold\">pimienta<\/span>\u00a0. Finalmente, las notas de fondo de\u00a0<span class=\"a-text-bold\">\u00e1mbar<\/span>\u00a0,\u00a0<span class=\"a-text-bold\">almizcle<\/span>\u00a0,\u00a0<span class=\"a-text-bold\">madera de cedro<\/span>\u00a0y\u00a0<span class=\"a-text-bold\">pachul\u00ed<\/span>\u00a0proporcionan una base rica y terrosa, convirtiendo\u00a0<span class=\"a-text-bold\">a Armour<\/span>\u00a0en una fragancia audaz y duradera que deja una huella imborrable. Esta composici\u00f3n \u00fanica la convierte en la fragancia perfecta para el hombre seguro de s\u00ed mismo, listo para afrontar cualquier reto.<\/p>\n<p>Armour Man es una fragancia robusta y magn\u00e9tica, ideal para el hombre moderno que quiere hacer sentir su presencia con sofisticaci\u00f3n y virilidad. Es la elecci\u00f3n perfecta para quienes buscan un aroma distintivo e impactante.<\/p>\n<h3><\/h3>\n<h3>Notas Olfativas<\/h3>\n<p>&nbsp;<\/p>\n<p>La composici\u00f3n olfativa comienza con una refrescante explosi\u00f3n c\u00edtrica en las notas de salida, proporcionando una introducci\u00f3n vibrante y energizante. A medida que evoluciona, el coraz\u00f3n especiado revela una mezcla arom\u00e1tica \u00fanica que le da al perfume una identidad sorprendente e inolvidable. Finalmente, las notas de fondo ofrecen una seductora combinaci\u00f3n de maderas y musgo, creando una estela c\u00e1lida y envolvente que garantiza una fijaci\u00f3n duradera y un aroma que destaca.<\/p>\n<p>El perfume Amour de Mirada es una fragancia de la familia olfativa amaderada acu\u00e1tica para hombres.<\/p>\n<ul>\n<li><strong>Notas de salida:<\/strong> Bergamota, lim\u00f3n y notas marinas.<\/li>\n<li><strong>Notas de coraz\u00f3n:<\/strong> Geranio, cardamomo y pimienta.<\/li>\n<li><strong>Notas de fondo:<\/strong> \u00c1mbar, almizcle, madera de cedro y pachul\u00ed.<\/li>\n<\/ul>\n","protected":false},"excerpt":{"rendered":"<p>AMOUR MAN Es una cautivadora mezcla de notas refrescantes y especiadas, dise\u00f1ada para evocar confianza y sofisticaci\u00f3n. Elaborado como un<\/p>\n","protected":false},"featured_media":81704,"comment_status":"open","ping_status":"closed","template":"","meta":{"nf_dc_page":""},"product_brand":[1968],"product_cat":[84],"product_tag":[2066],"class_list":{"0":"post-81703","1":"product","2":"type-product","3":"status-publish","4":"has-post-thumbnail","6":"product_brand-mirada","7":"product_cat-perfumeria","8":"product_tag-2066","10":"first","11":"instock","12":"sale","13":"shipping-taxable","14":"purchasable","15":"product-type-simple"},"_links":{"self":[{"href":"https:\/\/brandss.com.py\/index\/wp-json\/wp\/v2\/product\/81703","targetHints":{"allow":["GET"]}}],"collection":[{"href":"https:\/\/brandss.com.py\/index\/wp-json\/wp\/v2\/product"}],"about":[{"href":"https:\/\/brandss.com.py\/index\/wp-json\/wp\/v2\/types\/product"}],"replies":[{"embeddable":true,"href":"https:\/\/brandss.com.py\/index\/wp-json\/wp\/v2\/comments?post=81703"}],"version-history":[{"count":2,"href":"https:\/\/brandss.com.py\/index\/wp-json\/wp\/v2\/product\/81703\/revisions"}],"predecessor-version":[{"id":81712,"href":"https:\/\/brandss.com.py\/index\/wp-json\/wp\/v2\/product\/81703\/revisions\/81712"}],"wp:featuredmedia":[{"embeddable":true,"href":"https:\/\/brandss.com.py\/index\/wp-json\/wp\/v2\/media\/81704"}],"wp:attachment":[{"href":"https:\/\/brandss.com.py\/index\/wp-json\/wp\/v2\/media?parent=81703"}],"wp:term":[{"taxonomy":"product_brand","embeddable":true,"href":"https:\/\/brandss.com.py\/index\/wp-json\/wp\/v2\/product_brand?post=81703"},{"taxonomy":"product_cat","embeddable":true,"href":"https:\/\/brandss.com.py\/index\/wp-json\/wp\/v2\/product_cat?post=81703"},{"taxonomy":"product_tag","embeddable":true,"href":"https:\/\/brandss.com.py\/index\/wp-json\/wp\/v2\/product_tag?post=81703"}],"curies":[{"name":"wp","href":"https:\/\/api.w.org\/{rel}","templated":true}]}}