{"id":81713,"date":"2025-05-09T12:20:27","date_gmt":"2025-05-09T12:20:27","guid":{"rendered":"https:\/\/brandss.com.py\/index\/?post_type=product&#038;p=81713"},"modified":"2025-11-04T13:41:16","modified_gmt":"2025-11-04T13:41:16","slug":"walkie-talkie-motorola-t110-25km-26-canais-vermelho-e-preto","status":"publish","type":"product","link":"https:\/\/brandss.com.py\/index\/producto\/walkie-talkie-motorola-t110-25km-26-canais-vermelho-e-preto\/","title":{"rendered":"RADIO WALK TALK MOTOROLA T-110 25KM 26 CANALES RED\/BLACK"},"content":{"rendered":"<p><img loading=\"lazy\" decoding=\"async\" class=\"\" src=\"https:\/\/cdn.freebiesupply.com\/logos\/large\/2x\/motorola-2-logo-png-transparent.png\" alt=\"Motorola Logo Png\" width=\"88\" height=\"88\" \/><\/p>\n<h1>T-110<\/h1>\n<p><b>M\u00e1xima Conectividad para Vivir con Libertad<\/b><\/p>\n<p>Sencillo, f\u00e1cil, divertido. Para acampar, explorar, en la playa o simplemente jugar en el jard\u00edn, la radio bidireccional TALKABOUT T110 es perfecta para mantenerse en contacto cuando est\u00e1 en casa o fuera de casa.<\/p>\n<p>La configuraci\u00f3n es simple gracias a la funci\u00f3n de emparejamiento f\u00e1cil, luego hable instant\u00e1neamente con amigos y familiares con solo presionar un bot\u00f3n.<\/p>\n<p>Con 26 canales, pantalla LCD, alcance de hasta 25 kil\u00f3metros\u00a0 y una variedad de colores, el T110 lo mantiene conectado para disfrutar cada momento.<\/p>\n<div class=\"w-100 rounded20 bordinha-cinza mt-3 mb-5\">\n<div id=\"item_product2\" class=\"col-12 item_product active\">\n<div class=\"col-12 box_detail\">\n<div class=\"col-12 item_detail \"><\/div>\n<div class=\"col-12 item_detail item_dark \">\n<div class=\"col-6 item\">\n<div class=\"h3component section\">\n<div class=\"ms-tab-section tab-section-tabproductinfo_features\">\n<h3 id=\"sec_tabproductinfo_features\" class=\"tab-section-title\">Caracter\u00edsticas<\/h3>\n<\/div>\n<\/div>\n<div class=\"columncontrol section\">\n<div class=\"ms-row ms-row-flush\">\n<div class=\"ms-column ie-6 medium-6\">\n<div>\n<div class=\"richtexteditor parbase section\">\n<p><b>26 Canales<\/b><br \/>\nCon 26 canales, es f\u00e1cil encontrar un canal disponible.<\/p>\n<\/div>\n<div class=\"richtexteditor parbase section\">\n<p><b>Compatible con cualquier radio<br \/>\n<\/b>Puede comunicarse con otros radios FRS\/GMRS sin importar la marca si est\u00e1 en el mismo canal.<\/p>\n<\/div>\n<div class=\"richtexteditor parbase section\">\n<p><b>Alerta de bater\u00eda baja con luz intermitente<br \/>\n<\/b>Esta alerta con luz intermitente le notifica cuando las bater\u00edas est\u00e1n bajas<\/p>\n<\/div>\n<div class=\"richtexteditor parbase section\">\n<p><b>Bloqueo de teclado<br \/>\n<\/b>El bloqueo del teclado evita que sus configuraciones personalizadas se cambien por error.<\/p>\n<\/div>\n<div class=\"richtexteditor parbase section\">\n<p><b>El paquete del T110 incluye:\u00a0<\/b><br \/>\n\u2022 2 radios<br \/>\n\u2022 2 clips para cintur\u00f3n<br \/>\n\u2022 1\u00a0gu\u00eda del usuario<\/p>\n<\/div>\n<div class=\"ghost section\"><\/div>\n<div class=\"richtexteditor parbase section\">\n<p><i>Nota: El T110 utiliza 3 bater\u00edas AAA, que no est\u00e1n incluidas.<\/i><\/p>\n<\/div>\n<\/div>\n<\/div>\n<\/div>\n<\/div>\n<\/div>\n<\/div>\n<\/div>\n<\/div>\n<\/div>\n","protected":false},"excerpt":{"rendered":"<p>T-110 M\u00e1xima Conectividad para Vivir con Libertad Sencillo, f\u00e1cil, divertido. Para acampar, explorar, en la playa o simplemente jugar en<\/p>\n","protected":false},"featured_media":93236,"comment_status":"open","ping_status":"closed","template":"","meta":{"nf_dc_page":""},"product_brand":[1276],"product_cat":[89],"product_tag":[1277],"class_list":{"0":"post-81713","1":"product","2":"type-product","3":"status-publish","4":"has-post-thumbnail","6":"product_brand-motorola","7":"product_cat-electronicos","8":"product_tag-1277","10":"first","11":"instock","12":"shipping-taxable","13":"purchasable","14":"product-type-simple"},"_links":{"self":[{"href":"https:\/\/brandss.com.py\/index\/wp-json\/wp\/v2\/product\/81713","targetHints":{"allow":["GET"]}}],"collection":[{"href":"https:\/\/brandss.com.py\/index\/wp-json\/wp\/v2\/product"}],"about":[{"href":"https:\/\/brandss.com.py\/index\/wp-json\/wp\/v2\/types\/product"}],"replies":[{"embeddable":true,"href":"https:\/\/brandss.com.py\/index\/wp-json\/wp\/v2\/comments?post=81713"}],"version-history":[{"count":4,"href":"https:\/\/brandss.com.py\/index\/wp-json\/wp\/v2\/product\/81713\/revisions"}],"predecessor-version":[{"id":93243,"href":"https:\/\/brandss.com.py\/index\/wp-json\/wp\/v2\/product\/81713\/revisions\/93243"}],"wp:featuredmedia":[{"embeddable":true,"href":"https:\/\/brandss.com.py\/index\/wp-json\/wp\/v2\/media\/93236"}],"wp:attachment":[{"href":"https:\/\/brandss.com.py\/index\/wp-json\/wp\/v2\/media?parent=81713"}],"wp:term":[{"taxonomy":"product_brand","embeddable":true,"href":"https:\/\/brandss.com.py\/index\/wp-json\/wp\/v2\/product_brand?post=81713"},{"taxonomy":"product_cat","embeddable":true,"href":"https:\/\/brandss.com.py\/index\/wp-json\/wp\/v2\/product_cat?post=81713"},{"taxonomy":"product_tag","embeddable":true,"href":"https:\/\/brandss.com.py\/index\/wp-json\/wp\/v2\/product_tag?post=81713"}],"curies":[{"name":"wp","href":"https:\/\/api.w.org\/{rel}","templated":true}]}}