{"id":81727,"date":"2025-05-09T12:30:27","date_gmt":"2025-05-09T12:30:27","guid":{"rendered":"https:\/\/brandss.com.py\/index\/?post_type=product&#038;p=81727"},"modified":"2025-11-04T14:37:35","modified_gmt":"2025-11-04T14:37:35","slug":"radio-walk-talk-motorola-t-470-56km-22-canales-black-yellow","status":"publish","type":"product","link":"https:\/\/brandss.com.py\/index\/producto\/radio-walk-talk-motorola-t-470-56km-22-canales-black-yellow\/","title":{"rendered":"RADIO WALK TALK MOTOROLA T-470 56KM 22 CANALES BLACK\/YELLOW"},"content":{"rendered":"<p><img loading=\"lazy\" decoding=\"async\" class=\"\" src=\"https:\/\/cdn.freebiesupply.com\/logos\/large\/2x\/motorola-2-logo-png-transparent.png\" alt=\"Motorola Logo Png\" width=\"52\" height=\"52\" \/><\/p>\n<h1>T-470<\/h1>\n<p><b>Mant\u00e9ngase m\u00e1s seguro y conectado en entornos hostiles<\/b><\/p>\n<p>El TALKABOUT T-470 es el compa\u00f1ero de viajes que necesita. Con clasificaci\u00f3n IPX4, el T-470 es resistente a la intemperie y soporta todo tipo de entornos hostiles. Linterna LED integrada que le permite llegar adonde necesite aun en plena oscuridad.<\/p>\n<p>(\u00danicamente EE.UU. y Canad\u00e1) Y con la Carga Silenciosa, el T-470 continuar\u00e1 recibiendo alertas meteorol\u00f3gicas\/de emergencia de la Administraci\u00f3n Nacional Oce\u00e1nica y Atmosf\u00e9rica (NOAA) mientras mantiene las llamadas silenciosas durante la carga.<\/p>\n<p>Con un rango de hasta 35 millas* \/ (T470BR) 35 kil\u00f3metros* \/ (T470CO) 56 kil\u00f3metros* y la libertad de comunicarse de forma inal\u00e1mbrica, el T470 no lo demorar\u00e1 en sus tareas.<\/p>\n<div class=\"trix-content\">\n<div>La radio Motorola Talkabout T-470 es la compa\u00f1era de viaje que necesita. Con certificaci\u00f3n IPX4, la T-470 es resistente a la intemperie y puede soportar todo tipo de entornos hostiles. Linterna LED integrada que te permite llegar a donde necesites incluso en la oscuridad.<\/div>\n<div><\/div>\n<\/div>\n<h3>Caracter\u00edsticas<\/h3>\n<p><b>No requiere licencia<\/b><\/p>\n<p><span style=\"font-weight: 400\">No es necesario registrarlo. Puede utilizarlo inmediatamente y comenzar a explorar sin complicaciones.<\/span><\/p>\n<p>&nbsp;<\/p>\n<p><b>Resistente a la intemperie con la protecci\u00f3n IPX4<\/b><\/p>\n<p><span style=\"font-weight: 400\">Con el dise\u00f1o resistente a la intemperie IP54, el radio soporta los efectos de la lluvia, la nieve y otras condiciones clim\u00e1ticas.<\/span><\/p>\n<p>&nbsp;<\/p>\n<p><b>M\u00e1xima potencia para sus aventuras<\/b><\/p>\n<p><span style=\"font-weight: 400\">Hay dos maneras de potenciar su radio. Puede utilizar las bater\u00edas NiMH recargables incluidas para hasta 12 horas de autonom\u00eda. O 3 bater\u00edas AA para hasta 28 horas de pura potencia en movimiento. Hay tres maneras de cargar las bater\u00edas NiMH recargables. Puede conectar el cable micro-USB a un tomacorriente, al adaptador de su veh\u00edculo o a su computadora.<\/span><\/p>\n<p>&nbsp;<\/p>\n<p><b>Cable &#8220;Y&#8221; con doble conector micro-USB<\/b><\/p>\n<p><span style=\"font-weight: 400\">Con el cable &#8220;Y&#8221; con doble conector micro-USB, puede cargar dos radios a la vez.<\/span><\/p>\n<p>&nbsp;<\/p>\n<p><b>M\u00e1xima discreci\u00f3n<\/b><\/p>\n<p><span style=\"font-weight: 400\">En situaciones en las que el tono de llamada podr\u00eda molestar, puede utilizar la funci\u00f3n de alerta vibratoria.<\/span><\/p>\n<p>&nbsp;<\/p>\n<p><b>Comunicaci\u00f3n manos libres<\/b><\/p>\n<p><span style=\"font-weight: 400\">En pleno sendero empinado de monta\u00f1a con terreno rocoso, es fundamental que mantenga sus manos libres por cualquier eventualidad. Con iVOX funcionando como altavoz para comunicaci\u00f3n manos libres, puede seguir su camino sin tener que detenerse a atender una llamada.<\/span><\/p>\n<p>&nbsp;<\/p>\n<p><b>22 canales, 121 c\u00f3digos de privacidad<\/b><\/p>\n<p><span style=\"font-weight: 400\">Con 22 canales y 121 c\u00f3digos de privacidad, hay miles de combinaciones que facilitan la b\u00fasqueda de canales disponibles.<br \/>\n(T470BR 26 canales)<\/span><\/p>\n<p><b>Potencia extra cuando m\u00e1s la necesita<\/b><\/p>\n<p><span style=\"font-weight: 400\">Active PTT potenciado y ampl\u00ede el alcance de la transmisi\u00f3n aumentando la potencia de salida del transmisor, y ahorre bater\u00eda mientras no necesite la potencia adicional.<\/span><\/p>\n<p>&nbsp;<\/p>\n<p><b>B\u00fasqueda<\/b><\/p>\n<p><span style=\"font-weight: 400\">Emplee la funci\u00f3n de b\u00fasqueda para ver los canales que est\u00e1n siendo utilizados.<\/span><\/p>\n<p>&nbsp;<\/p>\n<p><b>Alerta de bater\u00eda baja<\/b><\/p>\n<p><span style=\"font-weight: 400\">Reciba una alerta cuando la carga de la bater\u00eda se est\u00e9 agotando.<\/span><\/p>\n<p>&nbsp;<\/p>\n<p><b>Bloqueo de teclado<\/b><\/p>\n<p><span style=\"font-weight: 400\">El bloqueo de teclado evita que cambie la configuraci\u00f3n de su equipo sin querer.<\/span><\/p>\n<p>&nbsp;<\/p>\n<p><b>Emparejamiento simplificado para llamadas de grupo<\/b><\/p>\n<p><span style=\"font-weight: 400\">Interconecte r\u00e1pidamente todos los radios de su grupo en un mismo canal y c\u00f3digo simult\u00e1neamente. Logre un trabajo colaborativo sin perder tiempo en preparativos.<\/span><\/p>\n<p>&nbsp;<\/p>\n<p><b>16 pegatinas para personalizaci\u00f3n<\/b><\/p>\n<p><span style=\"font-weight: 400\">Utilice las pegatinas provistas para personalizar y llevar un registro de sus radios. \u00bfQuiere agregar un toque m\u00e1s personal? Utilice un marcador permanente para las pegatinas en blanco y cree sus propios dise\u00f1os.<\/span><\/p>\n<h3>General<\/h3>\n<p><strong>Rango (condiciones \u00f3ptimas)<\/strong><\/p>\n<p>Rango de hasta 35 mi*<br \/>\nRango de hasta 35 km* (T470BR)<br \/>\nRango de hasta 56 km* (T470CO)<\/p>\n<p><strong>C\u00f3digos de privacidad<\/strong><\/p>\n<p>121<\/p>\n<p><strong>Canales<\/strong><\/p>\n<p>22<br \/>\n26 (T470BR)<\/p>\n<p><strong>Tonos de llamada<\/strong><\/p>\n<p>20 tonos de llamada<\/p>\n<p><strong>Autonom\u00eda de bater\u00eda<\/strong><\/p>\n<p>Hasta 12 horas utilizando la bater\u00eda NiMH de 800 mAh incluida<br \/>\nHasta 20 horas utilizando la bater\u00eda NiMH de 1300 mAh opcional<\/p>\n<p><strong>Dimensiones\u00a0<\/strong>(L x An x P)<\/p>\n<p>2,19 x 7,52 x 1,28 in<br \/>\n(5,56 x 19,1 x 3,25 cm)<\/p>\n<p><strong>Peso\u00a0<\/strong>(sin bater\u00eda)<\/p>\n<p>.30 lb<br \/>\n(0,136 Kg)<\/p>\n<p>*\u00bfQu\u00e9 alcance deber\u00eda esperar de mis radios?<\/p>\n<p>El alcance indicado para las comunicaciones se calcula en condiciones \u00f3ptimas, con l\u00ednea de vista libre.\u00a0 Su alcance real estar\u00e1 limitado por varios factores, incluidos, aunque sin car\u00e1cter restrictivo, el terreno, las condiciones clim\u00e1ticas, la interferencia electromagn\u00e9tica y obstrucciones de todo tipo.<\/p>\n<p><strong>Caracter\u00edsticas:<\/strong><br \/>\n&#8211; Clasificaci\u00f3n IP: IPX4.<br \/>\n&#8211; Alcance: hasta 56 km.<br \/>\n&#8211; Canales: 22 canales, cada uno con 121 c\u00f3digos de privacidad.<br \/>\n&#8211; Duraci\u00f3n de la bater\u00eda: 12 horas con bater\u00eda recargable y 28 horas con 3 pilas AA (no incluidas).<br \/>\n&#8211; Puerto de carga: Micro USB.<\/p>\n","protected":false},"excerpt":{"rendered":"<p>T-470 Mant\u00e9ngase m\u00e1s seguro y conectado en entornos hostiles El TALKABOUT T-470 es el compa\u00f1ero de viajes que necesita. Con<\/p>\n","protected":false},"featured_media":93247,"comment_status":"open","ping_status":"closed","template":"","meta":{"nf_dc_page":""},"product_brand":[1276],"product_cat":[89],"product_tag":[1279],"class_list":{"0":"post-81727","1":"product","2":"type-product","3":"status-publish","4":"has-post-thumbnail","6":"product_brand-motorola","7":"product_cat-electronicos","8":"product_tag-1279","10":"first","11":"instock","12":"sale","13":"shipping-taxable","14":"purchasable","15":"product-type-simple"},"_links":{"self":[{"href":"https:\/\/brandss.com.py\/index\/wp-json\/wp\/v2\/product\/81727","targetHints":{"allow":["GET"]}}],"collection":[{"href":"https:\/\/brandss.com.py\/index\/wp-json\/wp\/v2\/product"}],"about":[{"href":"https:\/\/brandss.com.py\/index\/wp-json\/wp\/v2\/types\/product"}],"replies":[{"embeddable":true,"href":"https:\/\/brandss.com.py\/index\/wp-json\/wp\/v2\/comments?post=81727"}],"version-history":[{"count":4,"href":"https:\/\/brandss.com.py\/index\/wp-json\/wp\/v2\/product\/81727\/revisions"}],"predecessor-version":[{"id":93255,"href":"https:\/\/brandss.com.py\/index\/wp-json\/wp\/v2\/product\/81727\/revisions\/93255"}],"wp:featuredmedia":[{"embeddable":true,"href":"https:\/\/brandss.com.py\/index\/wp-json\/wp\/v2\/media\/93247"}],"wp:attachment":[{"href":"https:\/\/brandss.com.py\/index\/wp-json\/wp\/v2\/media?parent=81727"}],"wp:term":[{"taxonomy":"product_brand","embeddable":true,"href":"https:\/\/brandss.com.py\/index\/wp-json\/wp\/v2\/product_brand?post=81727"},{"taxonomy":"product_cat","embeddable":true,"href":"https:\/\/brandss.com.py\/index\/wp-json\/wp\/v2\/product_cat?post=81727"},{"taxonomy":"product_tag","embeddable":true,"href":"https:\/\/brandss.com.py\/index\/wp-json\/wp\/v2\/product_tag?post=81727"}],"curies":[{"name":"wp","href":"https:\/\/api.w.org\/{rel}","templated":true}]}}